{"id":10160,"date":"2022-06-28T18:29:32","date_gmt":"2022-06-28T18:29:32","guid":{"rendered":"https:\/\/corumview.com\/?page_id=10160"},"modified":"2024-08-28T18:36:43","modified_gmt":"2024-08-28T18:36:43","slug":"serie-interieure-exterieure-dvw","status":"publish","type":"page","link":"https:\/\/corumview.com\/fr\/led-video-wall-display-products\/mobile-rental-led-displays\/dvw-indoor-outdoor-series\/","title":{"rendered":"S\u00e9rie int\u00e9rieure\/ext\u00e9rieure DVW"},"content":{"rendered":"<h6>Cr\u00e9ez une exp\u00e9rience vraiment immersive.<\/h6>\n<p>centre<\/p>\n<h1>\u00c9cran LED mobile\/de location S\u00e9rie int\u00e9rieure\/ext\u00e9rieure DVW<\/h1>\n<p><\/p>\n<h2>La s\u00e9rie de panneaux LED d&#039;int\u00e9rieur Corum View DVW fournit des visuels haute r\u00e9solution avec un pas de pixel aussi petit que 1,9 mm et une luminosit\u00e9 lisible au soleil de 1 000 nits. L&#039;entretien depuis l&#039;avant et l&#039;arri\u00e8re des panneaux facilite la maintenance. Cr\u00e9ez une exp\u00e9rience v\u00e9ritablement immersive avec la prise en charge de murs incurv\u00e9s avec des arcs int\u00e9rieurs allant jusqu&#039;\u00e0 12 degr\u00e9s et des arcs ext\u00e9rieurs de 3 degr\u00e9s. Parfait pour les salons professionnels, les \u00e9v\u00e9nements d&#039;entreprise, les magasins \u00e9ph\u00e9m\u00e8res, les concerts, les th\u00e9\u00e2tres, les lieux de culte et bien plus encore.<\/h2>\n<p>centre<\/p>\n<p><img decoding=\"async\" src=\"https:\/\/corumview.com\/wp-content\/uploads\/2022\/06\/dvw.png\" alt=\"Mur vid\u00e9o LED s\u00e9rie DVW\" \/><br \/>complet<br \/><a href=\"https:\/\/corumview.com\/fr\/products\/ecrans-led-fixes-dinterieur\/dvc-series\/\">https:\/\/corumview.com\/products\/indoor-fixed-led-displays\/dvc-series\/<\/a><br \/>d\u00e9sactiver<br \/>centre<\/p>\n<h4>Affichage LED mobile\/de location<\/h4>\n<p><\/p>\n<h3>S\u00e9rie DVW<\/h3>\n<p> \tPas de pixel de 1,9 mm \u00e0 2,6 mm<br \/>\n<br \/> \tTechnologie LED CMS<br \/>\n<br \/> \t1\u00a0000\u00a0nits<br \/>\n<br \/>\t \tSupport mural incurv\u00e9<\/p>\n<p>dvw<br \/>menu_order<br \/>DESC<br \/>centre<\/p>\n<p>10171,10172,10173,10174<br \/>4<br \/>vignette<\/p>\n<p><img decoding=\"async\" src=\"https:\/\/corumview.com\/wp-content\/uploads\/2022\/06\/Available-indoor-outdoor.jpg\" alt=\"Disponible-int\u00e9rieur-ext\u00e9rieur\" \/><br \/>complet<br \/>centre<\/p>\n<h3>Disponible pour les installations int\u00e9rieures et ext\u00e9rieures<\/h3>\n<p><\/p>\n<h4>IC de rafra\u00eechissement \u00e9lev\u00e9, 3840Hz<\/h4>\n<p>Titre + description<br \/>gauche<br \/>#ecf6ff<br \/>auto<br \/>#ecf6ff<br \/>8px 8px 8px 8px<\/p>\n<h3>Haute Protection<\/h3>\n<p><\/p>\n<h4>Garde d&#039;angle<\/h4>\n<p><\/p>\n<h4>Garde de base<\/h4>\n<p><\/p>\n<h4>Garde ligne de s\u00e9curit\u00e9<\/h4>\n<p><\/p>\n<h4>Joint \u00e9tanche pour connecteurs<br \/>\n<br \/>\t\t<\/h4>\n<p>Titre + description<br \/>gauche<br \/>#f5eff9<br \/>auto<br \/>#f5eff9<br \/>8px 8px 8px 8px<\/p>\n<p><img decoding=\"async\" src=\"https:\/\/corumview.com\/wp-content\/uploads\/2022\/06\/High-Protection-1.jpg\" alt=\"Protection de l&#039;\u00e9cran LED\" \/><br \/>complet<br \/>centre<\/p>\n<p><img decoding=\"async\" src=\"https:\/\/corumview.com\/wp-content\/uploads\/2022\/06\/interchangable.jpg\" alt=\"LED interchangeables\" \/><br \/>complet<br \/>centre<\/p>\n<h3>Panneaux de r\u00e9novation avec diff\u00e9rents modules de pas de pixel<\/h3>\n<p><\/p>\n<h4>Les panneaux LED peuvent \u00eatre modernis\u00e9s avec des modules de pas de pixel variables.<\/h4>\n<p>Titre + description<br \/>gauche<br \/>#ecf6ff<br \/>auto<br \/>#ecf6ff<br \/>8px 8px 8px 8px<\/p>\n<p>#h\u00e9eaea<\/p>\n<h3>SP\u00c9CIFICATIONS DU PRODUIT<\/h3>\n<p>Sp\u00e9cifications de la s\u00e9rie DVW<br \/><img decoding=\"async\" src=\"https:\/\/corumview.com\/wp-content\/uploads\/2022\/06\/dvw-specs.gif\" alt=\"\" \/><br \/>accord\u00e9on<br \/>#2a80c2<\/p>\n<p>#h\u00e9eaea<\/p>","protected":false},"excerpt":{"rendered":"<p><span class=\"excerpt-hellip\"> [\u2026]<\/span><\/p>\n","protected":false},"author":1,"featured_media":10162,"parent":145,"menu_order":0,"comment_status":"closed","ping_status":"closed","template":"","meta":{"footnotes":""},"class_list":["post-10160","page","type-page","status-publish","has-post-thumbnail","hentry"],"yoast_head":"<!-- This site is optimized with the Yoast SEO plugin v27.4 - https:\/\/yoast.com\/product\/yoast-seo-wordpress\/ -->\n<title>DVW Indoor\/Outdoor Series - Corum View<\/title>\n<meta name=\"description\" content=\"Create a truly immersive experience with support for curved walls with inner arcs as much as 12 degrees and outer arcs of 3 degrees.\" \/>\n<meta name=\"robots\" content=\"index, follow, max-snippet:-1, max-image-preview:large, max-video-preview:-1\" \/>\n<link rel=\"canonical\" href=\"https:\/\/corumview.com\/fr\/produits-daffichage-mural-video-a-led\/ecrans-led-mobiles-de-location\/serie-interieure-exterieure-dvw\/\" \/>\n<meta property=\"og:locale\" content=\"fr_CA\" \/>\n<meta property=\"og:type\" content=\"article\" \/>\n<meta property=\"og:title\" content=\"DVW Indoor\/Outdoor Series - Corum View\" \/>\n<meta property=\"og:description\" content=\"Create a truly immersive experience with support for curved walls with inner arcs as much as 12 degrees and outer arcs of 3 degrees.\" \/>\n<meta property=\"og:url\" content=\"https:\/\/corumview.com\/fr\/produits-daffichage-mural-video-a-led\/ecrans-led-mobiles-de-location\/serie-interieure-exterieure-dvw\/\" \/>\n<meta property=\"og:site_name\" content=\"Corum View\" \/>\n<meta property=\"article:publisher\" content=\"https:\/\/www.facebook.com\/people\/Corum-View\/100092176959933\/\" \/>\n<meta property=\"article:modified_time\" content=\"2024-08-28T18:36:43+00:00\" \/>\n<meta property=\"og:image\" content=\"https:\/\/corumview.com\/wp-content\/uploads\/2022\/06\/dvw.png\" \/>\n\t<meta property=\"og:image:width\" content=\"709\" \/>\n\t<meta property=\"og:image:height\" content=\"411\" \/>\n\t<meta property=\"og:image:type\" content=\"image\/png\" \/>\n<meta name=\"twitter:card\" content=\"summary_large_image\" \/>\n<meta name=\"twitter:site\" content=\"@CorumView\" \/>\n<meta name=\"twitter:label1\" content=\"Estimation du temps de lecture\" \/>\n\t<meta name=\"twitter:data1\" content=\"2 minutes\" \/>\n<script type=\"application\/ld+json\" class=\"yoast-schema-graph\">{\"@context\":\"https:\\\/\\\/schema.org\",\"@graph\":[{\"@type\":\"WebPage\",\"@id\":\"https:\\\/\\\/corumview.com\\\/led-video-wall-display-products\\\/mobile-rental-led-displays\\\/dvw-indoor-outdoor-series\\\/\",\"url\":\"https:\\\/\\\/corumview.com\\\/led-video-wall-display-products\\\/mobile-rental-led-displays\\\/dvw-indoor-outdoor-series\\\/\",\"name\":\"DVW Indoor\\\/Outdoor Series - Corum View\",\"isPartOf\":{\"@id\":\"https:\\\/\\\/corumview.com\\\/#website\"},\"primaryImageOfPage\":{\"@id\":\"https:\\\/\\\/corumview.com\\\/led-video-wall-display-products\\\/mobile-rental-led-displays\\\/dvw-indoor-outdoor-series\\\/#primaryimage\"},\"image\":{\"@id\":\"https:\\\/\\\/corumview.com\\\/led-video-wall-display-products\\\/mobile-rental-led-displays\\\/dvw-indoor-outdoor-series\\\/#primaryimage\"},\"thumbnailUrl\":\"https:\\\/\\\/corumview.com\\\/wp-content\\\/uploads\\\/2022\\\/06\\\/dvw.png\",\"datePublished\":\"2022-06-28T18:29:32+00:00\",\"dateModified\":\"2024-08-28T18:36:43+00:00\",\"description\":\"Create a truly immersive experience with support for curved walls with inner arcs as much as 12 degrees and outer arcs of 3 degrees.\",\"breadcrumb\":{\"@id\":\"https:\\\/\\\/corumview.com\\\/led-video-wall-display-products\\\/mobile-rental-led-displays\\\/dvw-indoor-outdoor-series\\\/#breadcrumb\"},\"inLanguage\":\"fr-CA\",\"potentialAction\":[{\"@type\":\"ReadAction\",\"target\":[\"https:\\\/\\\/corumview.com\\\/led-video-wall-display-products\\\/mobile-rental-led-displays\\\/dvw-indoor-outdoor-series\\\/\"]}]},{\"@type\":\"ImageObject\",\"inLanguage\":\"fr-CA\",\"@id\":\"https:\\\/\\\/corumview.com\\\/led-video-wall-display-products\\\/mobile-rental-led-displays\\\/dvw-indoor-outdoor-series\\\/#primaryimage\",\"url\":\"https:\\\/\\\/corumview.com\\\/wp-content\\\/uploads\\\/2022\\\/06\\\/dvw.png\",\"contentUrl\":\"https:\\\/\\\/corumview.com\\\/wp-content\\\/uploads\\\/2022\\\/06\\\/dvw.png\",\"width\":709,\"height\":411,\"caption\":\"LED Video Wall DVW Series\"},{\"@type\":\"BreadcrumbList\",\"@id\":\"https:\\\/\\\/corumview.com\\\/led-video-wall-display-products\\\/mobile-rental-led-displays\\\/dvw-indoor-outdoor-series\\\/#breadcrumb\",\"itemListElement\":[{\"@type\":\"ListItem\",\"position\":1,\"name\":\"Home\",\"item\":\"https:\\\/\\\/corumview.com\\\/\"},{\"@type\":\"ListItem\",\"position\":2,\"name\":\"Products\",\"item\":\"https:\\\/\\\/corumview.com\\\/led-video-wall-display-products\\\/\"},{\"@type\":\"ListItem\",\"position\":3,\"name\":\"Mobile Rental LED Displays\",\"item\":\"https:\\\/\\\/corumview.com\\\/led-video-wall-display-products\\\/mobile-rental-led-displays\\\/\"},{\"@type\":\"ListItem\",\"position\":4,\"name\":\"DVW Indoor\\\/Outdoor Series\"}]},{\"@type\":\"WebSite\",\"@id\":\"https:\\\/\\\/corumview.com\\\/#website\",\"url\":\"https:\\\/\\\/corumview.com\\\/\",\"name\":\"Corum View\",\"description\":\"Direct View LED Displays\",\"publisher\":{\"@id\":\"https:\\\/\\\/corumview.com\\\/#organization\"},\"potentialAction\":[{\"@type\":\"SearchAction\",\"target\":{\"@type\":\"EntryPoint\",\"urlTemplate\":\"https:\\\/\\\/corumview.com\\\/?s={search_term_string}\"},\"query-input\":{\"@type\":\"PropertyValueSpecification\",\"valueRequired\":true,\"valueName\":\"search_term_string\"}}],\"inLanguage\":\"fr-CA\"},{\"@type\":\"Organization\",\"@id\":\"https:\\\/\\\/corumview.com\\\/#organization\",\"name\":\"Corum View\",\"url\":\"https:\\\/\\\/corumview.com\\\/\",\"logo\":{\"@type\":\"ImageObject\",\"inLanguage\":\"fr-CA\",\"@id\":\"https:\\\/\\\/corumview.com\\\/#\\\/schema\\\/logo\\\/image\\\/\",\"url\":\"https:\\\/\\\/corumview.com\\\/wp-content\\\/uploads\\\/2022\\\/06\\\/cv-fav.jpg\",\"contentUrl\":\"https:\\\/\\\/corumview.com\\\/wp-content\\\/uploads\\\/2022\\\/06\\\/cv-fav.jpg\",\"width\":260,\"height\":260,\"caption\":\"Corum View\"},\"image\":{\"@id\":\"https:\\\/\\\/corumview.com\\\/#\\\/schema\\\/logo\\\/image\\\/\"},\"sameAs\":[\"https:\\\/\\\/www.facebook.com\\\/people\\\/Corum-View\\\/100092176959933\\\/\",\"https:\\\/\\\/x.com\\\/CorumView\",\"https:\\\/\\\/www.linkedin.com\\\/company\\\/corum-view\\\/\"]}]}<\/script>\n<!-- \/ Yoast SEO plugin. -->","yoast_head_json":{"title":"S\u00e9rie DVW int\u00e9rieure\/ext\u00e9rieure - Corum View","description":"Cr\u00e9ez une exp\u00e9rience v\u00e9ritablement immersive avec la prise en charge des murs courbes avec des arcs int\u00e9rieurs jusqu&#039;\u00e0 12 degr\u00e9s et des arcs ext\u00e9rieurs de 3 degr\u00e9s.","robots":{"index":"index","follow":"follow","max-snippet":"max-snippet:-1","max-image-preview":"max-image-preview:large","max-video-preview":"max-video-preview:-1"},"canonical":"https:\/\/corumview.com\/fr\/produits-daffichage-mural-video-a-led\/ecrans-led-mobiles-de-location\/serie-interieure-exterieure-dvw\/","og_locale":"fr_CA","og_type":"article","og_title":"DVW Indoor\/Outdoor Series - Corum View","og_description":"Create a truly immersive experience with support for curved walls with inner arcs as much as 12 degrees and outer arcs of 3 degrees.","og_url":"https:\/\/corumview.com\/fr\/produits-daffichage-mural-video-a-led\/ecrans-led-mobiles-de-location\/serie-interieure-exterieure-dvw\/","og_site_name":"Corum View","article_publisher":"https:\/\/www.facebook.com\/people\/Corum-View\/100092176959933\/","article_modified_time":"2024-08-28T18:36:43+00:00","og_image":[{"width":709,"height":411,"url":"https:\/\/corumview.com\/wp-content\/uploads\/2022\/06\/dvw.png","type":"image\/png"}],"twitter_card":"summary_large_image","twitter_site":"@CorumView","twitter_misc":{"Estimation du temps de lecture":"2 minutes"},"schema":{"@context":"https:\/\/schema.org","@graph":[{"@type":"WebPage","@id":"https:\/\/corumview.com\/led-video-wall-display-products\/mobile-rental-led-displays\/dvw-indoor-outdoor-series\/","url":"https:\/\/corumview.com\/led-video-wall-display-products\/mobile-rental-led-displays\/dvw-indoor-outdoor-series\/","name":"S\u00e9rie DVW int\u00e9rieure\/ext\u00e9rieure - Corum View","isPartOf":{"@id":"https:\/\/corumview.com\/#website"},"primaryImageOfPage":{"@id":"https:\/\/corumview.com\/led-video-wall-display-products\/mobile-rental-led-displays\/dvw-indoor-outdoor-series\/#primaryimage"},"image":{"@id":"https:\/\/corumview.com\/led-video-wall-display-products\/mobile-rental-led-displays\/dvw-indoor-outdoor-series\/#primaryimage"},"thumbnailUrl":"https:\/\/corumview.com\/wp-content\/uploads\/2022\/06\/dvw.png","datePublished":"2022-06-28T18:29:32+00:00","dateModified":"2024-08-28T18:36:43+00:00","description":"Cr\u00e9ez une exp\u00e9rience v\u00e9ritablement immersive avec la prise en charge des murs courbes avec des arcs int\u00e9rieurs jusqu&#039;\u00e0 12 degr\u00e9s et des arcs ext\u00e9rieurs de 3 degr\u00e9s.","breadcrumb":{"@id":"https:\/\/corumview.com\/led-video-wall-display-products\/mobile-rental-led-displays\/dvw-indoor-outdoor-series\/#breadcrumb"},"inLanguage":"fr-CA","potentialAction":[{"@type":"ReadAction","target":["https:\/\/corumview.com\/led-video-wall-display-products\/mobile-rental-led-displays\/dvw-indoor-outdoor-series\/"]}]},{"@type":"ImageObject","inLanguage":"fr-CA","@id":"https:\/\/corumview.com\/led-video-wall-display-products\/mobile-rental-led-displays\/dvw-indoor-outdoor-series\/#primaryimage","url":"https:\/\/corumview.com\/wp-content\/uploads\/2022\/06\/dvw.png","contentUrl":"https:\/\/corumview.com\/wp-content\/uploads\/2022\/06\/dvw.png","width":709,"height":411,"caption":"LED Video Wall DVW Series"},{"@type":"BreadcrumbList","@id":"https:\/\/corumview.com\/led-video-wall-display-products\/mobile-rental-led-displays\/dvw-indoor-outdoor-series\/#breadcrumb","itemListElement":[{"@type":"ListItem","position":1,"name":"Home","item":"https:\/\/corumview.com\/"},{"@type":"ListItem","position":2,"name":"Products","item":"https:\/\/corumview.com\/led-video-wall-display-products\/"},{"@type":"ListItem","position":3,"name":"Mobile Rental LED Displays","item":"https:\/\/corumview.com\/led-video-wall-display-products\/mobile-rental-led-displays\/"},{"@type":"ListItem","position":4,"name":"DVW Indoor\/Outdoor Series"}]},{"@type":"WebSite","@id":"https:\/\/corumview.com\/#website","url":"https:\/\/corumview.com\/","name":"Voir Corum","description":"Affichages LED \u00e0 vue directe","publisher":{"@id":"https:\/\/corumview.com\/#organization"},"potentialAction":[{"@type":"SearchAction","target":{"@type":"EntryPoint","urlTemplate":"https:\/\/corumview.com\/?s={search_term_string}"},"query-input":{"@type":"PropertyValueSpecification","valueRequired":true,"valueName":"search_term_string"}}],"inLanguage":"fr-CA"},{"@type":"Organization","@id":"https:\/\/corumview.com\/#organization","name":"Voir Corum","url":"https:\/\/corumview.com\/","logo":{"@type":"ImageObject","inLanguage":"fr-CA","@id":"https:\/\/corumview.com\/#\/schema\/logo\/image\/","url":"https:\/\/corumview.com\/wp-content\/uploads\/2022\/06\/cv-fav.jpg","contentUrl":"https:\/\/corumview.com\/wp-content\/uploads\/2022\/06\/cv-fav.jpg","width":260,"height":260,"caption":"Corum View"},"image":{"@id":"https:\/\/corumview.com\/#\/schema\/logo\/image\/"},"sameAs":["https:\/\/www.facebook.com\/people\/Corum-View\/100092176959933\/","https:\/\/x.com\/CorumView","https:\/\/www.linkedin.com\/company\/corum-view\/"]}]}},"_links":{"self":[{"href":"https:\/\/corumview.com\/fr\/wp-json\/wp\/v2\/pages\/10160","targetHints":{"allow":["GET"]}}],"collection":[{"href":"https:\/\/corumview.com\/fr\/wp-json\/wp\/v2\/pages"}],"about":[{"href":"https:\/\/corumview.com\/fr\/wp-json\/wp\/v2\/types\/page"}],"author":[{"embeddable":true,"href":"https:\/\/corumview.com\/fr\/wp-json\/wp\/v2\/users\/1"}],"replies":[{"embeddable":true,"href":"https:\/\/corumview.com\/fr\/wp-json\/wp\/v2\/comments?post=10160"}],"version-history":[{"count":2,"href":"https:\/\/corumview.com\/fr\/wp-json\/wp\/v2\/pages\/10160\/revisions"}],"predecessor-version":[{"id":10236,"href":"https:\/\/corumview.com\/fr\/wp-json\/wp\/v2\/pages\/10160\/revisions\/10236"}],"up":[{"embeddable":true,"href":"https:\/\/corumview.com\/fr\/wp-json\/wp\/v2\/pages\/145"}],"wp:featuredmedia":[{"embeddable":true,"href":"https:\/\/corumview.com\/fr\/wp-json\/wp\/v2\/media\/10162"}],"wp:attachment":[{"href":"https:\/\/corumview.com\/fr\/wp-json\/wp\/v2\/media?parent=10160"}],"curies":[{"name":"wp","href":"https:\/\/api.w.org\/{rel}","templated":true}]}}