{"id":10314,"date":"2022-11-25T18:48:24","date_gmt":"2022-11-25T18:48:24","guid":{"rendered":"https:\/\/corumview.com\/?page_id=10314"},"modified":"2023-08-04T18:17:23","modified_gmt":"2023-08-04T18:17:23","slug":"dvm-transparent","status":"publish","type":"page","link":"https:\/\/corumview.com\/fr\/led-video-wall-display-products\/indoor-fixed-led-displays\/dvm-transparent\/","title":{"rendered":"DVM transparent"},"content":{"rendered":"<h6>\u00c9cran transparent l\u00e9ger.<\/h6>\n<p>centre<\/p>\n<h1>LED d&#039;int\u00e9rieur transparente \u2013 S\u00e9rie DVM<\/h1>\n<h2>Structure en profil\u00e9 d&#039;aluminium, conception ultra l\u00e9g\u00e8re et installation rapide<\/h2>\n<p>centre<\/p>\n<p>10687,10688,10689<br \/>moyen<br \/>3<\/p>\n<p><img decoding=\"async\" src=\"https:\/\/corumview.com\/wp-content\/uploads\/2023\/08\/Visual-Angle-Range.webp\" alt=\"Port\u00e9e de l&#039;angle visuel\" \/><br \/>complet<br \/>centre<\/p>\n<h3>La transparence est \u00e9tendue en raison de la large plage d&#039;angles visuels, qui r\u00e9sulte de l&#039;\u00e9paisseur du PCB de seulement 1,6 mm.<\/h3>\n<h4>Utilisant l&#039;encapsulation de billes de lampe standard 1921 et pr\u00e9sentant une \u00e9paisseur de seulement 1,6 mm, le PCB pr\u00e9sente une transparence consid\u00e9rablement am\u00e9lior\u00e9e dans les sc\u00e9narios d&#039;utilisation r\u00e9els. Ce taux de transparence est nettement plus \u00e9lev\u00e9 lorsqu&#039;on le regarde sous un angle vers le bas, contrairement \u00e0 la structure de conception \u00e0 \u00e9mission de lumi\u00e8re lat\u00e9rale (avec une \u00e9paisseur de PCB de 8 mm).<\/h4>\n<p>Titre + description<br \/>gauche<br \/>#ecf6ff<br \/>auto<br \/>#ecf6ff<br \/>8px 8px 8px 8px<\/p>\n<h3>Esth\u00e9tique attrayante<\/h3>\n<h4>Il permet une installation en hauteur, un montage mural et une installation sur base.<\/h4>\n<h4>Dot\u00e9e d&#039;un design complexe et distinctif, cette structure offre la flexibilit\u00e9 des installations sur\u00e9lev\u00e9es, murales et au sol, r\u00e9pondant aux pr\u00e9f\u00e9rences des clients en termes d&#039;esth\u00e9tique et d&#039;options de configuration.<\/h4>\n<p>Titre + description<br \/>gauche<br \/>#f5eff9<br \/>auto<br \/>#f5eff9<br \/>8px 8px 8px 8px<\/p>\n<p><img decoding=\"async\" src=\"https:\/\/corumview.com\/wp-content\/uploads\/2023\/08\/Beautiful-Appearance.webp\" alt=\"Belle apparence\" \/><br \/>complet<br \/>centre<\/p>\n<p><img decoding=\"async\" src=\"https:\/\/corumview.com\/wp-content\/uploads\/2023\/08\/High-brightness.webp\" alt=\"Haute luminosit\u00e9\" \/><br \/>complet<br \/>centre<\/p>\n<h3>Luminance impressionnante et qualit\u00e9 d\u2019affichage exceptionnelle, avec un niveau de luminosit\u00e9 de 4 500 nits.<\/h3>\n<h4>D\u00e9passant les 4 500 nits de luminosit\u00e9, il r\u00e9pond aux exigences des vitrines de magasins, tandis que le taux de rafra\u00eechissement de 3 940 Hz garantit des performances visuelles remarquables.<\/h4>\n<p>Titre + description<br \/>gauche<br \/>#ecf6ff<br \/>auto<br \/>#ecf6ff<br \/>8px 8px 8px 8px<\/p>\n<h3>Tr\u00e8s portable et remarquablement pratique pour l&#039;installation et l&#039;entretien, chaque m\u00e8tre carr\u00e9 p\u00e8se moins de 11 kg.<\/h3>\n<h4>B\u00e9n\u00e9ficiant d&#039;une construction en aluminium et d&#039;un profil ultra \u00e9l\u00e9gant, la variante 500 x 1 000 mm ne p\u00e8se que 5 kg, facilitant les t\u00e2ches d&#039;installation et de maintenance sans effort r\u00e9alisables par une seule personne.<\/h4>\n<p>Titre + description<br \/>gauche<br \/>#f5eff9<br \/>auto<br \/>#f5eff9<br \/>8px 8px 8px 8px<\/p>\n<p><img decoding=\"async\" src=\"https:\/\/corumview.com\/wp-content\/uploads\/2023\/08\/weight.webp\" alt=\"poids\" \/><br \/>complet<br \/>centre<\/p>\n<p>#h\u00e9eaea<\/p>\n<h3>SP\u00c9CIFICATIONS DU PRODUIT<\/h3>\n<p>Sp\u00e9cifications de la s\u00e9rie DVM<br \/><img decoding=\"async\" src=\"https:\/\/corumview.com\/wp-content\/uploads\/2023\/08\/DVM-specs.webp\" alt=\"\" \/><br \/>accord\u00e9on<br \/>#2a80c2<\/p>\n<p>#h\u00e9eaea<\/p>","protected":false},"excerpt":{"rendered":"<p><span class=\"excerpt-hellip\"> [\u2026]<\/span><\/p>\n","protected":false},"author":1,"featured_media":0,"parent":139,"menu_order":0,"comment_status":"closed","ping_status":"closed","template":"","meta":{"footnotes":""},"class_list":["post-10314","page","type-page","status-publish","hentry"],"yoast_head":"<!-- This site is optimized with the Yoast SEO plugin v27.4 - https:\/\/yoast.com\/product\/yoast-seo-wordpress\/ -->\n<title>Transparent Mesh LED - DVM Series<\/title>\n<meta name=\"description\" content=\"Super-lightweight design, and quick installation; the light bar is used with quite narrow design, with the transparency rate up to 68%\" \/>\n<meta name=\"robots\" content=\"index, follow, max-snippet:-1, max-image-preview:large, max-video-preview:-1\" \/>\n<link rel=\"canonical\" href=\"https:\/\/corumview.com\/fr\/produits-daffichage-mural-video-a-led\/ecrans-led-fixes-dinterieur\/dvm-transparent\/\" \/>\n<meta property=\"og:locale\" content=\"fr_CA\" \/>\n<meta property=\"og:type\" content=\"article\" \/>\n<meta property=\"og:title\" content=\"Transparent Mesh LED - DVM Series\" \/>\n<meta property=\"og:description\" content=\"Super-lightweight design, and quick installation; the light bar is used with quite narrow design, with the transparency rate up to 68%\" \/>\n<meta property=\"og:url\" content=\"https:\/\/corumview.com\/fr\/produits-daffichage-mural-video-a-led\/ecrans-led-fixes-dinterieur\/dvm-transparent\/\" \/>\n<meta property=\"og:site_name\" content=\"Corum View\" \/>\n<meta property=\"article:publisher\" content=\"https:\/\/www.facebook.com\/people\/Corum-View\/100092176959933\/\" \/>\n<meta property=\"article:modified_time\" content=\"2023-08-04T18:17:23+00:00\" \/>\n<meta property=\"og:image\" content=\"https:\/\/corumview.com\/wp-content\/uploads\/2023\/08\/Visual-Angle-Range.webp\" \/>\n<meta name=\"twitter:card\" content=\"summary_large_image\" \/>\n<meta name=\"twitter:site\" content=\"@CorumView\" \/>\n<meta name=\"twitter:label1\" content=\"Estimation du temps de lecture\" \/>\n\t<meta name=\"twitter:data1\" content=\"2 minutes\" \/>\n<script type=\"application\/ld+json\" class=\"yoast-schema-graph\">{\"@context\":\"https:\\\/\\\/schema.org\",\"@graph\":[{\"@type\":\"WebPage\",\"@id\":\"https:\\\/\\\/corumview.com\\\/led-video-wall-display-products\\\/indoor-fixed-led-displays\\\/dvm-transparent\\\/\",\"url\":\"https:\\\/\\\/corumview.com\\\/led-video-wall-display-products\\\/indoor-fixed-led-displays\\\/dvm-transparent\\\/\",\"name\":\"Transparent Mesh LED - DVM Series\",\"isPartOf\":{\"@id\":\"https:\\\/\\\/corumview.com\\\/#website\"},\"primaryImageOfPage\":{\"@id\":\"https:\\\/\\\/corumview.com\\\/led-video-wall-display-products\\\/indoor-fixed-led-displays\\\/dvm-transparent\\\/#primaryimage\"},\"image\":{\"@id\":\"https:\\\/\\\/corumview.com\\\/led-video-wall-display-products\\\/indoor-fixed-led-displays\\\/dvm-transparent\\\/#primaryimage\"},\"thumbnailUrl\":\"https:\\\/\\\/corumview.com\\\/wp-content\\\/uploads\\\/2023\\\/08\\\/Visual-Angle-Range.webp\",\"datePublished\":\"2022-11-25T18:48:24+00:00\",\"dateModified\":\"2023-08-04T18:17:23+00:00\",\"description\":\"Super-lightweight design, and quick installation; the light bar is used with quite narrow design, with the transparency rate up to 68%\",\"breadcrumb\":{\"@id\":\"https:\\\/\\\/corumview.com\\\/led-video-wall-display-products\\\/indoor-fixed-led-displays\\\/dvm-transparent\\\/#breadcrumb\"},\"inLanguage\":\"fr-CA\",\"potentialAction\":[{\"@type\":\"ReadAction\",\"target\":[\"https:\\\/\\\/corumview.com\\\/led-video-wall-display-products\\\/indoor-fixed-led-displays\\\/dvm-transparent\\\/\"]}]},{\"@type\":\"ImageObject\",\"inLanguage\":\"fr-CA\",\"@id\":\"https:\\\/\\\/corumview.com\\\/led-video-wall-display-products\\\/indoor-fixed-led-displays\\\/dvm-transparent\\\/#primaryimage\",\"url\":\"https:\\\/\\\/corumview.com\\\/wp-content\\\/uploads\\\/2023\\\/08\\\/Visual-Angle-Range.webp\",\"contentUrl\":\"https:\\\/\\\/corumview.com\\\/wp-content\\\/uploads\\\/2023\\\/08\\\/Visual-Angle-Range.webp\"},{\"@type\":\"BreadcrumbList\",\"@id\":\"https:\\\/\\\/corumview.com\\\/led-video-wall-display-products\\\/indoor-fixed-led-displays\\\/dvm-transparent\\\/#breadcrumb\",\"itemListElement\":[{\"@type\":\"ListItem\",\"position\":1,\"name\":\"Home\",\"item\":\"https:\\\/\\\/corumview.com\\\/\"},{\"@type\":\"ListItem\",\"position\":2,\"name\":\"Products\",\"item\":\"https:\\\/\\\/corumview.com\\\/led-video-wall-display-products\\\/\"},{\"@type\":\"ListItem\",\"position\":3,\"name\":\"Indoor Fixed LED Displays\",\"item\":\"https:\\\/\\\/corumview.com\\\/led-video-wall-display-products\\\/indoor-fixed-led-displays\\\/\"},{\"@type\":\"ListItem\",\"position\":4,\"name\":\"DVM Transparent\"}]},{\"@type\":\"WebSite\",\"@id\":\"https:\\\/\\\/corumview.com\\\/#website\",\"url\":\"https:\\\/\\\/corumview.com\\\/\",\"name\":\"Corum View\",\"description\":\"Direct View LED Displays\",\"publisher\":{\"@id\":\"https:\\\/\\\/corumview.com\\\/#organization\"},\"potentialAction\":[{\"@type\":\"SearchAction\",\"target\":{\"@type\":\"EntryPoint\",\"urlTemplate\":\"https:\\\/\\\/corumview.com\\\/?s={search_term_string}\"},\"query-input\":{\"@type\":\"PropertyValueSpecification\",\"valueRequired\":true,\"valueName\":\"search_term_string\"}}],\"inLanguage\":\"fr-CA\"},{\"@type\":\"Organization\",\"@id\":\"https:\\\/\\\/corumview.com\\\/#organization\",\"name\":\"Corum View\",\"url\":\"https:\\\/\\\/corumview.com\\\/\",\"logo\":{\"@type\":\"ImageObject\",\"inLanguage\":\"fr-CA\",\"@id\":\"https:\\\/\\\/corumview.com\\\/#\\\/schema\\\/logo\\\/image\\\/\",\"url\":\"https:\\\/\\\/corumview.com\\\/wp-content\\\/uploads\\\/2022\\\/06\\\/cv-fav.jpg\",\"contentUrl\":\"https:\\\/\\\/corumview.com\\\/wp-content\\\/uploads\\\/2022\\\/06\\\/cv-fav.jpg\",\"width\":260,\"height\":260,\"caption\":\"Corum View\"},\"image\":{\"@id\":\"https:\\\/\\\/corumview.com\\\/#\\\/schema\\\/logo\\\/image\\\/\"},\"sameAs\":[\"https:\\\/\\\/www.facebook.com\\\/people\\\/Corum-View\\\/100092176959933\\\/\",\"https:\\\/\\\/x.com\\\/CorumView\",\"https:\\\/\\\/www.linkedin.com\\\/company\\\/corum-view\\\/\"]}]}<\/script>\n<!-- \/ Yoast SEO plugin. -->","yoast_head_json":{"title":"LED transparente en maille - S\u00e9rie DVM","description":"Conception ultra-l\u00e9g\u00e8re et installation rapide ; la barre lumineuse est utilis\u00e9e avec une conception assez \u00e9troite, avec un taux de transparence jusqu&#039;\u00e0 68%","robots":{"index":"index","follow":"follow","max-snippet":"max-snippet:-1","max-image-preview":"max-image-preview:large","max-video-preview":"max-video-preview:-1"},"canonical":"https:\/\/corumview.com\/fr\/produits-daffichage-mural-video-a-led\/ecrans-led-fixes-dinterieur\/dvm-transparent\/","og_locale":"fr_CA","og_type":"article","og_title":"Transparent Mesh LED - DVM Series","og_description":"Super-lightweight design, and quick installation; the light bar is used with quite narrow design, with the transparency rate up to 68%","og_url":"https:\/\/corumview.com\/fr\/produits-daffichage-mural-video-a-led\/ecrans-led-fixes-dinterieur\/dvm-transparent\/","og_site_name":"Corum View","article_publisher":"https:\/\/www.facebook.com\/people\/Corum-View\/100092176959933\/","article_modified_time":"2023-08-04T18:17:23+00:00","og_image":[{"url":"https:\/\/corumview.com\/wp-content\/uploads\/2023\/08\/Visual-Angle-Range.webp","type":"","width":"","height":""}],"twitter_card":"summary_large_image","twitter_site":"@CorumView","twitter_misc":{"Estimation du temps de lecture":"2 minutes"},"schema":{"@context":"https:\/\/schema.org","@graph":[{"@type":"WebPage","@id":"https:\/\/corumview.com\/led-video-wall-display-products\/indoor-fixed-led-displays\/dvm-transparent\/","url":"https:\/\/corumview.com\/led-video-wall-display-products\/indoor-fixed-led-displays\/dvm-transparent\/","name":"LED transparente en maille - S\u00e9rie DVM","isPartOf":{"@id":"https:\/\/corumview.com\/#website"},"primaryImageOfPage":{"@id":"https:\/\/corumview.com\/led-video-wall-display-products\/indoor-fixed-led-displays\/dvm-transparent\/#primaryimage"},"image":{"@id":"https:\/\/corumview.com\/led-video-wall-display-products\/indoor-fixed-led-displays\/dvm-transparent\/#primaryimage"},"thumbnailUrl":"https:\/\/corumview.com\/wp-content\/uploads\/2023\/08\/Visual-Angle-Range.webp","datePublished":"2022-11-25T18:48:24+00:00","dateModified":"2023-08-04T18:17:23+00:00","description":"Conception ultra-l\u00e9g\u00e8re et installation rapide ; la barre lumineuse est utilis\u00e9e avec une conception assez \u00e9troite, avec un taux de transparence jusqu&#039;\u00e0 68%","breadcrumb":{"@id":"https:\/\/corumview.com\/led-video-wall-display-products\/indoor-fixed-led-displays\/dvm-transparent\/#breadcrumb"},"inLanguage":"fr-CA","potentialAction":[{"@type":"ReadAction","target":["https:\/\/corumview.com\/led-video-wall-display-products\/indoor-fixed-led-displays\/dvm-transparent\/"]}]},{"@type":"ImageObject","inLanguage":"fr-CA","@id":"https:\/\/corumview.com\/led-video-wall-display-products\/indoor-fixed-led-displays\/dvm-transparent\/#primaryimage","url":"https:\/\/corumview.com\/wp-content\/uploads\/2023\/08\/Visual-Angle-Range.webp","contentUrl":"https:\/\/corumview.com\/wp-content\/uploads\/2023\/08\/Visual-Angle-Range.webp"},{"@type":"BreadcrumbList","@id":"https:\/\/corumview.com\/led-video-wall-display-products\/indoor-fixed-led-displays\/dvm-transparent\/#breadcrumb","itemListElement":[{"@type":"ListItem","position":1,"name":"Home","item":"https:\/\/corumview.com\/"},{"@type":"ListItem","position":2,"name":"Products","item":"https:\/\/corumview.com\/led-video-wall-display-products\/"},{"@type":"ListItem","position":3,"name":"Indoor Fixed LED Displays","item":"https:\/\/corumview.com\/led-video-wall-display-products\/indoor-fixed-led-displays\/"},{"@type":"ListItem","position":4,"name":"DVM Transparent"}]},{"@type":"WebSite","@id":"https:\/\/corumview.com\/#website","url":"https:\/\/corumview.com\/","name":"Voir Corum","description":"Affichages LED \u00e0 vue directe","publisher":{"@id":"https:\/\/corumview.com\/#organization"},"potentialAction":[{"@type":"SearchAction","target":{"@type":"EntryPoint","urlTemplate":"https:\/\/corumview.com\/?s={search_term_string}"},"query-input":{"@type":"PropertyValueSpecification","valueRequired":true,"valueName":"search_term_string"}}],"inLanguage":"fr-CA"},{"@type":"Organization","@id":"https:\/\/corumview.com\/#organization","name":"Voir Corum","url":"https:\/\/corumview.com\/","logo":{"@type":"ImageObject","inLanguage":"fr-CA","@id":"https:\/\/corumview.com\/#\/schema\/logo\/image\/","url":"https:\/\/corumview.com\/wp-content\/uploads\/2022\/06\/cv-fav.jpg","contentUrl":"https:\/\/corumview.com\/wp-content\/uploads\/2022\/06\/cv-fav.jpg","width":260,"height":260,"caption":"Corum View"},"image":{"@id":"https:\/\/corumview.com\/#\/schema\/logo\/image\/"},"sameAs":["https:\/\/www.facebook.com\/people\/Corum-View\/100092176959933\/","https:\/\/x.com\/CorumView","https:\/\/www.linkedin.com\/company\/corum-view\/"]}]}},"_links":{"self":[{"href":"https:\/\/corumview.com\/fr\/wp-json\/wp\/v2\/pages\/10314","targetHints":{"allow":["GET"]}}],"collection":[{"href":"https:\/\/corumview.com\/fr\/wp-json\/wp\/v2\/pages"}],"about":[{"href":"https:\/\/corumview.com\/fr\/wp-json\/wp\/v2\/types\/page"}],"author":[{"embeddable":true,"href":"https:\/\/corumview.com\/fr\/wp-json\/wp\/v2\/users\/1"}],"replies":[{"embeddable":true,"href":"https:\/\/corumview.com\/fr\/wp-json\/wp\/v2\/comments?post=10314"}],"version-history":[{"count":6,"href":"https:\/\/corumview.com\/fr\/wp-json\/wp\/v2\/pages\/10314\/revisions"}],"predecessor-version":[{"id":10697,"href":"https:\/\/corumview.com\/fr\/wp-json\/wp\/v2\/pages\/10314\/revisions\/10697"}],"up":[{"embeddable":true,"href":"https:\/\/corumview.com\/fr\/wp-json\/wp\/v2\/pages\/139"}],"wp:attachment":[{"href":"https:\/\/corumview.com\/fr\/wp-json\/wp\/v2\/media?parent=10314"}],"curies":[{"name":"wp","href":"https:\/\/api.w.org\/{rel}","templated":true}]}}