{"id":10974,"date":"2024-08-28T15:10:54","date_gmt":"2024-08-28T15:10:54","guid":{"rendered":"https:\/\/corumview.com\/?page_id=10974"},"modified":"2024-08-28T19:55:39","modified_gmt":"2024-08-28T19:55:39","slug":"serie-dvx","status":"publish","type":"page","link":"https:\/\/corumview.com\/fr\/led-video-wall-display-products\/indoor-fixed-led-displays\/dvx-series\/","title":{"rendered":"S\u00e9rie DVX"},"content":{"rendered":"<h6>D\u00e9couvrez les solutions LED de la s\u00e9rie DVX qui red\u00e9finissent la brillance et l&#039;efficacit\u00e9.<\/h6>\n<p>centre<\/p>\n<h1>\u00c9cran LED fixe d&#039;int\u00e9rieur \u2013 S\u00e9rie DVX<\/h1>\n<h4>1,95 mm\/2,4 mm\/2,9 mm\/3,91 mm\/5,95 mm<\/h4>\n<h2>Con\u00e7ue pour des performances sup\u00e9rieures, la s\u00e9rie DVX offre une luminosit\u00e9, une efficacit\u00e9 \u00e9nerg\u00e9tique et une durabilit\u00e9 exceptionnelles, ce qui la rend parfaite pour une communication audacieuse dans une vari\u00e9t\u00e9 de contextes. Des atriums et espaces de vente au d\u00e9tail aux entrep\u00f4ts, ar\u00e8nes, lieux d&#039;accueil, centres de divertissement, restaurants et lieux de culte, la s\u00e9rie X excelle \u00e9galement dans la transformation num\u00e9rique des tableaux d&#039;affichage des gymnases et au-del\u00e0. D\u00e9couvrez comment nos solutions LED avanc\u00e9es peuvent \u00e9lever vos projets avec une pr\u00e9cision et une clart\u00e9 in\u00e9gal\u00e9es.<\/h2>\n<p>centre<\/p>\n<p><img decoding=\"async\" src=\"https:\/\/corumview.com\/wp-content\/uploads\/2024\/08\/DVX-Series-LED-Video-Wall-1-2.webp#10987\" alt=\"\" \/><br \/>complet<br \/>d\u00e9sactiver<br \/>centre<\/p>\n<h4>Affichage LED fixe d&#039;int\u00e9rieur<\/h4>\n<h3>S\u00e9rie DVX<\/h3>\n<h4>Pas de pixel : 1,95 mm\/2,4 mm\/2,9 mm\/3,91 mm\/5,95 mm<\/h4>\n<p>Adaptabilit\u00e9 polyvalenteProtection robusteCapacit\u00e9 de r\u00e9glage sur 6 axesOptions d&#039;installation adaptablesCompatibilit\u00e9 de la plate-formeQualit\u00e9 d&#039;affichage sup\u00e9rieurePerformances de plan\u00e9it\u00e9 homog\u00e8nes<\/p>\n<p>galerie dvs<br \/>menu_order<br \/>DESC<br \/>centre<\/p>\n<p>10978,10979,10976<br \/>vignette<br \/>4<\/p>\n<p><img decoding=\"async\" src=\"https:\/\/corumview.com\/wp-content\/uploads\/2024\/08\/DVX-Series-LED-Display-Performance.webp#10980\" alt=\"Performances de l&#039;\u00e9cran LED de la s\u00e9rie DVX\" \/><br \/>complet<br \/>centre<\/p>\n<h3>Qualit\u00e9 d&#039;affichage exceptionnelle<\/h3>\n<h4>Haute luminosit\u00e9, int\u00e9rieur 1000-1200nit (X19 800-1000nit),<\/h4>\n<h4>semi-ext\u00e9rieur 4000nit (X19 3500nit),<\/h4>\n<h4>rafra\u00eechissement \u00e9lev\u00e9\u00a0: &gt;\u00a03\u00a0840\u00a0Hz, \u00e9chelle de gris \u00e9lev\u00e9e,<\/h4>\n<h4>une faible luminosit\u00e9 n&#039;affecte toujours pas l&#039;effet d&#039;affichage.<\/h4>\n<p>Titre + description<br \/>gauche<br \/>#ecf6ff<br \/>auto<br \/>#ecf6ff<br \/>8px 8px 8px 8px<\/p>\n<h3>Durabilit\u00e9 am\u00e9lior\u00e9e<\/h3>\n<h4>La protection triple couche minimise consid\u00e9rablement les taux de d\u00e9faillance des billes de lampe pendant le fonctionnement de l&#039;\u00e9cran.<\/h4>\n<p>Titre + description<br \/>gauche<br \/>#f5eff9<br \/>auto<br \/>#f5eff9<br \/>8px 8px 8px 8px<\/p>\n<p><img decoding=\"async\" src=\"https:\/\/corumview.com\/wp-content\/uploads\/2024\/08\/DVX-Series-LED-Video-Wall-High-Protection.webp#10981\" alt=\"Mur vid\u00e9o LED haute protection s\u00e9rie DVX\" \/><br \/>complet<br \/>centre<\/p>\n<p><img decoding=\"async\" src=\"https:\/\/corumview.com\/wp-content\/uploads\/2024\/08\/DVX-Series-LED-Smooth-performance.webp#10982\" alt=\"LED de la s\u00e9rie DVX, performances fluides\" \/><br \/>complet<br \/>centre<\/p>\n<h3>Performance de plan\u00e9it\u00e9 constante<\/h3>\n<h4>Positionnement triangulaire distinctif et stable<\/h4>\n<h4>Distribution uniforme des aimants<\/h4>\n<h4>22 points de soutien<\/h4>\n<p>Titre + description<br \/>gauche<br \/>#ecf6ff<br \/>auto<br \/>#ecf6ff<br \/>8px 8px 8px 8px<\/p>\n<h3>Conception flexible<\/h3>\n<h4>Configuration flexible : six armoires diff\u00e9rentes peuvent \u00eatre combin\u00e9es de mani\u00e8re transparente pour des installations polyvalentes avec un espacement de 250 mm.<\/h4>\n<h4>Angle pr\u00e9cis : r\u00e9alisez facilement une \u00e9pissure \u00e0 90 degr\u00e9s sur 4 c\u00f4t\u00e9s.<\/h4>\n<p>Titre + description<br \/>gauche<br \/>#f5eff9<br \/>auto<br \/>#f5eff9<br \/>8px 8px 8px 8px<\/p>\n<p><img decoding=\"async\" src=\"https:\/\/corumview.com\/wp-content\/uploads\/2024\/08\/DVX-Series-LED-Video-Wall-Flexibility.webp#10983\" alt=\"Flexibilit\u00e9 du mur vid\u00e9o LED de la s\u00e9rie DVX\" \/><br \/>complet<br \/>centre<\/p>\n<p><img decoding=\"async\" src=\"https:\/\/corumview.com\/wp-content\/uploads\/2024\/08\/DVX-Series-Compatible-Platform-Design.webp#10984\" alt=\"Conception de plate-forme compatible avec la s\u00e9rie DVX\" \/><br \/>complet<br \/>centre<\/p>\n<h3>Conception compatible avec la plateforme<\/h3>\n<h4>Conception modulaire : aucune distinction A\/B pour un rangement et un assemblage faciles des armoires.<\/h4>\n<h4>Modules interchangeables : \u00e9changez facilement les modules \u00e0 diff\u00e9rents moments pour un stockage par lots efficace.<\/h4>\n<p>Titre + description<br \/>gauche<br \/>#ecf6ff<br \/>auto<br \/>#ecf6ff<br \/>8px 8px 8px 8px<\/p>\n<h3>Capacit\u00e9 de r\u00e9glage sur 6 axes<\/h3>\n<h4>Fonction de r\u00e9glage sur 6 axes : ajustez la luminosit\u00e9, le contraste et la plan\u00e9it\u00e9 selon vos besoins pour un alignement pr\u00e9cis et des performances d&#039;affichage optimales.<\/h4>\n<p>Titre + description<br \/>gauche<br \/>#f5eff9<br \/>auto<br \/>#f5eff9<br \/>8px 8px 8px 8px<\/p>\n<p><img decoding=\"async\" src=\"https:\/\/corumview.com\/wp-content\/uploads\/2024\/08\/DVX-Series-LED-Video-Wall-Flexibility.webp#10983\" alt=\"Flexibilit\u00e9 du mur vid\u00e9o LED de la s\u00e9rie DVX\" \/><br \/>complet<br \/>centre<\/p>\n<p><img decoding=\"async\" src=\"https:\/\/corumview.com\/wp-content\/uploads\/2024\/08\/DVX-Series-LED-Video-Wall-mounting-installation.webp#10985\" alt=\"Installation du montage du mur vid\u00e9o LED de la s\u00e9rie DVX\" \/><br \/>complet<br \/>centre<\/p>\n<h3>Options d&#039;installation polyvalentes<\/h3>\n<h4>C\u00e2blage interne : permet une installation murale compl\u00e8te tout en laissant de l&#039;espace pour une dissipation efficace de la chaleur.<\/h4>\n<p>Titre + description<br \/>gauche<br \/>#ecf6ff<br \/>auto<br \/>#ecf6ff<br \/>8px 8px 8px 8px<\/p>\n<p>#h\u00e9eaea<\/p>\n<h3>SP\u00c9CIFICATIONS DU PRODUIT<\/h3>\n<p>S\u00e9rie DVX 1,95 mm<br \/>S\u00e9rie DVX 2,4 mm<br \/>S\u00e9rie DVX 2,9 mm<br \/>S\u00e9rie DVX 3,91 mm<br \/>S\u00e9rie DVX 5,95 mm<br \/><img decoding=\"async\" src=\"https:\/\/corumview.com\/wp-content\/uploads\/2024\/08\/1-95mm-Indoor-Fixed-LED-Display.gif\" alt=\"\u00c9cran LED fixe d&#039;int\u00e9rieur de 1,95 mm\" \/><br \/><img decoding=\"async\" src=\"https:\/\/corumview.com\/wp-content\/uploads\/2024\/08\/2-4mm-Indoor-Fixed-LED-Display.gif\" alt=\"\u00c9cran LED fixe d&#039;int\u00e9rieur de 2,4 mm\" \/><br \/><img decoding=\"async\" src=\"https:\/\/corumview.com\/wp-content\/uploads\/2024\/08\/2-9mm-Indoor-Fixed-LED-Display.gif\" alt=\"\u00c9cran LED fixe d&#039;int\u00e9rieur de 2,9 mm\" \/><br \/><img decoding=\"async\" src=\"https:\/\/corumview.com\/wp-content\/uploads\/2024\/08\/3-91mm-Indoor-Fixed-LED-Display.gif\" alt=\"\u00c9cran LED fixe d&#039;int\u00e9rieur de 3,91 mm\" \/><br \/><img decoding=\"async\" src=\"https:\/\/corumview.com\/wp-content\/uploads\/2024\/08\/5-95mm-Indoor-Fixed-LED-Display.gif\" alt=\"\u00c9cran LED fixe d&#039;int\u00e9rieur de 5,95 mm\" \/><br \/>accord\u00e9on<br \/>#2a80c2<\/p>\n<p>#h\u00e9eaea<\/p>","protected":false},"excerpt":{"rendered":"<p><span class=\"excerpt-hellip\"> [\u2026]<\/span><\/p>\n","protected":false},"author":1,"featured_media":0,"parent":139,"menu_order":0,"comment_status":"closed","ping_status":"closed","template":"","meta":{"footnotes":""},"class_list":["post-10974","page","type-page","status-publish","hentry"],"yoast_head":"<!-- This site is optimized with the Yoast SEO plugin v27.4 - https:\/\/yoast.com\/product\/yoast-seo-wordpress\/ -->\n<title>DVX Series - Corum View<\/title>\n<meta name=\"description\" content=\"Explore CorumView\u2019s DVX Series indoor LED displays for stunning clarity and versatility. Perfect for high-impact, precise visual solutions.\" \/>\n<meta name=\"robots\" content=\"index, follow, max-snippet:-1, max-image-preview:large, max-video-preview:-1\" \/>\n<link rel=\"canonical\" href=\"https:\/\/corumview.com\/fr\/produits-daffichage-mural-video-a-led\/ecrans-led-fixes-dinterieur\/serie-dvx\/\" \/>\n<meta property=\"og:locale\" content=\"fr_CA\" \/>\n<meta property=\"og:type\" content=\"article\" \/>\n<meta property=\"og:title\" content=\"DVX Series - Corum View\" \/>\n<meta property=\"og:description\" content=\"Explore CorumView\u2019s DVX Series indoor LED displays for stunning clarity and versatility. Perfect for high-impact, precise visual solutions.\" \/>\n<meta property=\"og:url\" content=\"https:\/\/corumview.com\/fr\/produits-daffichage-mural-video-a-led\/ecrans-led-fixes-dinterieur\/serie-dvx\/\" \/>\n<meta property=\"og:site_name\" content=\"Corum View\" \/>\n<meta property=\"article:publisher\" content=\"https:\/\/www.facebook.com\/people\/Corum-View\/100092176959933\/\" \/>\n<meta property=\"article:modified_time\" content=\"2024-08-28T19:55:39+00:00\" \/>\n<meta property=\"og:image\" content=\"https:\/\/corumview.com\/wp-content\/uploads\/2024\/08\/DVX-Series-LED-Video-Wall-1-2.webp#10987\" \/>\n<meta name=\"twitter:card\" content=\"summary_large_image\" \/>\n<meta name=\"twitter:site\" content=\"@CorumView\" \/>\n<meta name=\"twitter:label1\" content=\"Estimation du temps de lecture\" \/>\n\t<meta name=\"twitter:data1\" content=\"5 minutes\" \/>\n<script type=\"application\/ld+json\" class=\"yoast-schema-graph\">{\"@context\":\"https:\\\/\\\/schema.org\",\"@graph\":[{\"@type\":\"WebPage\",\"@id\":\"https:\\\/\\\/corumview.com\\\/led-video-wall-display-products\\\/indoor-fixed-led-displays\\\/dvx-series\\\/\",\"url\":\"https:\\\/\\\/corumview.com\\\/led-video-wall-display-products\\\/indoor-fixed-led-displays\\\/dvx-series\\\/\",\"name\":\"DVX Series - Corum View\",\"isPartOf\":{\"@id\":\"https:\\\/\\\/corumview.com\\\/#website\"},\"primaryImageOfPage\":{\"@id\":\"https:\\\/\\\/corumview.com\\\/led-video-wall-display-products\\\/indoor-fixed-led-displays\\\/dvx-series\\\/#primaryimage\"},\"image\":{\"@id\":\"https:\\\/\\\/corumview.com\\\/led-video-wall-display-products\\\/indoor-fixed-led-displays\\\/dvx-series\\\/#primaryimage\"},\"thumbnailUrl\":\"https:\\\/\\\/corumview.com\\\/wp-content\\\/uploads\\\/2024\\\/08\\\/DVX-Series-LED-Video-Wall-1-2.webp#10987\",\"datePublished\":\"2024-08-28T15:10:54+00:00\",\"dateModified\":\"2024-08-28T19:55:39+00:00\",\"description\":\"Explore CorumView\u2019s DVX Series indoor LED displays for stunning clarity and versatility. Perfect for high-impact, precise visual solutions.\",\"breadcrumb\":{\"@id\":\"https:\\\/\\\/corumview.com\\\/led-video-wall-display-products\\\/indoor-fixed-led-displays\\\/dvx-series\\\/#breadcrumb\"},\"inLanguage\":\"fr-CA\",\"potentialAction\":[{\"@type\":\"ReadAction\",\"target\":[\"https:\\\/\\\/corumview.com\\\/led-video-wall-display-products\\\/indoor-fixed-led-displays\\\/dvx-series\\\/\"]}]},{\"@type\":\"ImageObject\",\"inLanguage\":\"fr-CA\",\"@id\":\"https:\\\/\\\/corumview.com\\\/led-video-wall-display-products\\\/indoor-fixed-led-displays\\\/dvx-series\\\/#primaryimage\",\"url\":\"https:\\\/\\\/corumview.com\\\/wp-content\\\/uploads\\\/2024\\\/08\\\/DVX-Series-LED-Video-Wall-1-2.webp#10987\",\"contentUrl\":\"https:\\\/\\\/corumview.com\\\/wp-content\\\/uploads\\\/2024\\\/08\\\/DVX-Series-LED-Video-Wall-1-2.webp#10987\"},{\"@type\":\"BreadcrumbList\",\"@id\":\"https:\\\/\\\/corumview.com\\\/led-video-wall-display-products\\\/indoor-fixed-led-displays\\\/dvx-series\\\/#breadcrumb\",\"itemListElement\":[{\"@type\":\"ListItem\",\"position\":1,\"name\":\"Home\",\"item\":\"https:\\\/\\\/corumview.com\\\/\"},{\"@type\":\"ListItem\",\"position\":2,\"name\":\"Products\",\"item\":\"https:\\\/\\\/corumview.com\\\/led-video-wall-display-products\\\/\"},{\"@type\":\"ListItem\",\"position\":3,\"name\":\"Indoor Fixed LED Displays\",\"item\":\"https:\\\/\\\/corumview.com\\\/led-video-wall-display-products\\\/indoor-fixed-led-displays\\\/\"},{\"@type\":\"ListItem\",\"position\":4,\"name\":\"DVX Series\"}]},{\"@type\":\"WebSite\",\"@id\":\"https:\\\/\\\/corumview.com\\\/#website\",\"url\":\"https:\\\/\\\/corumview.com\\\/\",\"name\":\"Corum View\",\"description\":\"Direct View LED Displays\",\"publisher\":{\"@id\":\"https:\\\/\\\/corumview.com\\\/#organization\"},\"potentialAction\":[{\"@type\":\"SearchAction\",\"target\":{\"@type\":\"EntryPoint\",\"urlTemplate\":\"https:\\\/\\\/corumview.com\\\/?s={search_term_string}\"},\"query-input\":{\"@type\":\"PropertyValueSpecification\",\"valueRequired\":true,\"valueName\":\"search_term_string\"}}],\"inLanguage\":\"fr-CA\"},{\"@type\":\"Organization\",\"@id\":\"https:\\\/\\\/corumview.com\\\/#organization\",\"name\":\"Corum View\",\"url\":\"https:\\\/\\\/corumview.com\\\/\",\"logo\":{\"@type\":\"ImageObject\",\"inLanguage\":\"fr-CA\",\"@id\":\"https:\\\/\\\/corumview.com\\\/#\\\/schema\\\/logo\\\/image\\\/\",\"url\":\"https:\\\/\\\/corumview.com\\\/wp-content\\\/uploads\\\/2022\\\/06\\\/cv-fav.jpg\",\"contentUrl\":\"https:\\\/\\\/corumview.com\\\/wp-content\\\/uploads\\\/2022\\\/06\\\/cv-fav.jpg\",\"width\":260,\"height\":260,\"caption\":\"Corum View\"},\"image\":{\"@id\":\"https:\\\/\\\/corumview.com\\\/#\\\/schema\\\/logo\\\/image\\\/\"},\"sameAs\":[\"https:\\\/\\\/www.facebook.com\\\/people\\\/Corum-View\\\/100092176959933\\\/\",\"https:\\\/\\\/x.com\\\/CorumView\",\"https:\\\/\\\/www.linkedin.com\\\/company\\\/corum-view\\\/\"]}]}<\/script>\n<!-- \/ Yoast SEO plugin. -->","yoast_head_json":{"title":"S\u00e9rie DVX - Corum View","description":"D\u00e9couvrez les \u00e9crans LED d&#039;int\u00e9rieur de la s\u00e9rie DVX de CorumView, pour une clart\u00e9 et une polyvalence exceptionnelles. Parfaits pour des solutions visuelles pr\u00e9cises et percutantes.","robots":{"index":"index","follow":"follow","max-snippet":"max-snippet:-1","max-image-preview":"max-image-preview:large","max-video-preview":"max-video-preview:-1"},"canonical":"https:\/\/corumview.com\/fr\/produits-daffichage-mural-video-a-led\/ecrans-led-fixes-dinterieur\/serie-dvx\/","og_locale":"fr_CA","og_type":"article","og_title":"DVX Series - Corum View","og_description":"Explore CorumView\u2019s DVX Series indoor LED displays for stunning clarity and versatility. Perfect for high-impact, precise visual solutions.","og_url":"https:\/\/corumview.com\/fr\/produits-daffichage-mural-video-a-led\/ecrans-led-fixes-dinterieur\/serie-dvx\/","og_site_name":"Corum View","article_publisher":"https:\/\/www.facebook.com\/people\/Corum-View\/100092176959933\/","article_modified_time":"2024-08-28T19:55:39+00:00","og_image":[{"url":"https:\/\/corumview.com\/wp-content\/uploads\/2024\/08\/DVX-Series-LED-Video-Wall-1-2.webp#10987","type":"","width":"","height":""}],"twitter_card":"summary_large_image","twitter_site":"@CorumView","twitter_misc":{"Estimation du temps de lecture":"5 minutes"},"schema":{"@context":"https:\/\/schema.org","@graph":[{"@type":"WebPage","@id":"https:\/\/corumview.com\/led-video-wall-display-products\/indoor-fixed-led-displays\/dvx-series\/","url":"https:\/\/corumview.com\/led-video-wall-display-products\/indoor-fixed-led-displays\/dvx-series\/","name":"S\u00e9rie DVX - Corum View","isPartOf":{"@id":"https:\/\/corumview.com\/#website"},"primaryImageOfPage":{"@id":"https:\/\/corumview.com\/led-video-wall-display-products\/indoor-fixed-led-displays\/dvx-series\/#primaryimage"},"image":{"@id":"https:\/\/corumview.com\/led-video-wall-display-products\/indoor-fixed-led-displays\/dvx-series\/#primaryimage"},"thumbnailUrl":"https:\/\/corumview.com\/wp-content\/uploads\/2024\/08\/DVX-Series-LED-Video-Wall-1-2.webp#10987","datePublished":"2024-08-28T15:10:54+00:00","dateModified":"2024-08-28T19:55:39+00:00","description":"D\u00e9couvrez les \u00e9crans LED d&#039;int\u00e9rieur de la s\u00e9rie DVX de CorumView, pour une clart\u00e9 et une polyvalence exceptionnelles. Parfaits pour des solutions visuelles pr\u00e9cises et percutantes.","breadcrumb":{"@id":"https:\/\/corumview.com\/led-video-wall-display-products\/indoor-fixed-led-displays\/dvx-series\/#breadcrumb"},"inLanguage":"fr-CA","potentialAction":[{"@type":"ReadAction","target":["https:\/\/corumview.com\/led-video-wall-display-products\/indoor-fixed-led-displays\/dvx-series\/"]}]},{"@type":"ImageObject","inLanguage":"fr-CA","@id":"https:\/\/corumview.com\/led-video-wall-display-products\/indoor-fixed-led-displays\/dvx-series\/#primaryimage","url":"https:\/\/corumview.com\/wp-content\/uploads\/2024\/08\/DVX-Series-LED-Video-Wall-1-2.webp#10987","contentUrl":"https:\/\/corumview.com\/wp-content\/uploads\/2024\/08\/DVX-Series-LED-Video-Wall-1-2.webp#10987"},{"@type":"BreadcrumbList","@id":"https:\/\/corumview.com\/led-video-wall-display-products\/indoor-fixed-led-displays\/dvx-series\/#breadcrumb","itemListElement":[{"@type":"ListItem","position":1,"name":"Home","item":"https:\/\/corumview.com\/"},{"@type":"ListItem","position":2,"name":"Products","item":"https:\/\/corumview.com\/led-video-wall-display-products\/"},{"@type":"ListItem","position":3,"name":"Indoor Fixed LED Displays","item":"https:\/\/corumview.com\/led-video-wall-display-products\/indoor-fixed-led-displays\/"},{"@type":"ListItem","position":4,"name":"DVX Series"}]},{"@type":"WebSite","@id":"https:\/\/corumview.com\/#website","url":"https:\/\/corumview.com\/","name":"Voir Corum","description":"Affichages LED \u00e0 vue directe","publisher":{"@id":"https:\/\/corumview.com\/#organization"},"potentialAction":[{"@type":"SearchAction","target":{"@type":"EntryPoint","urlTemplate":"https:\/\/corumview.com\/?s={search_term_string}"},"query-input":{"@type":"PropertyValueSpecification","valueRequired":true,"valueName":"search_term_string"}}],"inLanguage":"fr-CA"},{"@type":"Organization","@id":"https:\/\/corumview.com\/#organization","name":"Voir Corum","url":"https:\/\/corumview.com\/","logo":{"@type":"ImageObject","inLanguage":"fr-CA","@id":"https:\/\/corumview.com\/#\/schema\/logo\/image\/","url":"https:\/\/corumview.com\/wp-content\/uploads\/2022\/06\/cv-fav.jpg","contentUrl":"https:\/\/corumview.com\/wp-content\/uploads\/2022\/06\/cv-fav.jpg","width":260,"height":260,"caption":"Corum View"},"image":{"@id":"https:\/\/corumview.com\/#\/schema\/logo\/image\/"},"sameAs":["https:\/\/www.facebook.com\/people\/Corum-View\/100092176959933\/","https:\/\/x.com\/CorumView","https:\/\/www.linkedin.com\/company\/corum-view\/"]}]}},"_links":{"self":[{"href":"https:\/\/corumview.com\/fr\/wp-json\/wp\/v2\/pages\/10974","targetHints":{"allow":["GET"]}}],"collection":[{"href":"https:\/\/corumview.com\/fr\/wp-json\/wp\/v2\/pages"}],"about":[{"href":"https:\/\/corumview.com\/fr\/wp-json\/wp\/v2\/types\/page"}],"author":[{"embeddable":true,"href":"https:\/\/corumview.com\/fr\/wp-json\/wp\/v2\/users\/1"}],"replies":[{"embeddable":true,"href":"https:\/\/corumview.com\/fr\/wp-json\/wp\/v2\/comments?post=10974"}],"version-history":[{"count":7,"href":"https:\/\/corumview.com\/fr\/wp-json\/wp\/v2\/pages\/10974\/revisions"}],"predecessor-version":[{"id":11005,"href":"https:\/\/corumview.com\/fr\/wp-json\/wp\/v2\/pages\/10974\/revisions\/11005"}],"up":[{"embeddable":true,"href":"https:\/\/corumview.com\/fr\/wp-json\/wp\/v2\/pages\/139"}],"wp:attachment":[{"href":"https:\/\/corumview.com\/fr\/wp-json\/wp\/v2\/media?parent=10974"}],"curies":[{"name":"wp","href":"https:\/\/api.w.org\/{rel}","templated":true}]}}