{"id":11109,"date":"2024-11-05T19:28:38","date_gmt":"2024-11-05T19:28:38","guid":{"rendered":"https:\/\/corumview.com\/?page_id=11109"},"modified":"2024-11-18T14:31:54","modified_gmt":"2024-11-18T14:31:54","slug":"serie-dvy","status":"publish","type":"page","link":"https:\/\/corumview.com\/fr\/dvy-series\/","title":{"rendered":"S\u00e9rie DVY"},"content":{"rendered":"<h6>Cr\u00e9ez des exp\u00e9riences visuelles int\u00e9rieures harmonieuses et accrocheuses.<\/h6>\n<p>centre<\/p>\n<h1>\u00c9cran LED fixe d&#039;int\u00e9rieur \u2013 S\u00e9rie DVY<\/h1>\n<h2>La s\u00e9rie DVY propose des solutions d&#039;affichage LED haut de gamme con\u00e7ues pour des applications ext\u00e9rieures polyvalentes, alliant durabilit\u00e9 et visuels haute r\u00e9solution \u00e9clatants. Con\u00e7ue pour r\u00e9sister aux conditions m\u00e9t\u00e9orologiques difficiles, la s\u00e9rie DVY pr\u00e9sente une conception robuste et \u00e9tanche qui garantit des performances et une long\u00e9vit\u00e9 constantes. Gr\u00e2ce \u00e0 des param\u00e8tres de luminosit\u00e9 et de contraste avanc\u00e9s, ces \u00e9crans offrent des visuels clairs et percutants m\u00eame en plein soleil, ce qui les rend id\u00e9aux pour la publicit\u00e9 ext\u00e9rieure, les \u00e9v\u00e9nements et les affichages d&#039;informations publiques.<\/h2>\n<p>centre<\/p>\n<p><img decoding=\"async\" src=\"https:\/\/corumview.com\/wp-content\/uploads\/2024\/11\/DVY-Series.webp#11112\" alt=\"S\u00e9rie LED d&#039;int\u00e9rieur DVY\" \/><br \/>\ncomplet<br \/>\nd\u00e9sactiver<br \/>\ncentre<\/p>\n<h4>Affichage LED fixe d&#039;int\u00e9rieur<\/h4>\n<h3>S\u00e9rie DVY<\/h3>\n<h4>Pas de pixel : 0,9 mm \/ 1,2 mm<\/h4>\n<p>Dot\u00e9 de la technologie COB Flip Chip, cet \u00e9cran garantit un niveau de noir profond et uniforme et des visuels ultra haute d\u00e9finition pour une exp\u00e9rience plus immersive et visuellement coh\u00e9rente.\u00a0<img decoding=\"async\" src=\"https:\/\/corumview.com\/wp-content\/uploads\/2024\/11\/DVQ-Series-features.webp\" alt=\"Caract\u00e9ristiques de la s\u00e9rie LED d&#039;int\u00e9rieur DVQ\" \/><\/p>\n<p>11113,11114,11115,11116,11112<br \/>\nvignette<br \/>\n4<\/p>\n<p>galerie dvc<br \/>\nmenu_order<br \/>\nDESC<br \/>\ncentre<\/p>\n<p><img decoding=\"async\" src=\"https:\/\/corumview.com\/wp-content\/uploads\/2024\/11\/High-Brightness.webp#11117\" alt=\"Haute luminosit\u00e9\" \/><br \/>\ncomplet<br \/>\ncentre<\/p>\n<h3>Haute luminosit\u00e9<\/h3>\n<h4>Avec une luminosit\u00e9 maximale allant jusqu&#039;\u00e0 2 400 nits, cet \u00e9cran est con\u00e7u pour fonctionner de mani\u00e8re optimale dans une gamme de sc\u00e9narios d&#039;application, garantissant des visuels clairs et \u00e9clatants m\u00eame dans des conditions de forte luminosit\u00e9 ambiante.<\/h4>\n<p>Titre + description<br \/>\ngauche<br \/>\n#ecf6ff<br \/>\nauto<br \/>\n#ecf6ff<br \/>\n8px 8px 8px 8px<\/p>\n<h2>Module avec coque inf\u00e9rieure<\/h2>\n<h4>Ce produit sp\u00e9cialis\u00e9 offre six avantages majeurs : une pr\u00e9cision des couleurs pr\u00e9cise, une durabilit\u00e9 r\u00e9sistante aux chocs, une dur\u00e9e de vie prolong\u00e9e, de faibles co\u00fbts de maintenance, un temps d&#039;installation acc\u00e9l\u00e9r\u00e9 et une esth\u00e9tique statique raffin\u00e9e.<\/h4>\n<p>Titre + description<br \/>\ngauche<br \/>\n#f5eff9<br \/>\nauto<br \/>\n#f5eff9<br \/>\n8px 8px 8px 8px<\/p>\n<p><img decoding=\"async\" src=\"https:\/\/corumview.com\/wp-content\/uploads\/2024\/11\/Module-With-Bottom-Shell.webp#11118\" alt=\"Module avec coque inf\u00e9rieure\" \/><br \/>\ncomplet<br \/>\ncentre<\/p>\n<p><img decoding=\"async\" src=\"https:\/\/corumview.com\/wp-content\/uploads\/2024\/11\/Soft-Eye-Protection.webp#11119\" alt=\"Protection douce des yeux\" \/><br \/>\ncomplet<br \/>\ncentre<\/p>\n<h2>Protection douce des yeux<\/h2>\n<h4>Con\u00e7u avec une source lumineuse de surface, cet \u00e9cran fournit une sortie lumineuse uniforme pour une clart\u00e9 visuelle optimale. Certifi\u00e9 par le Rheinland TUV allemand pour une faible lumi\u00e8re bleue, il offre une exp\u00e9rience de visionnement plus douce et agr\u00e9able pour les yeux qui privil\u00e9gie le confort et la protection du spectateur.<\/h4>\n<p>Titre + description<br \/>\ngauche<br \/>\n#ecf6ff<br \/>\nauto<br \/>\n#ecf6ff<br \/>\n8px 8px 8px 8px<\/p>\n<h2>Prise en charge de la plage dynamique \u00e9lev\u00e9e (HDR)<\/h2>\n<h4>Profitez de couleurs vibrantes et d&#039;un contraste r\u00e9aliste avec une luminosit\u00e9 am\u00e9lior\u00e9e et des d\u00e9tails d&#039;ombre raffin\u00e9s, cr\u00e9ant une exp\u00e9rience visuelle engageante et immersive qui captive le public.<\/h4>\n<p>Titre + description<br \/>\ngauche<br \/>\n#f5eff9<br \/>\nauto<br \/>\n#f5eff9<br \/>\n8px 8px 8px 8px<\/p>\n<p><img decoding=\"async\" src=\"https:\/\/corumview.com\/wp-content\/uploads\/2024\/11\/High-Dynamic-Range-HDR-Support.webp#11120\" alt=\"Prise en charge de la plage dynamique \u00e9lev\u00e9e (HDR)\" \/><br \/>\ncomplet<br \/>\ncentre<\/p>\n<p><img decoding=\"async\" src=\"https:\/\/corumview.com\/wp-content\/uploads\/2024\/11\/Colorful.webp#11121\" alt=\"Color\u00e9\" \/><br \/>\ncomplet<br \/>\ncentre<\/p>\n<h2>Color\u00e9<\/h2>\n<h4>Obtenez une pr\u00e9cision des couleurs sup\u00e9rieure, une qualit\u00e9 d\u2019image irr\u00e9prochable, un contraste ultra-\u00e9lev\u00e9 et des noirs profonds et coh\u00e9rents pour une exp\u00e9rience visuelle in\u00e9gal\u00e9e.<\/h4>\n<p>Titre + description<br \/>\ngauche<br \/>\n#ecf6ff<br \/>\nauto<br \/>\n#ecf6ff<br \/>\n8px 8px 8px 8px<\/p>\n<p>#h\u00e9eaea<\/p>\n<h3>SP\u00c9CIFICATIONS DU PRODUIT<\/h3>\n<p>Sp\u00e9cifications de la s\u00e9rie DVY<br \/>\n<img decoding=\"async\" src=\"https:\/\/corumview.com\/wp-content\/uploads\/2024\/11\/DVY-Series-specs.webp\" alt=\"Sp\u00e9cifications de la s\u00e9rie DVY\" \/><br \/>\naccord\u00e9on<br \/>\n#2a80c2<\/p>\n<p>#h\u00e9eaea<\/p>","protected":false},"excerpt":{"rendered":"<p><span class=\"excerpt-hellip\"> [\u2026]<\/span><\/p>\n","protected":false},"author":1,"featured_media":0,"parent":0,"menu_order":0,"comment_status":"closed","ping_status":"closed","template":"","meta":{"footnotes":""},"class_list":["post-11109","page","type-page","status-publish","hentry"],"yoast_head":"<!-- This site is optimized with the Yoast SEO plugin v27.4 - https:\/\/yoast.com\/product\/yoast-seo-wordpress\/ -->\n<title>DVY Series - Corum View<\/title>\n<meta name=\"description\" content=\"The DVY Series delivers premium LED display solutions engineered for versatile outdoor applications, combining durability with vibrant, high-resolution visuals.\" \/>\n<meta name=\"robots\" content=\"index, follow, max-snippet:-1, max-image-preview:large, max-video-preview:-1\" \/>\n<link rel=\"canonical\" href=\"https:\/\/corumview.com\/fr\/serie-dvy\/\" \/>\n<meta property=\"og:locale\" content=\"fr_CA\" \/>\n<meta property=\"og:type\" content=\"article\" \/>\n<meta property=\"og:title\" content=\"DVY Series - Corum View\" \/>\n<meta property=\"og:description\" content=\"The DVY Series delivers premium LED display solutions engineered for versatile outdoor applications, combining durability with vibrant, high-resolution visuals.\" \/>\n<meta property=\"og:url\" content=\"https:\/\/corumview.com\/fr\/serie-dvy\/\" \/>\n<meta property=\"og:site_name\" content=\"Corum View\" \/>\n<meta property=\"article:publisher\" content=\"https:\/\/www.facebook.com\/people\/Corum-View\/100092176959933\/\" \/>\n<meta property=\"article:modified_time\" content=\"2024-11-18T14:31:54+00:00\" \/>\n<meta property=\"og:image\" content=\"https:\/\/corumview.com\/wp-content\/uploads\/2024\/11\/DVY-Series.webp#11112\" \/>\n<meta name=\"twitter:card\" content=\"summary_large_image\" \/>\n<meta name=\"twitter:site\" content=\"@CorumView\" \/>\n<meta name=\"twitter:label1\" content=\"Estimation du temps de lecture\" \/>\n\t<meta name=\"twitter:data1\" content=\"4 minutes\" \/>\n<script type=\"application\/ld+json\" class=\"yoast-schema-graph\">{\"@context\":\"https:\\\/\\\/schema.org\",\"@graph\":[{\"@type\":\"WebPage\",\"@id\":\"https:\\\/\\\/corumview.com\\\/dvy-series\\\/\",\"url\":\"https:\\\/\\\/corumview.com\\\/dvy-series\\\/\",\"name\":\"DVY Series - Corum View\",\"isPartOf\":{\"@id\":\"https:\\\/\\\/corumview.com\\\/#website\"},\"primaryImageOfPage\":{\"@id\":\"https:\\\/\\\/corumview.com\\\/dvy-series\\\/#primaryimage\"},\"image\":{\"@id\":\"https:\\\/\\\/corumview.com\\\/dvy-series\\\/#primaryimage\"},\"thumbnailUrl\":\"https:\\\/\\\/corumview.com\\\/wp-content\\\/uploads\\\/2024\\\/11\\\/DVY-Series.webp#11112\",\"datePublished\":\"2024-11-05T19:28:38+00:00\",\"dateModified\":\"2024-11-18T14:31:54+00:00\",\"description\":\"The DVY Series delivers premium LED display solutions engineered for versatile outdoor applications, combining durability with vibrant, high-resolution visuals.\",\"breadcrumb\":{\"@id\":\"https:\\\/\\\/corumview.com\\\/dvy-series\\\/#breadcrumb\"},\"inLanguage\":\"fr-CA\",\"potentialAction\":[{\"@type\":\"ReadAction\",\"target\":[\"https:\\\/\\\/corumview.com\\\/dvy-series\\\/\"]}]},{\"@type\":\"ImageObject\",\"inLanguage\":\"fr-CA\",\"@id\":\"https:\\\/\\\/corumview.com\\\/dvy-series\\\/#primaryimage\",\"url\":\"https:\\\/\\\/corumview.com\\\/wp-content\\\/uploads\\\/2024\\\/11\\\/DVY-Series.webp#11112\",\"contentUrl\":\"https:\\\/\\\/corumview.com\\\/wp-content\\\/uploads\\\/2024\\\/11\\\/DVY-Series.webp#11112\"},{\"@type\":\"BreadcrumbList\",\"@id\":\"https:\\\/\\\/corumview.com\\\/dvy-series\\\/#breadcrumb\",\"itemListElement\":[{\"@type\":\"ListItem\",\"position\":1,\"name\":\"Home\",\"item\":\"https:\\\/\\\/corumview.com\\\/\"},{\"@type\":\"ListItem\",\"position\":2,\"name\":\"DVY Series\"}]},{\"@type\":\"WebSite\",\"@id\":\"https:\\\/\\\/corumview.com\\\/#website\",\"url\":\"https:\\\/\\\/corumview.com\\\/\",\"name\":\"Corum View\",\"description\":\"Direct View LED Displays\",\"publisher\":{\"@id\":\"https:\\\/\\\/corumview.com\\\/#organization\"},\"potentialAction\":[{\"@type\":\"SearchAction\",\"target\":{\"@type\":\"EntryPoint\",\"urlTemplate\":\"https:\\\/\\\/corumview.com\\\/?s={search_term_string}\"},\"query-input\":{\"@type\":\"PropertyValueSpecification\",\"valueRequired\":true,\"valueName\":\"search_term_string\"}}],\"inLanguage\":\"fr-CA\"},{\"@type\":\"Organization\",\"@id\":\"https:\\\/\\\/corumview.com\\\/#organization\",\"name\":\"Corum View\",\"url\":\"https:\\\/\\\/corumview.com\\\/\",\"logo\":{\"@type\":\"ImageObject\",\"inLanguage\":\"fr-CA\",\"@id\":\"https:\\\/\\\/corumview.com\\\/#\\\/schema\\\/logo\\\/image\\\/\",\"url\":\"https:\\\/\\\/corumview.com\\\/wp-content\\\/uploads\\\/2022\\\/06\\\/cv-fav.jpg\",\"contentUrl\":\"https:\\\/\\\/corumview.com\\\/wp-content\\\/uploads\\\/2022\\\/06\\\/cv-fav.jpg\",\"width\":260,\"height\":260,\"caption\":\"Corum View\"},\"image\":{\"@id\":\"https:\\\/\\\/corumview.com\\\/#\\\/schema\\\/logo\\\/image\\\/\"},\"sameAs\":[\"https:\\\/\\\/www.facebook.com\\\/people\\\/Corum-View\\\/100092176959933\\\/\",\"https:\\\/\\\/x.com\\\/CorumView\",\"https:\\\/\\\/www.linkedin.com\\\/company\\\/corum-view\\\/\"]}]}<\/script>\n<!-- \/ Yoast SEO plugin. -->","yoast_head_json":{"title":"S\u00e9rie DVY - Corum View","description":"La s\u00e9rie DVY propose des solutions d&#039;affichage LED haut de gamme con\u00e7ues pour des applications ext\u00e9rieures polyvalentes, alliant durabilit\u00e9 et visuels dynamiques haute r\u00e9solution.","robots":{"index":"index","follow":"follow","max-snippet":"max-snippet:-1","max-image-preview":"max-image-preview:large","max-video-preview":"max-video-preview:-1"},"canonical":"https:\/\/corumview.com\/fr\/serie-dvy\/","og_locale":"fr_CA","og_type":"article","og_title":"DVY Series - Corum View","og_description":"The DVY Series delivers premium LED display solutions engineered for versatile outdoor applications, combining durability with vibrant, high-resolution visuals.","og_url":"https:\/\/corumview.com\/fr\/serie-dvy\/","og_site_name":"Corum View","article_publisher":"https:\/\/www.facebook.com\/people\/Corum-View\/100092176959933\/","article_modified_time":"2024-11-18T14:31:54+00:00","og_image":[{"url":"https:\/\/corumview.com\/wp-content\/uploads\/2024\/11\/DVY-Series.webp#11112","type":"","width":"","height":""}],"twitter_card":"summary_large_image","twitter_site":"@CorumView","twitter_misc":{"Estimation du temps de lecture":"4 minutes"},"schema":{"@context":"https:\/\/schema.org","@graph":[{"@type":"WebPage","@id":"https:\/\/corumview.com\/dvy-series\/","url":"https:\/\/corumview.com\/dvy-series\/","name":"S\u00e9rie DVY - Corum View","isPartOf":{"@id":"https:\/\/corumview.com\/#website"},"primaryImageOfPage":{"@id":"https:\/\/corumview.com\/dvy-series\/#primaryimage"},"image":{"@id":"https:\/\/corumview.com\/dvy-series\/#primaryimage"},"thumbnailUrl":"https:\/\/corumview.com\/wp-content\/uploads\/2024\/11\/DVY-Series.webp#11112","datePublished":"2024-11-05T19:28:38+00:00","dateModified":"2024-11-18T14:31:54+00:00","description":"La s\u00e9rie DVY propose des solutions d&#039;affichage LED haut de gamme con\u00e7ues pour des applications ext\u00e9rieures polyvalentes, alliant durabilit\u00e9 et visuels dynamiques haute r\u00e9solution.","breadcrumb":{"@id":"https:\/\/corumview.com\/dvy-series\/#breadcrumb"},"inLanguage":"fr-CA","potentialAction":[{"@type":"ReadAction","target":["https:\/\/corumview.com\/dvy-series\/"]}]},{"@type":"ImageObject","inLanguage":"fr-CA","@id":"https:\/\/corumview.com\/dvy-series\/#primaryimage","url":"https:\/\/corumview.com\/wp-content\/uploads\/2024\/11\/DVY-Series.webp#11112","contentUrl":"https:\/\/corumview.com\/wp-content\/uploads\/2024\/11\/DVY-Series.webp#11112"},{"@type":"BreadcrumbList","@id":"https:\/\/corumview.com\/dvy-series\/#breadcrumb","itemListElement":[{"@type":"ListItem","position":1,"name":"Home","item":"https:\/\/corumview.com\/"},{"@type":"ListItem","position":2,"name":"DVY Series"}]},{"@type":"WebSite","@id":"https:\/\/corumview.com\/#website","url":"https:\/\/corumview.com\/","name":"Voir Corum","description":"Affichages LED \u00e0 vue directe","publisher":{"@id":"https:\/\/corumview.com\/#organization"},"potentialAction":[{"@type":"SearchAction","target":{"@type":"EntryPoint","urlTemplate":"https:\/\/corumview.com\/?s={search_term_string}"},"query-input":{"@type":"PropertyValueSpecification","valueRequired":true,"valueName":"search_term_string"}}],"inLanguage":"fr-CA"},{"@type":"Organization","@id":"https:\/\/corumview.com\/#organization","name":"Voir Corum","url":"https:\/\/corumview.com\/","logo":{"@type":"ImageObject","inLanguage":"fr-CA","@id":"https:\/\/corumview.com\/#\/schema\/logo\/image\/","url":"https:\/\/corumview.com\/wp-content\/uploads\/2022\/06\/cv-fav.jpg","contentUrl":"https:\/\/corumview.com\/wp-content\/uploads\/2022\/06\/cv-fav.jpg","width":260,"height":260,"caption":"Corum View"},"image":{"@id":"https:\/\/corumview.com\/#\/schema\/logo\/image\/"},"sameAs":["https:\/\/www.facebook.com\/people\/Corum-View\/100092176959933\/","https:\/\/x.com\/CorumView","https:\/\/www.linkedin.com\/company\/corum-view\/"]}]}},"_links":{"self":[{"href":"https:\/\/corumview.com\/fr\/wp-json\/wp\/v2\/pages\/11109","targetHints":{"allow":["GET"]}}],"collection":[{"href":"https:\/\/corumview.com\/fr\/wp-json\/wp\/v2\/pages"}],"about":[{"href":"https:\/\/corumview.com\/fr\/wp-json\/wp\/v2\/types\/page"}],"author":[{"embeddable":true,"href":"https:\/\/corumview.com\/fr\/wp-json\/wp\/v2\/users\/1"}],"replies":[{"embeddable":true,"href":"https:\/\/corumview.com\/fr\/wp-json\/wp\/v2\/comments?post=11109"}],"version-history":[{"count":4,"href":"https:\/\/corumview.com\/fr\/wp-json\/wp\/v2\/pages\/11109\/revisions"}],"predecessor-version":[{"id":11126,"href":"https:\/\/corumview.com\/fr\/wp-json\/wp\/v2\/pages\/11109\/revisions\/11126"}],"wp:attachment":[{"href":"https:\/\/corumview.com\/fr\/wp-json\/wp\/v2\/media?parent=11109"}],"curies":[{"name":"wp","href":"https:\/\/api.w.org\/{rel}","templated":true}]}}