{"id":139,"date":"2022-06-15T14:05:26","date_gmt":"2022-06-15T14:05:26","guid":{"rendered":"https:\/\/corumview.com\/?page_id=139"},"modified":"2024-11-05T21:18:03","modified_gmt":"2024-11-05T21:18:03","slug":"ecrans-led-fixes-dinterieur","status":"publish","type":"page","link":"https:\/\/corumview.com\/fr\/led-video-wall-display-products\/indoor-fixed-led-displays\/","title":{"rendered":"\u00c9crans LED fixes d&#039;int\u00e9rieur"},"content":{"rendered":"<h1>\u00c9crans LED d&#039;int\u00e9rieur<\/h1>\n<p>centre<\/p>\n<h2>Les solutions d&#039;affichage LED Corum View Indoor Direct View offrent des exp\u00e9riences visuelles immersives. Avec la r\u00e9solution la plus \u00e9lev\u00e9e de l&#039;industrie \u00e0 un minuscule pas de pixel de 0,6 mm, votre public fera l&#039;exp\u00e9rience de d\u00e9tails visuels et de couleurs vives tout en \u00e9tant de pr\u00e8s et pleinement engag\u00e9. Avec des caract\u00e9ristiques telles qu&#039;un indice de protection IP65, une r\u00e9sistance aux chocs de 10 kg et des coins sans soudure \u00e0 90 degr\u00e9s, vos conceptions ne seront limit\u00e9es que par votre imagination. Parfait pour les halls, les atriums, les salles de conf\u00e9rence, la vente au d\u00e9tail, les galeries, les mus\u00e9es, l&#039;h\u00f4tellerie, les restaurants, les centres de transport, les lieux publics et bien plus encore.<\/h2>\n<p>centre<\/p>\n<p><img decoding=\"async\" src=\"https:\/\/corumview.com\/wp-content\/uploads\/2024\/11\/DVQ-Series.webp\" alt=\"S\u00e9rie LED d&#039;int\u00e9rieur DVQ\" \/><br \/>complet<br \/><a href=\"https:\/\/corumview.com\/fr\/produits-daffichage-mural-video-a-led\/ecrans-led-fixes-dinterieur\/serie-dvq\/\">https:\/\/corumview.com\/led-video-wall-display-products\/indoor-fixed-led-displays\/dvq-series\/<\/a><br \/>d\u00e9sactiver<br \/>centre<\/p>\n<h4>Affichage LED fixe d&#039;int\u00e9rieur<\/h4>\n<h3>S\u00e9rie DVQ<\/h3>\n<h4>Pas de pixel : 0,7 mm\/ 1,2 mm\/ 1,5 mm<\/h4>\n<p>Armoire int\u00e9gr\u00e9eConception modulaireConception \u00e0 cathode communePrise en charge de la double sauvegarde<img decoding=\"async\" src=\"https:\/\/corumview.com\/wp-content\/uploads\/2024\/11\/DVQ-Series-features.webp\" alt=\"Caract\u00e9ristiques de la s\u00e9rie LED d&#039;int\u00e9rieur DVQ\" \/><a class=\"button  button_size_2\" href=\"\"         title=\"\"><span class=\"button_label\">Bouton<\/span><\/a>\n<\/p>\n<p><img decoding=\"async\" src=\"https:\/\/corumview.com\/wp-content\/uploads\/2024\/11\/DVY-Series.webp\" alt=\"S\u00e9rie LED d&#039;int\u00e9rieur DVY\" \/><br \/>complet<br \/><a href=\"https:\/\/corumview.com\/fr\/serie-dvy\/\">https:\/\/corumview.com\/dvy-series\/<\/a><br \/>d\u00e9sactiver<br \/>centre<\/p>\n<h4>Affichage LED fixe d&#039;int\u00e9rieur<\/h4>\n<h3>S\u00e9rie DVY<\/h3>\n<h4>Pas de pixel : 0,9 mm \/ 1,2 mm<\/h4>\n<p>Dot\u00e9 de la technologie COB Flip Chip, cet \u00e9cran garantit un niveau de noir profond et uniforme et des visuels ultra haute d\u00e9finition pour une exp\u00e9rience plus immersive et visuellement coh\u00e9rente.<img decoding=\"async\" src=\"https:\/\/corumview.com\/wp-content\/uploads\/2024\/11\/DVQ-Series-features.webp\" alt=\"Caract\u00e9ristiques de la s\u00e9rie LED d&#039;int\u00e9rieur DVQ\" \/><a class=\"button  button_size_2\" href=\"\"         title=\"\"><span class=\"button_label\">Bouton<\/span><\/a>\n<\/p>\n<p><img decoding=\"async\" src=\"https:\/\/corumview.com\/wp-content\/uploads\/2024\/08\/DVX-Series-LED-Video-Wall-1-2.webp#10987\" alt=\"\" \/><br \/>complet<br \/><a href=\"https:\/\/corumview.com\/fr\/produits-daffichage-mural-video-a-led\/ecrans-led-fixes-dinterieur\/serie-dvx\/\">https:\/\/corumview.com\/led-video-wall-display-products\/indoor-fixed-led-displays\/dvx-series\/<\/a><br \/>d\u00e9sactiver<br \/>centre<\/p>\n<h4>Affichage LED fixe d&#039;int\u00e9rieur<\/h4>\n<h3>S\u00e9rie DVX<\/h3>\n<p>Pas de pixel : 1,95 mm\/2,4 mm\/2,9 mm\/3,91 mm\/5,95 mmAdaptabilit\u00e9 polyvalenteProtection robusteCapacit\u00e9 de r\u00e9glage sur 6 axesOptions d&#039;installation adaptablesCompatibilit\u00e9 de la plateformeQualit\u00e9 d&#039;affichage sup\u00e9rieurePerformances de plan\u00e9it\u00e9 homog\u00e8nes<a class=\"button  button_size_2\" href=\"\"         title=\"\"><span class=\"button_label\">Bouton<\/span><\/a>\n<\/p>\n<p><img decoding=\"async\" src=\"https:\/\/corumview.com\/wp-content\/uploads\/2022\/06\/e-DVK-series-header.png\" alt=\"\u00c9cran mural vid\u00e9o LED s\u00e9rie DVK\" \/><br \/>complet<br \/><a href=\"https:\/\/corumview.com\/fr\/produits-daffichage-mural-video-a-led\/ecrans-led-fixes-dinterieur\/serie-dvk\/\">https:\/\/corumview.com\/led-video-wall-display-products\/indoor-fixed-led-displays\/dvk-series\/<\/a><br \/>d\u00e9sactiver<br \/>centre<\/p>\n<h4>Affichage LED fixe d&#039;int\u00e9rieur<\/h4>\n<h3>S\u00e9rie DVK<\/h3>\n<p>Pas de pixel de 1,6 mm \u00e0 3,2 mmTechnologie LED SMDHaute luminosit\u00e9 jusqu&#039;\u00e0 3 500 nitsArmoires au format 16:9Coins \u00e0 90 degr\u00e9sR\u00e9parables \u00e0 l&#039;avant et \u00e0 l&#039;arri\u00e8re<a class=\"button  button_size_2\" href=\"\"         title=\"\"><span class=\"button_label\">Bouton<\/span><\/a>\n<\/p>\n<p><img decoding=\"async\" src=\"https:\/\/corumview.com\/wp-content\/uploads\/2023\/08\/DVM-gallery3b.webp\" alt=\"DVM-gallery3b\" \/><br \/>complet<br \/><a href=\"https:\/\/corumview.com\/fr\/produits-daffichage-mural-video-a-led\/ecrans-led-fixes-dinterieur\/dvm-transparent\/\">https:\/\/corumview.com\/led-video-wall-display-products\/indoor-fixed-led-displays\/dvm-transparent\/<\/a><br \/>d\u00e9sactiver<br \/>centre<\/p>\n<h4>Int\u00e9rieur LED Transparent<\/h4>\n<h3>S\u00e9rie transparente DVM<\/h3>\n<p>Structure en profil\u00e9 d&#039;aluminium, conception ultra l\u00e9g\u00e8re et installation rapide<a class=\"button  button_size_2\" href=\"\"         title=\"\"><span class=\"button_label\">Bouton<\/span><\/a>\n<\/p>","protected":false},"excerpt":{"rendered":"<p><span class=\"excerpt-hellip\"> [\u2026]<\/span><\/p>\n","protected":false},"author":1,"featured_media":0,"parent":88,"menu_order":0,"comment_status":"closed","ping_status":"closed","template":"","meta":{"footnotes":""},"class_list":["post-139","page","type-page","status-publish","hentry"],"yoast_head":"<!-- This site is optimized with the Yoast SEO plugin v27.4 - https:\/\/yoast.com\/product\/yoast-seo-wordpress\/ -->\n<title>Indoor Fixed LED Displays - Corum View<\/title>\n<meta name=\"description\" content=\"Corum View Indoor LED Display Solutions are Perfect for Lobbies, Boardrooms, Hospitality, Transportation Hubs, Public Venues and much more.\" \/>\n<meta name=\"robots\" content=\"index, follow, max-snippet:-1, max-image-preview:large, max-video-preview:-1\" \/>\n<link rel=\"canonical\" href=\"https:\/\/corumview.com\/fr\/produits-daffichage-mural-video-a-led\/ecrans-led-fixes-dinterieur\/\" \/>\n<meta property=\"og:locale\" content=\"fr_CA\" \/>\n<meta property=\"og:type\" content=\"article\" \/>\n<meta property=\"og:title\" content=\"Indoor Fixed LED Displays - Corum View\" \/>\n<meta property=\"og:description\" content=\"Corum View Indoor LED Display Solutions are Perfect for Lobbies, Boardrooms, Hospitality, Transportation Hubs, Public Venues and much more.\" \/>\n<meta property=\"og:url\" content=\"https:\/\/corumview.com\/fr\/produits-daffichage-mural-video-a-led\/ecrans-led-fixes-dinterieur\/\" \/>\n<meta property=\"og:site_name\" content=\"Corum View\" \/>\n<meta property=\"article:publisher\" content=\"https:\/\/www.facebook.com\/people\/Corum-View\/100092176959933\/\" \/>\n<meta property=\"article:modified_time\" content=\"2024-11-05T21:18:03+00:00\" \/>\n<meta property=\"og:image\" content=\"https:\/\/corumview.com\/wp-content\/uploads\/2024\/11\/DVQ-Series.webp\" \/>\n<meta name=\"twitter:card\" content=\"summary_large_image\" \/>\n<meta name=\"twitter:site\" content=\"@CorumView\" \/>\n<meta name=\"twitter:label1\" content=\"Estimation du temps de lecture\" \/>\n\t<meta name=\"twitter:data1\" content=\"2 minutes\" \/>\n<script type=\"application\/ld+json\" class=\"yoast-schema-graph\">{\"@context\":\"https:\\\/\\\/schema.org\",\"@graph\":[{\"@type\":\"WebPage\",\"@id\":\"https:\\\/\\\/corumview.com\\\/led-video-wall-display-products\\\/indoor-fixed-led-displays\\\/\",\"url\":\"https:\\\/\\\/corumview.com\\\/led-video-wall-display-products\\\/indoor-fixed-led-displays\\\/\",\"name\":\"Indoor Fixed LED Displays - Corum View\",\"isPartOf\":{\"@id\":\"https:\\\/\\\/corumview.com\\\/#website\"},\"primaryImageOfPage\":{\"@id\":\"https:\\\/\\\/corumview.com\\\/led-video-wall-display-products\\\/indoor-fixed-led-displays\\\/#primaryimage\"},\"image\":{\"@id\":\"https:\\\/\\\/corumview.com\\\/led-video-wall-display-products\\\/indoor-fixed-led-displays\\\/#primaryimage\"},\"thumbnailUrl\":\"https:\\\/\\\/corumview.com\\\/wp-content\\\/uploads\\\/2024\\\/11\\\/DVQ-Series.webp\",\"datePublished\":\"2022-06-15T14:05:26+00:00\",\"dateModified\":\"2024-11-05T21:18:03+00:00\",\"description\":\"Corum View Indoor LED Display Solutions are Perfect for Lobbies, Boardrooms, Hospitality, Transportation Hubs, Public Venues and much more.\",\"breadcrumb\":{\"@id\":\"https:\\\/\\\/corumview.com\\\/led-video-wall-display-products\\\/indoor-fixed-led-displays\\\/#breadcrumb\"},\"inLanguage\":\"fr-CA\",\"potentialAction\":[{\"@type\":\"ReadAction\",\"target\":[\"https:\\\/\\\/corumview.com\\\/led-video-wall-display-products\\\/indoor-fixed-led-displays\\\/\"]}]},{\"@type\":\"ImageObject\",\"inLanguage\":\"fr-CA\",\"@id\":\"https:\\\/\\\/corumview.com\\\/led-video-wall-display-products\\\/indoor-fixed-led-displays\\\/#primaryimage\",\"url\":\"https:\\\/\\\/corumview.com\\\/wp-content\\\/uploads\\\/2024\\\/11\\\/DVQ-Series.webp\",\"contentUrl\":\"https:\\\/\\\/corumview.com\\\/wp-content\\\/uploads\\\/2024\\\/11\\\/DVQ-Series.webp\"},{\"@type\":\"BreadcrumbList\",\"@id\":\"https:\\\/\\\/corumview.com\\\/led-video-wall-display-products\\\/indoor-fixed-led-displays\\\/#breadcrumb\",\"itemListElement\":[{\"@type\":\"ListItem\",\"position\":1,\"name\":\"Home\",\"item\":\"https:\\\/\\\/corumview.com\\\/\"},{\"@type\":\"ListItem\",\"position\":2,\"name\":\"Products\",\"item\":\"https:\\\/\\\/corumview.com\\\/led-video-wall-display-products\\\/\"},{\"@type\":\"ListItem\",\"position\":3,\"name\":\"Indoor Fixed LED Displays\"}]},{\"@type\":\"WebSite\",\"@id\":\"https:\\\/\\\/corumview.com\\\/#website\",\"url\":\"https:\\\/\\\/corumview.com\\\/\",\"name\":\"Corum View\",\"description\":\"Direct View LED Displays\",\"publisher\":{\"@id\":\"https:\\\/\\\/corumview.com\\\/#organization\"},\"potentialAction\":[{\"@type\":\"SearchAction\",\"target\":{\"@type\":\"EntryPoint\",\"urlTemplate\":\"https:\\\/\\\/corumview.com\\\/?s={search_term_string}\"},\"query-input\":{\"@type\":\"PropertyValueSpecification\",\"valueRequired\":true,\"valueName\":\"search_term_string\"}}],\"inLanguage\":\"fr-CA\"},{\"@type\":\"Organization\",\"@id\":\"https:\\\/\\\/corumview.com\\\/#organization\",\"name\":\"Corum View\",\"url\":\"https:\\\/\\\/corumview.com\\\/\",\"logo\":{\"@type\":\"ImageObject\",\"inLanguage\":\"fr-CA\",\"@id\":\"https:\\\/\\\/corumview.com\\\/#\\\/schema\\\/logo\\\/image\\\/\",\"url\":\"https:\\\/\\\/corumview.com\\\/wp-content\\\/uploads\\\/2022\\\/06\\\/cv-fav.jpg\",\"contentUrl\":\"https:\\\/\\\/corumview.com\\\/wp-content\\\/uploads\\\/2022\\\/06\\\/cv-fav.jpg\",\"width\":260,\"height\":260,\"caption\":\"Corum View\"},\"image\":{\"@id\":\"https:\\\/\\\/corumview.com\\\/#\\\/schema\\\/logo\\\/image\\\/\"},\"sameAs\":[\"https:\\\/\\\/www.facebook.com\\\/people\\\/Corum-View\\\/100092176959933\\\/\",\"https:\\\/\\\/x.com\\\/CorumView\",\"https:\\\/\\\/www.linkedin.com\\\/company\\\/corum-view\\\/\"]}]}<\/script>\n<!-- \/ Yoast SEO plugin. -->","yoast_head_json":{"title":"\u00c9crans LED fixes d&#039;int\u00e9rieur - Corum View","description":"Les solutions d&#039;affichage LED d&#039;int\u00e9rieur Corum View sont parfaites pour les halls d&#039;entr\u00e9e, les salles de r\u00e9union, l&#039;h\u00f4tellerie, les centres de transport, les lieux publics et bien plus encore.","robots":{"index":"index","follow":"follow","max-snippet":"max-snippet:-1","max-image-preview":"max-image-preview:large","max-video-preview":"max-video-preview:-1"},"canonical":"https:\/\/corumview.com\/fr\/produits-daffichage-mural-video-a-led\/ecrans-led-fixes-dinterieur\/","og_locale":"fr_CA","og_type":"article","og_title":"Indoor Fixed LED Displays - Corum View","og_description":"Corum View Indoor LED Display Solutions are Perfect for Lobbies, Boardrooms, Hospitality, Transportation Hubs, Public Venues and much more.","og_url":"https:\/\/corumview.com\/fr\/produits-daffichage-mural-video-a-led\/ecrans-led-fixes-dinterieur\/","og_site_name":"Corum View","article_publisher":"https:\/\/www.facebook.com\/people\/Corum-View\/100092176959933\/","article_modified_time":"2024-11-05T21:18:03+00:00","og_image":[{"url":"https:\/\/corumview.com\/wp-content\/uploads\/2024\/11\/DVQ-Series.webp","type":"","width":"","height":""}],"twitter_card":"summary_large_image","twitter_site":"@CorumView","twitter_misc":{"Estimation du temps de lecture":"2 minutes"},"schema":{"@context":"https:\/\/schema.org","@graph":[{"@type":"WebPage","@id":"https:\/\/corumview.com\/led-video-wall-display-products\/indoor-fixed-led-displays\/","url":"https:\/\/corumview.com\/led-video-wall-display-products\/indoor-fixed-led-displays\/","name":"\u00c9crans LED fixes d&#039;int\u00e9rieur - Corum View","isPartOf":{"@id":"https:\/\/corumview.com\/#website"},"primaryImageOfPage":{"@id":"https:\/\/corumview.com\/led-video-wall-display-products\/indoor-fixed-led-displays\/#primaryimage"},"image":{"@id":"https:\/\/corumview.com\/led-video-wall-display-products\/indoor-fixed-led-displays\/#primaryimage"},"thumbnailUrl":"https:\/\/corumview.com\/wp-content\/uploads\/2024\/11\/DVQ-Series.webp","datePublished":"2022-06-15T14:05:26+00:00","dateModified":"2024-11-05T21:18:03+00:00","description":"Les solutions d&#039;affichage LED d&#039;int\u00e9rieur Corum View sont parfaites pour les halls d&#039;entr\u00e9e, les salles de r\u00e9union, l&#039;h\u00f4tellerie, les centres de transport, les lieux publics et bien plus encore.","breadcrumb":{"@id":"https:\/\/corumview.com\/led-video-wall-display-products\/indoor-fixed-led-displays\/#breadcrumb"},"inLanguage":"fr-CA","potentialAction":[{"@type":"ReadAction","target":["https:\/\/corumview.com\/led-video-wall-display-products\/indoor-fixed-led-displays\/"]}]},{"@type":"ImageObject","inLanguage":"fr-CA","@id":"https:\/\/corumview.com\/led-video-wall-display-products\/indoor-fixed-led-displays\/#primaryimage","url":"https:\/\/corumview.com\/wp-content\/uploads\/2024\/11\/DVQ-Series.webp","contentUrl":"https:\/\/corumview.com\/wp-content\/uploads\/2024\/11\/DVQ-Series.webp"},{"@type":"BreadcrumbList","@id":"https:\/\/corumview.com\/led-video-wall-display-products\/indoor-fixed-led-displays\/#breadcrumb","itemListElement":[{"@type":"ListItem","position":1,"name":"Home","item":"https:\/\/corumview.com\/"},{"@type":"ListItem","position":2,"name":"Products","item":"https:\/\/corumview.com\/led-video-wall-display-products\/"},{"@type":"ListItem","position":3,"name":"Indoor Fixed LED Displays"}]},{"@type":"WebSite","@id":"https:\/\/corumview.com\/#website","url":"https:\/\/corumview.com\/","name":"Voir Corum","description":"Affichages LED \u00e0 vue directe","publisher":{"@id":"https:\/\/corumview.com\/#organization"},"potentialAction":[{"@type":"SearchAction","target":{"@type":"EntryPoint","urlTemplate":"https:\/\/corumview.com\/?s={search_term_string}"},"query-input":{"@type":"PropertyValueSpecification","valueRequired":true,"valueName":"search_term_string"}}],"inLanguage":"fr-CA"},{"@type":"Organization","@id":"https:\/\/corumview.com\/#organization","name":"Voir Corum","url":"https:\/\/corumview.com\/","logo":{"@type":"ImageObject","inLanguage":"fr-CA","@id":"https:\/\/corumview.com\/#\/schema\/logo\/image\/","url":"https:\/\/corumview.com\/wp-content\/uploads\/2022\/06\/cv-fav.jpg","contentUrl":"https:\/\/corumview.com\/wp-content\/uploads\/2022\/06\/cv-fav.jpg","width":260,"height":260,"caption":"Corum View"},"image":{"@id":"https:\/\/corumview.com\/#\/schema\/logo\/image\/"},"sameAs":["https:\/\/www.facebook.com\/people\/Corum-View\/100092176959933\/","https:\/\/x.com\/CorumView","https:\/\/www.linkedin.com\/company\/corum-view\/"]}]}},"_links":{"self":[{"href":"https:\/\/corumview.com\/fr\/wp-json\/wp\/v2\/pages\/139","targetHints":{"allow":["GET"]}}],"collection":[{"href":"https:\/\/corumview.com\/fr\/wp-json\/wp\/v2\/pages"}],"about":[{"href":"https:\/\/corumview.com\/fr\/wp-json\/wp\/v2\/types\/page"}],"author":[{"embeddable":true,"href":"https:\/\/corumview.com\/fr\/wp-json\/wp\/v2\/users\/1"}],"replies":[{"embeddable":true,"href":"https:\/\/corumview.com\/fr\/wp-json\/wp\/v2\/comments?post=139"}],"version-history":[{"count":10,"href":"https:\/\/corumview.com\/fr\/wp-json\/wp\/v2\/pages\/139\/revisions"}],"predecessor-version":[{"id":11128,"href":"https:\/\/corumview.com\/fr\/wp-json\/wp\/v2\/pages\/139\/revisions\/11128"}],"up":[{"embeddable":true,"href":"https:\/\/corumview.com\/fr\/wp-json\/wp\/v2\/pages\/88"}],"wp:attachment":[{"href":"https:\/\/corumview.com\/fr\/wp-json\/wp\/v2\/media?parent=139"}],"curies":[{"name":"wp","href":"https:\/\/api.w.org\/{rel}","templated":true}]}}