{"id":143,"date":"2022-06-15T14:50:01","date_gmt":"2022-06-15T14:50:01","guid":{"rendered":"https:\/\/corumview.com\/?page_id=143"},"modified":"2024-11-05T16:07:32","modified_gmt":"2024-11-05T16:07:32","slug":"ecrans-led-exterieurs","status":"publish","type":"page","link":"https:\/\/corumview.com\/fr\/led-video-wall-display-products\/outdoor-led-displays\/","title":{"rendered":"Affichages LED ext\u00e9rieurs"},"content":{"rendered":"<h1>Affichages LED fixes ext\u00e9rieurs<\/h1>\n<p>&nbsp;<\/p>\n<h2>La solution d&#039;affichage LED d&#039;ext\u00e9rieur Corum View offre des exp\u00e9riences visuelles percutantes avec une luminosit\u00e9 et un contraste in\u00e9gal\u00e9s pour une lisibilit\u00e9 en plein soleil. Nos conceptions ext\u00e9rieures robustes s&#039;adaptent aux conditions m\u00e9t\u00e9orologiques extr\u00eames dans les climats froids et chauds. Parfait pour les panneaux d&#039;affichage, les d\u00e9cors de sites, la signalisation routi\u00e8re, la signalisation de transport, la publicit\u00e9 de vitrine, la signalisation de b\u00e2timent, la signalisation \u00e9ducative, les maisons de culte et bien plus encore.<\/h2>\n<p>centre<\/p>\n<p><img decoding=\"async\" src=\"https:\/\/corumview.com\/wp-content\/uploads\/2022\/06\/DVT-series.png\" alt=\"\u00c9crans LED ext\u00e9rieurs s\u00e9rie DVT\" \/><br \/>\ncomplet<br \/>\n<a href=\"https:\/\/corumview.com\/fr\/products\/outdoor-fixed-led-displays\/dvt-series\/\">https:\/\/corumview.com\/products\/outdoor-fixed-led-displays\/dvt-series\/<\/a><br \/>\nd\u00e9sactiver<br \/>\ncentre<\/p>\n<h4>Affichage LED fixe ext\u00e9rieur<\/h4>\n<p>&nbsp;<\/p>\n<h3>S\u00e9rie DVT<\/h3>\n<p>Pas de pixel de 4,4\u00a0mm \u00e0 16\u00a0mm<\/p>\n<p>Technologie LED CMS<\/p>\n<p>Modules frontaux class\u00e9s IP67<\/p>\n<p>Haute luminosit\u00e9 jusqu&#039;\u00e0 8500 nits<\/p>\n<p>Armoires au format 16:9<\/p>\n<p>R\u00e9parable \u00e0 l&#039;avant et \u00e0 l&#039;arri\u00e8re<\/p>\n<a class=\"button  button_size_2\" href=\"\"         title=\"\"><span class=\"button_label\">Bouton<\/span><\/a>","protected":false},"excerpt":{"rendered":"<p><span class=\"excerpt-hellip\"> [\u2026]<\/span><\/p>\n","protected":false},"author":1,"featured_media":0,"parent":88,"menu_order":0,"comment_status":"closed","ping_status":"closed","template":"","meta":{"footnotes":""},"class_list":["post-143","page","type-page","status-publish","hentry"],"yoast_head":"<!-- This site is optimized with the Yoast SEO plugin v27.4 - https:\/\/yoast.com\/product\/yoast-seo-wordpress\/ -->\n<title>Outdoor LED Displays - Corum View<\/title>\n<meta name=\"description\" content=\"Corum View Outdoor LED Displays are perfect for Billboards, Venue Backdrops, Road Signage, Educational Signage and much more.\" \/>\n<meta name=\"robots\" content=\"index, follow, max-snippet:-1, max-image-preview:large, max-video-preview:-1\" \/>\n<link rel=\"canonical\" href=\"https:\/\/corumview.com\/fr\/produits-daffichage-mural-video-a-led\/ecrans-led-exterieurs\/\" \/>\n<meta property=\"og:locale\" content=\"fr_CA\" \/>\n<meta property=\"og:type\" content=\"article\" \/>\n<meta property=\"og:title\" content=\"Outdoor LED Displays - Corum View\" \/>\n<meta property=\"og:description\" content=\"Corum View Outdoor LED Displays are perfect for Billboards, Venue Backdrops, Road Signage, Educational Signage and much more.\" \/>\n<meta property=\"og:url\" content=\"https:\/\/corumview.com\/fr\/produits-daffichage-mural-video-a-led\/ecrans-led-exterieurs\/\" \/>\n<meta property=\"og:site_name\" content=\"Corum View\" \/>\n<meta property=\"article:publisher\" content=\"https:\/\/www.facebook.com\/people\/Corum-View\/100092176959933\/\" \/>\n<meta property=\"article:modified_time\" content=\"2024-11-05T16:07:32+00:00\" \/>\n<meta property=\"og:image\" content=\"https:\/\/corumview.com\/wp-content\/uploads\/2022\/06\/DVT-series.png\" \/>\n<meta name=\"twitter:card\" content=\"summary_large_image\" \/>\n<meta name=\"twitter:site\" content=\"@CorumView\" \/>\n<meta name=\"twitter:label1\" content=\"Estimation du temps de lecture\" \/>\n\t<meta name=\"twitter:data1\" content=\"1 minute\" \/>\n<script type=\"application\/ld+json\" class=\"yoast-schema-graph\">{\"@context\":\"https:\\\/\\\/schema.org\",\"@graph\":[{\"@type\":\"WebPage\",\"@id\":\"https:\\\/\\\/corumview.com\\\/led-video-wall-display-products\\\/outdoor-led-displays\\\/\",\"url\":\"https:\\\/\\\/corumview.com\\\/led-video-wall-display-products\\\/outdoor-led-displays\\\/\",\"name\":\"Outdoor LED Displays - Corum View\",\"isPartOf\":{\"@id\":\"https:\\\/\\\/corumview.com\\\/#website\"},\"primaryImageOfPage\":{\"@id\":\"https:\\\/\\\/corumview.com\\\/led-video-wall-display-products\\\/outdoor-led-displays\\\/#primaryimage\"},\"image\":{\"@id\":\"https:\\\/\\\/corumview.com\\\/led-video-wall-display-products\\\/outdoor-led-displays\\\/#primaryimage\"},\"thumbnailUrl\":\"https:\\\/\\\/corumview.com\\\/wp-content\\\/uploads\\\/2022\\\/06\\\/DVT-series.png\",\"datePublished\":\"2022-06-15T14:50:01+00:00\",\"dateModified\":\"2024-11-05T16:07:32+00:00\",\"description\":\"Corum View Outdoor LED Displays are perfect for Billboards, Venue Backdrops, Road Signage, Educational Signage and much more.\",\"breadcrumb\":{\"@id\":\"https:\\\/\\\/corumview.com\\\/led-video-wall-display-products\\\/outdoor-led-displays\\\/#breadcrumb\"},\"inLanguage\":\"fr-CA\",\"potentialAction\":[{\"@type\":\"ReadAction\",\"target\":[\"https:\\\/\\\/corumview.com\\\/led-video-wall-display-products\\\/outdoor-led-displays\\\/\"]}]},{\"@type\":\"ImageObject\",\"inLanguage\":\"fr-CA\",\"@id\":\"https:\\\/\\\/corumview.com\\\/led-video-wall-display-products\\\/outdoor-led-displays\\\/#primaryimage\",\"url\":\"https:\\\/\\\/corumview.com\\\/wp-content\\\/uploads\\\/2022\\\/06\\\/DVT-series.png\",\"contentUrl\":\"https:\\\/\\\/corumview.com\\\/wp-content\\\/uploads\\\/2022\\\/06\\\/DVT-series.png\"},{\"@type\":\"BreadcrumbList\",\"@id\":\"https:\\\/\\\/corumview.com\\\/led-video-wall-display-products\\\/outdoor-led-displays\\\/#breadcrumb\",\"itemListElement\":[{\"@type\":\"ListItem\",\"position\":1,\"name\":\"Home\",\"item\":\"https:\\\/\\\/corumview.com\\\/\"},{\"@type\":\"ListItem\",\"position\":2,\"name\":\"Products\",\"item\":\"https:\\\/\\\/corumview.com\\\/led-video-wall-display-products\\\/\"},{\"@type\":\"ListItem\",\"position\":3,\"name\":\"Outdoor LED Displays\"}]},{\"@type\":\"WebSite\",\"@id\":\"https:\\\/\\\/corumview.com\\\/#website\",\"url\":\"https:\\\/\\\/corumview.com\\\/\",\"name\":\"Corum View\",\"description\":\"Direct View LED Displays\",\"publisher\":{\"@id\":\"https:\\\/\\\/corumview.com\\\/#organization\"},\"potentialAction\":[{\"@type\":\"SearchAction\",\"target\":{\"@type\":\"EntryPoint\",\"urlTemplate\":\"https:\\\/\\\/corumview.com\\\/?s={search_term_string}\"},\"query-input\":{\"@type\":\"PropertyValueSpecification\",\"valueRequired\":true,\"valueName\":\"search_term_string\"}}],\"inLanguage\":\"fr-CA\"},{\"@type\":\"Organization\",\"@id\":\"https:\\\/\\\/corumview.com\\\/#organization\",\"name\":\"Corum View\",\"url\":\"https:\\\/\\\/corumview.com\\\/\",\"logo\":{\"@type\":\"ImageObject\",\"inLanguage\":\"fr-CA\",\"@id\":\"https:\\\/\\\/corumview.com\\\/#\\\/schema\\\/logo\\\/image\\\/\",\"url\":\"https:\\\/\\\/corumview.com\\\/wp-content\\\/uploads\\\/2022\\\/06\\\/cv-fav.jpg\",\"contentUrl\":\"https:\\\/\\\/corumview.com\\\/wp-content\\\/uploads\\\/2022\\\/06\\\/cv-fav.jpg\",\"width\":260,\"height\":260,\"caption\":\"Corum View\"},\"image\":{\"@id\":\"https:\\\/\\\/corumview.com\\\/#\\\/schema\\\/logo\\\/image\\\/\"},\"sameAs\":[\"https:\\\/\\\/www.facebook.com\\\/people\\\/Corum-View\\\/100092176959933\\\/\",\"https:\\\/\\\/x.com\\\/CorumView\",\"https:\\\/\\\/www.linkedin.com\\\/company\\\/corum-view\\\/\"]}]}<\/script>\n<!-- \/ Yoast SEO plugin. -->","yoast_head_json":{"title":"\u00c9crans LED d&#039;ext\u00e9rieur - Corum View","description":"Les \u00e9crans LED ext\u00e9rieurs Corum View sont parfaits pour les panneaux d&#039;affichage, les toiles de fond de lieux, la signalisation routi\u00e8re, la signalisation \u00e9ducative et bien plus encore.","robots":{"index":"index","follow":"follow","max-snippet":"max-snippet:-1","max-image-preview":"max-image-preview:large","max-video-preview":"max-video-preview:-1"},"canonical":"https:\/\/corumview.com\/fr\/produits-daffichage-mural-video-a-led\/ecrans-led-exterieurs\/","og_locale":"fr_CA","og_type":"article","og_title":"Outdoor LED Displays - Corum View","og_description":"Corum View Outdoor LED Displays are perfect for Billboards, Venue Backdrops, Road Signage, Educational Signage and much more.","og_url":"https:\/\/corumview.com\/fr\/produits-daffichage-mural-video-a-led\/ecrans-led-exterieurs\/","og_site_name":"Corum View","article_publisher":"https:\/\/www.facebook.com\/people\/Corum-View\/100092176959933\/","article_modified_time":"2024-11-05T16:07:32+00:00","og_image":[{"url":"https:\/\/corumview.com\/wp-content\/uploads\/2022\/06\/DVT-series.png","type":"","width":"","height":""}],"twitter_card":"summary_large_image","twitter_site":"@CorumView","twitter_misc":{"Estimation du temps de lecture":"1 minute"},"schema":{"@context":"https:\/\/schema.org","@graph":[{"@type":"WebPage","@id":"https:\/\/corumview.com\/led-video-wall-display-products\/outdoor-led-displays\/","url":"https:\/\/corumview.com\/led-video-wall-display-products\/outdoor-led-displays\/","name":"\u00c9crans LED d&#039;ext\u00e9rieur - Corum View","isPartOf":{"@id":"https:\/\/corumview.com\/#website"},"primaryImageOfPage":{"@id":"https:\/\/corumview.com\/led-video-wall-display-products\/outdoor-led-displays\/#primaryimage"},"image":{"@id":"https:\/\/corumview.com\/led-video-wall-display-products\/outdoor-led-displays\/#primaryimage"},"thumbnailUrl":"https:\/\/corumview.com\/wp-content\/uploads\/2022\/06\/DVT-series.png","datePublished":"2022-06-15T14:50:01+00:00","dateModified":"2024-11-05T16:07:32+00:00","description":"Les \u00e9crans LED ext\u00e9rieurs Corum View sont parfaits pour les panneaux d&#039;affichage, les toiles de fond de lieux, la signalisation routi\u00e8re, la signalisation \u00e9ducative et bien plus encore.","breadcrumb":{"@id":"https:\/\/corumview.com\/led-video-wall-display-products\/outdoor-led-displays\/#breadcrumb"},"inLanguage":"fr-CA","potentialAction":[{"@type":"ReadAction","target":["https:\/\/corumview.com\/led-video-wall-display-products\/outdoor-led-displays\/"]}]},{"@type":"ImageObject","inLanguage":"fr-CA","@id":"https:\/\/corumview.com\/led-video-wall-display-products\/outdoor-led-displays\/#primaryimage","url":"https:\/\/corumview.com\/wp-content\/uploads\/2022\/06\/DVT-series.png","contentUrl":"https:\/\/corumview.com\/wp-content\/uploads\/2022\/06\/DVT-series.png"},{"@type":"BreadcrumbList","@id":"https:\/\/corumview.com\/led-video-wall-display-products\/outdoor-led-displays\/#breadcrumb","itemListElement":[{"@type":"ListItem","position":1,"name":"Home","item":"https:\/\/corumview.com\/"},{"@type":"ListItem","position":2,"name":"Products","item":"https:\/\/corumview.com\/led-video-wall-display-products\/"},{"@type":"ListItem","position":3,"name":"Outdoor LED Displays"}]},{"@type":"WebSite","@id":"https:\/\/corumview.com\/#website","url":"https:\/\/corumview.com\/","name":"Voir Corum","description":"Affichages LED \u00e0 vue directe","publisher":{"@id":"https:\/\/corumview.com\/#organization"},"potentialAction":[{"@type":"SearchAction","target":{"@type":"EntryPoint","urlTemplate":"https:\/\/corumview.com\/?s={search_term_string}"},"query-input":{"@type":"PropertyValueSpecification","valueRequired":true,"valueName":"search_term_string"}}],"inLanguage":"fr-CA"},{"@type":"Organization","@id":"https:\/\/corumview.com\/#organization","name":"Voir Corum","url":"https:\/\/corumview.com\/","logo":{"@type":"ImageObject","inLanguage":"fr-CA","@id":"https:\/\/corumview.com\/#\/schema\/logo\/image\/","url":"https:\/\/corumview.com\/wp-content\/uploads\/2022\/06\/cv-fav.jpg","contentUrl":"https:\/\/corumview.com\/wp-content\/uploads\/2022\/06\/cv-fav.jpg","width":260,"height":260,"caption":"Corum View"},"image":{"@id":"https:\/\/corumview.com\/#\/schema\/logo\/image\/"},"sameAs":["https:\/\/www.facebook.com\/people\/Corum-View\/100092176959933\/","https:\/\/x.com\/CorumView","https:\/\/www.linkedin.com\/company\/corum-view\/"]}]}},"_links":{"self":[{"href":"https:\/\/corumview.com\/fr\/wp-json\/wp\/v2\/pages\/143","targetHints":{"allow":["GET"]}}],"collection":[{"href":"https:\/\/corumview.com\/fr\/wp-json\/wp\/v2\/pages"}],"about":[{"href":"https:\/\/corumview.com\/fr\/wp-json\/wp\/v2\/types\/page"}],"author":[{"embeddable":true,"href":"https:\/\/corumview.com\/fr\/wp-json\/wp\/v2\/users\/1"}],"replies":[{"embeddable":true,"href":"https:\/\/corumview.com\/fr\/wp-json\/wp\/v2\/comments?post=143"}],"version-history":[{"count":7,"href":"https:\/\/corumview.com\/fr\/wp-json\/wp\/v2\/pages\/143\/revisions"}],"predecessor-version":[{"id":11092,"href":"https:\/\/corumview.com\/fr\/wp-json\/wp\/v2\/pages\/143\/revisions\/11092"}],"up":[{"embeddable":true,"href":"https:\/\/corumview.com\/fr\/wp-json\/wp\/v2\/pages\/88"}],"wp:attachment":[{"href":"https:\/\/corumview.com\/fr\/wp-json\/wp\/v2\/media?parent=143"}],"curies":[{"name":"wp","href":"https:\/\/api.w.org\/{rel}","templated":true}]}}