{"id":145,"date":"2022-06-15T14:55:25","date_gmt":"2022-06-15T14:55:25","guid":{"rendered":"https:\/\/corumview.com\/?page_id=145"},"modified":"2023-10-19T13:51:49","modified_gmt":"2023-10-19T13:51:49","slug":"ecrans-led-mobiles-de-location","status":"publish","type":"page","link":"https:\/\/corumview.com\/fr\/led-video-wall-display-products\/mobile-rental-led-displays\/","title":{"rendered":"Affichages LED mobiles de location"},"content":{"rendered":"<h1>\u00c9crans LED de location mobile<\/h1>\n<p>&nbsp;<\/p>\n<h2>Les solutions d&#039;affichage LED Corum View Indoor Direct View sont con\u00e7ues pour les rigueurs de l&#039;assemblage et du d\u00e9montage dans toutes sortes de lieux publics. M\u00eame de pr\u00e8s, le public sera \u00e9bloui par les meilleures r\u00e9solutions de l&#039;industrie aussi petites que 0,9 mm Pixel Pitch. Les coins sans soudure \u00e0 90 degr\u00e9s et la prise en charge des murs incurv\u00e9s avec des arcs int\u00e9rieurs jusqu&#039;\u00e0 12 degr\u00e9s et des arcs ext\u00e9rieurs de 3 degr\u00e9s vous permettront de cr\u00e9er de superbes murs visuels limit\u00e9s uniquement par votre imagination. Des caract\u00e9ristiques telles que les panneaux class\u00e9s IP65 qui r\u00e9sistent aux chocs jusqu&#039;\u00e0 10 kg et un taux de d\u00e9faillance inf\u00e9rieur \u00e0 10 parties par million garantissent que vos panneaux fonctionneront de mani\u00e8re constante sur chaque site o\u00f9 ils sont assembl\u00e9s. Parfait pour les salles de concert, les salons professionnels, les conf\u00e9rences de vente, les rassemblements politiques, les remises de prix et bien plus encore.<\/h2>\n<p>centre<\/p>\n<p><img decoding=\"async\" src=\"https:\/\/corumview.com\/wp-content\/uploads\/2022\/06\/DVR-series.png\" alt=\"\u00c9cran mural vid\u00e9o LED s\u00e9rie DVR\" \/><br \/>\ncomplet<br \/>\n<a href=\"https:\/\/corumview.com\/fr\/products\/ecrans-led-mobiles-de-location\/serie-dvr\/\">https:\/\/corumview.com\/products\/mobile-rental-led-displays\/dvr-series\/<\/a><br \/>\nd\u00e9sactiver<br \/>\ncentre<\/p>\n<h4>Affichage LED mobile\/de location<\/h4>\n<p>&nbsp;<\/p>\n<h3>S\u00e9rie DVR<\/h3>\n<p>Pas de pixel de 1,26\u00a0mm \u00e0 1,9\u00a0mm<\/p>\n<p>Technologie LED COB<\/p>\n<p>Modules avant class\u00e9s IP65<\/p>\n<p>R\u00e9sistance aux chocs jusqu&#039;\u00e0 10\u00a0KG<\/p>\n<p>Armoires au format 16:9<\/p>\n<p>Fly-Bar &amp; sol empilable<\/p>\n<a class=\"button  button_size_2\" href=\"\"         title=\"\"><span class=\"button_label\">Bouton<\/span><\/a>\n\n<p><img decoding=\"async\" src=\"https:\/\/corumview.com\/wp-content\/uploads\/2022\/06\/dvw.png\" alt=\"Mur vid\u00e9o LED s\u00e9rie DVW\" \/><br \/>\ncomplet<br \/>\n<a href=\"https:\/\/corumview.com\/fr\/products\/ecrans-led-mobiles-de-location\/serie-dvr\/\">https:\/\/corumview.com\/products\/mobile-rental-led-displays\/dvr-series\/<\/a><br \/>\nd\u00e9sactiver<br \/>\ncentre<\/p>\n<h4>Affichage LED mobile\/de location<\/h4>\n<p>&nbsp;<\/p>\n<h3>S\u00e9rie DVW<\/h3>\n<p>Pas de pixel de 1,9 mm \u00e0 2,6 mm<\/p>\n<p>Technologie LED CMS<\/p>\n<p>1\u00a0000\u00a0nits<\/p>\n<p>Support mural incurv\u00e9<\/p>\n<a class=\"button  button_size_2\" href=\"\"         title=\"\"><span class=\"button_label\">Bouton<\/span><\/a>","protected":false},"excerpt":{"rendered":"<p><span class=\"excerpt-hellip\"> [\u2026]<\/span><\/p>\n","protected":false},"author":1,"featured_media":0,"parent":88,"menu_order":0,"comment_status":"closed","ping_status":"closed","template":"","meta":{"footnotes":""},"class_list":["post-145","page","type-page","status-publish","hentry"],"yoast_head":"<!-- This site is optimized with the Yoast SEO plugin v27.4 - https:\/\/yoast.com\/product\/yoast-seo-wordpress\/ -->\n<title>Mobile Rental LED Displays - Corum View<\/title>\n<meta name=\"description\" content=\"Corum View Indoor Mobile-Rental LED Displays are designed for the rigors of assembly and teardown in all sorts of public venues.\" \/>\n<meta name=\"robots\" content=\"index, follow, max-snippet:-1, max-image-preview:large, max-video-preview:-1\" \/>\n<link rel=\"canonical\" href=\"https:\/\/corumview.com\/fr\/produits-daffichage-mural-video-a-led\/ecrans-led-mobiles-de-location\/\" \/>\n<meta property=\"og:locale\" content=\"fr_CA\" \/>\n<meta property=\"og:type\" content=\"article\" \/>\n<meta property=\"og:title\" content=\"Mobile Rental LED Displays - Corum View\" \/>\n<meta property=\"og:description\" content=\"Corum View Indoor Mobile-Rental LED Displays are designed for the rigors of assembly and teardown in all sorts of public venues.\" \/>\n<meta property=\"og:url\" content=\"https:\/\/corumview.com\/fr\/produits-daffichage-mural-video-a-led\/ecrans-led-mobiles-de-location\/\" \/>\n<meta property=\"og:site_name\" content=\"Corum View\" \/>\n<meta property=\"article:publisher\" content=\"https:\/\/www.facebook.com\/people\/Corum-View\/100092176959933\/\" \/>\n<meta property=\"article:modified_time\" content=\"2023-10-19T13:51:49+00:00\" \/>\n<meta property=\"og:image\" content=\"https:\/\/corumview.com\/wp-content\/uploads\/2022\/06\/DVR-series.png\" \/>\n<meta name=\"twitter:card\" content=\"summary_large_image\" \/>\n<meta name=\"twitter:site\" content=\"@CorumView\" \/>\n<meta name=\"twitter:label1\" content=\"Estimation du temps de lecture\" \/>\n\t<meta name=\"twitter:data1\" content=\"2 minutes\" \/>\n<script type=\"application\/ld+json\" class=\"yoast-schema-graph\">{\"@context\":\"https:\\\/\\\/schema.org\",\"@graph\":[{\"@type\":\"WebPage\",\"@id\":\"https:\\\/\\\/corumview.com\\\/led-video-wall-display-products\\\/mobile-rental-led-displays\\\/\",\"url\":\"https:\\\/\\\/corumview.com\\\/led-video-wall-display-products\\\/mobile-rental-led-displays\\\/\",\"name\":\"Mobile Rental LED Displays - Corum View\",\"isPartOf\":{\"@id\":\"https:\\\/\\\/corumview.com\\\/#website\"},\"primaryImageOfPage\":{\"@id\":\"https:\\\/\\\/corumview.com\\\/led-video-wall-display-products\\\/mobile-rental-led-displays\\\/#primaryimage\"},\"image\":{\"@id\":\"https:\\\/\\\/corumview.com\\\/led-video-wall-display-products\\\/mobile-rental-led-displays\\\/#primaryimage\"},\"thumbnailUrl\":\"https:\\\/\\\/corumview.com\\\/wp-content\\\/uploads\\\/2022\\\/06\\\/DVR-series.png\",\"datePublished\":\"2022-06-15T14:55:25+00:00\",\"dateModified\":\"2023-10-19T13:51:49+00:00\",\"description\":\"Corum View Indoor Mobile-Rental LED Displays are designed for the rigors of assembly and teardown in all sorts of public venues.\",\"breadcrumb\":{\"@id\":\"https:\\\/\\\/corumview.com\\\/led-video-wall-display-products\\\/mobile-rental-led-displays\\\/#breadcrumb\"},\"inLanguage\":\"fr-CA\",\"potentialAction\":[{\"@type\":\"ReadAction\",\"target\":[\"https:\\\/\\\/corumview.com\\\/led-video-wall-display-products\\\/mobile-rental-led-displays\\\/\"]}]},{\"@type\":\"ImageObject\",\"inLanguage\":\"fr-CA\",\"@id\":\"https:\\\/\\\/corumview.com\\\/led-video-wall-display-products\\\/mobile-rental-led-displays\\\/#primaryimage\",\"url\":\"https:\\\/\\\/corumview.com\\\/wp-content\\\/uploads\\\/2022\\\/06\\\/DVR-series.png\",\"contentUrl\":\"https:\\\/\\\/corumview.com\\\/wp-content\\\/uploads\\\/2022\\\/06\\\/DVR-series.png\"},{\"@type\":\"BreadcrumbList\",\"@id\":\"https:\\\/\\\/corumview.com\\\/led-video-wall-display-products\\\/mobile-rental-led-displays\\\/#breadcrumb\",\"itemListElement\":[{\"@type\":\"ListItem\",\"position\":1,\"name\":\"Home\",\"item\":\"https:\\\/\\\/corumview.com\\\/\"},{\"@type\":\"ListItem\",\"position\":2,\"name\":\"Products\",\"item\":\"https:\\\/\\\/corumview.com\\\/led-video-wall-display-products\\\/\"},{\"@type\":\"ListItem\",\"position\":3,\"name\":\"Mobile Rental LED Displays\"}]},{\"@type\":\"WebSite\",\"@id\":\"https:\\\/\\\/corumview.com\\\/#website\",\"url\":\"https:\\\/\\\/corumview.com\\\/\",\"name\":\"Corum View\",\"description\":\"Direct View LED Displays\",\"publisher\":{\"@id\":\"https:\\\/\\\/corumview.com\\\/#organization\"},\"potentialAction\":[{\"@type\":\"SearchAction\",\"target\":{\"@type\":\"EntryPoint\",\"urlTemplate\":\"https:\\\/\\\/corumview.com\\\/?s={search_term_string}\"},\"query-input\":{\"@type\":\"PropertyValueSpecification\",\"valueRequired\":true,\"valueName\":\"search_term_string\"}}],\"inLanguage\":\"fr-CA\"},{\"@type\":\"Organization\",\"@id\":\"https:\\\/\\\/corumview.com\\\/#organization\",\"name\":\"Corum View\",\"url\":\"https:\\\/\\\/corumview.com\\\/\",\"logo\":{\"@type\":\"ImageObject\",\"inLanguage\":\"fr-CA\",\"@id\":\"https:\\\/\\\/corumview.com\\\/#\\\/schema\\\/logo\\\/image\\\/\",\"url\":\"https:\\\/\\\/corumview.com\\\/wp-content\\\/uploads\\\/2022\\\/06\\\/cv-fav.jpg\",\"contentUrl\":\"https:\\\/\\\/corumview.com\\\/wp-content\\\/uploads\\\/2022\\\/06\\\/cv-fav.jpg\",\"width\":260,\"height\":260,\"caption\":\"Corum View\"},\"image\":{\"@id\":\"https:\\\/\\\/corumview.com\\\/#\\\/schema\\\/logo\\\/image\\\/\"},\"sameAs\":[\"https:\\\/\\\/www.facebook.com\\\/people\\\/Corum-View\\\/100092176959933\\\/\",\"https:\\\/\\\/x.com\\\/CorumView\",\"https:\\\/\\\/www.linkedin.com\\\/company\\\/corum-view\\\/\"]}]}<\/script>\n<!-- \/ Yoast SEO plugin. -->","yoast_head_json":{"title":"\u00c9crans LED mobiles de location - Corum View","description":"Les \u00e9crans LED mobiles d&#039;int\u00e9rieur Corum View sont con\u00e7us pour les rigueurs du montage et du d\u00e9montage dans toutes sortes de lieux publics.","robots":{"index":"index","follow":"follow","max-snippet":"max-snippet:-1","max-image-preview":"max-image-preview:large","max-video-preview":"max-video-preview:-1"},"canonical":"https:\/\/corumview.com\/fr\/produits-daffichage-mural-video-a-led\/ecrans-led-mobiles-de-location\/","og_locale":"fr_CA","og_type":"article","og_title":"Mobile Rental LED Displays - Corum View","og_description":"Corum View Indoor Mobile-Rental LED Displays are designed for the rigors of assembly and teardown in all sorts of public venues.","og_url":"https:\/\/corumview.com\/fr\/produits-daffichage-mural-video-a-led\/ecrans-led-mobiles-de-location\/","og_site_name":"Corum View","article_publisher":"https:\/\/www.facebook.com\/people\/Corum-View\/100092176959933\/","article_modified_time":"2023-10-19T13:51:49+00:00","og_image":[{"url":"https:\/\/corumview.com\/wp-content\/uploads\/2022\/06\/DVR-series.png","type":"","width":"","height":""}],"twitter_card":"summary_large_image","twitter_site":"@CorumView","twitter_misc":{"Estimation du temps de lecture":"2 minutes"},"schema":{"@context":"https:\/\/schema.org","@graph":[{"@type":"WebPage","@id":"https:\/\/corumview.com\/led-video-wall-display-products\/mobile-rental-led-displays\/","url":"https:\/\/corumview.com\/led-video-wall-display-products\/mobile-rental-led-displays\/","name":"\u00c9crans LED mobiles de location - Corum View","isPartOf":{"@id":"https:\/\/corumview.com\/#website"},"primaryImageOfPage":{"@id":"https:\/\/corumview.com\/led-video-wall-display-products\/mobile-rental-led-displays\/#primaryimage"},"image":{"@id":"https:\/\/corumview.com\/led-video-wall-display-products\/mobile-rental-led-displays\/#primaryimage"},"thumbnailUrl":"https:\/\/corumview.com\/wp-content\/uploads\/2022\/06\/DVR-series.png","datePublished":"2022-06-15T14:55:25+00:00","dateModified":"2023-10-19T13:51:49+00:00","description":"Les \u00e9crans LED mobiles d&#039;int\u00e9rieur Corum View sont con\u00e7us pour les rigueurs du montage et du d\u00e9montage dans toutes sortes de lieux publics.","breadcrumb":{"@id":"https:\/\/corumview.com\/led-video-wall-display-products\/mobile-rental-led-displays\/#breadcrumb"},"inLanguage":"fr-CA","potentialAction":[{"@type":"ReadAction","target":["https:\/\/corumview.com\/led-video-wall-display-products\/mobile-rental-led-displays\/"]}]},{"@type":"ImageObject","inLanguage":"fr-CA","@id":"https:\/\/corumview.com\/led-video-wall-display-products\/mobile-rental-led-displays\/#primaryimage","url":"https:\/\/corumview.com\/wp-content\/uploads\/2022\/06\/DVR-series.png","contentUrl":"https:\/\/corumview.com\/wp-content\/uploads\/2022\/06\/DVR-series.png"},{"@type":"BreadcrumbList","@id":"https:\/\/corumview.com\/led-video-wall-display-products\/mobile-rental-led-displays\/#breadcrumb","itemListElement":[{"@type":"ListItem","position":1,"name":"Home","item":"https:\/\/corumview.com\/"},{"@type":"ListItem","position":2,"name":"Products","item":"https:\/\/corumview.com\/led-video-wall-display-products\/"},{"@type":"ListItem","position":3,"name":"Mobile Rental LED Displays"}]},{"@type":"WebSite","@id":"https:\/\/corumview.com\/#website","url":"https:\/\/corumview.com\/","name":"Voir Corum","description":"Affichages LED \u00e0 vue directe","publisher":{"@id":"https:\/\/corumview.com\/#organization"},"potentialAction":[{"@type":"SearchAction","target":{"@type":"EntryPoint","urlTemplate":"https:\/\/corumview.com\/?s={search_term_string}"},"query-input":{"@type":"PropertyValueSpecification","valueRequired":true,"valueName":"search_term_string"}}],"inLanguage":"fr-CA"},{"@type":"Organization","@id":"https:\/\/corumview.com\/#organization","name":"Voir Corum","url":"https:\/\/corumview.com\/","logo":{"@type":"ImageObject","inLanguage":"fr-CA","@id":"https:\/\/corumview.com\/#\/schema\/logo\/image\/","url":"https:\/\/corumview.com\/wp-content\/uploads\/2022\/06\/cv-fav.jpg","contentUrl":"https:\/\/corumview.com\/wp-content\/uploads\/2022\/06\/cv-fav.jpg","width":260,"height":260,"caption":"Corum View"},"image":{"@id":"https:\/\/corumview.com\/#\/schema\/logo\/image\/"},"sameAs":["https:\/\/www.facebook.com\/people\/Corum-View\/100092176959933\/","https:\/\/x.com\/CorumView","https:\/\/www.linkedin.com\/company\/corum-view\/"]}]}},"_links":{"self":[{"href":"https:\/\/corumview.com\/fr\/wp-json\/wp\/v2\/pages\/145","targetHints":{"allow":["GET"]}}],"collection":[{"href":"https:\/\/corumview.com\/fr\/wp-json\/wp\/v2\/pages"}],"about":[{"href":"https:\/\/corumview.com\/fr\/wp-json\/wp\/v2\/types\/page"}],"author":[{"embeddable":true,"href":"https:\/\/corumview.com\/fr\/wp-json\/wp\/v2\/users\/1"}],"replies":[{"embeddable":true,"href":"https:\/\/corumview.com\/fr\/wp-json\/wp\/v2\/comments?post=145"}],"version-history":[{"count":3,"href":"https:\/\/corumview.com\/fr\/wp-json\/wp\/v2\/pages\/145\/revisions"}],"predecessor-version":[{"id":10685,"href":"https:\/\/corumview.com\/fr\/wp-json\/wp\/v2\/pages\/145\/revisions\/10685"}],"up":[{"embeddable":true,"href":"https:\/\/corumview.com\/fr\/wp-json\/wp\/v2\/pages\/88"}],"wp:attachment":[{"href":"https:\/\/corumview.com\/fr\/wp-json\/wp\/v2\/media?parent=145"}],"curies":[{"name":"wp","href":"https:\/\/api.w.org\/{rel}","templated":true}]}}