{"id":149,"date":"2022-06-15T15:03:27","date_gmt":"2022-06-15T15:03:27","guid":{"rendered":"https:\/\/corumview.com\/?page_id=149"},"modified":"2024-01-11T14:22:26","modified_gmt":"2024-01-11T14:22:26","slug":"serie-dvs","status":"publish","type":"page","link":"https:\/\/corumview.com\/fr\/led-video-wall-display-products\/indoor-fixed-led-displays\/dvs-series\/","title":{"rendered":"S\u00e9rie DVS"},"content":{"rendered":"<h6>Parfait pour une communication visuelle int\u00e9rieure audacieuse.<\/h6>\n<p>centre<\/p>\n<h1>\u00c9cran LED fixe d&#039;int\u00e9rieur \u2013 S\u00e9rie DVS<\/h1>\n<p><\/p>\n<h2>La s\u00e9rie Corum View DVS de panneaux LED d&#039;int\u00e9rieur fournit des visuels haute r\u00e9solution avec un pas de pixel aussi petit que 1,9 mm et une luminosit\u00e9 lisible en plein soleil de 3500 nits. Les coins \u00e0 90 degr\u00e9s facilitent les enroulements sans couture et l&#039;entretien \u00e0 l&#039;avant et \u00e0 l&#039;arri\u00e8re des panneaux simplifie la maintenance. Parfait pour une communication audacieuse dans les atriums, la vente au d\u00e9tail, les entrep\u00f4ts, les ar\u00e9nas, l&#039;h\u00f4tellerie, les divertissements, les restaurants, les lieux de culte, la transformation num\u00e9rique des tableaux d&#039;affichage des gymnases et bien plus encore.<\/h2>\n<p>centre<\/p>\n<p><img decoding=\"async\" src=\"https:\/\/corumview.com\/wp-content\/uploads\/2022\/07\/DVS-series-header.png\" alt=\"En-t\u00eate de la s\u00e9rie DVS\" \/><br \/>complet<br \/><a href=\"https:\/\/corumview.com\/fr\/products\/ecrans-led-fixes-dinterieur\/dvc-series\/\">https:\/\/corumview.com\/products\/indoor-fixed-led-displays\/dvc-series\/<\/a><br \/>d\u00e9sactiver<br \/>centre<\/p>\n<h4>Affichage LED fixe d&#039;int\u00e9rieur<\/h4>\n<p><\/p>\n<h3>S\u00e9rie DVS<\/h3>\n<p> \tPas de pixel de 1,9 mm \u00e0 5,9 mm<br \/>\n<br \/> \tTechnologie LED CMS<br \/>\n<br \/> \tHaute luminosit\u00e9 jusqu&#039;\u00e0 3500 nits<br \/>\n<br \/>\t \tCoins \u00e0 90 degr\u00e9s<br \/>\n<br \/>\t\t \tR\u00e9parable \u00e0 l&#039;avant et \u00e0 l&#039;arri\u00e8re<\/p>\n<p>galerie dvs<br \/>menu_order<br \/>DESC<br \/>centre<\/p>\n<p>galerie dvc<br \/>menu_order<br \/>DESC<br \/>centre<\/p>\n<p>190,189,188,187<br \/>4<br \/>vignette<\/p>\n<p><img decoding=\"async\" src=\"https:\/\/corumview.com\/wp-content\/uploads\/2022\/06\/aluminum-structure-1.jpg\" alt=\"Structure en aluminium pour \u00e9cran LED\" \/><br \/>complet<br \/>centre<\/p>\n<h3>Structure en aluminium moul\u00e9 sous pression<\/h3>\n<p><\/p>\n<h4>Les armoires sont int\u00e9gralement moul\u00e9es sous pression pour une plan\u00e9it\u00e9 de pr\u00e9cision<\/h4>\n<p><\/p>\n<h4>Accrochez jusqu&#039;\u00e0 20 armoires en ligne<\/h4>\n<p>Titre + description<br \/>gauche<br \/>#ecf6ff<br \/>auto<br \/>#ecf6ff<br \/>8px 8px 8px 8px<\/p>\n<h3>Installation et entretien<\/h3>\n<p><\/p>\n<h4>Service et installation \u00e0 l&#039;avant et \u00e0 l&#039;arri\u00e8re<\/h4>\n<p>Titre + description<br \/>gauche<br \/>#f5eff9<br \/>auto<br \/>#f5eff9<br \/>8px 8px 8px 8px<\/p>\n<p><img decoding=\"async\" src=\"https:\/\/corumview.com\/wp-content\/uploads\/2022\/06\/Maintenance-1.jpg\" alt=\"Entretien\" \/><br \/>complet<br \/>centre<\/p>\n<p><img decoding=\"async\" src=\"https:\/\/corumview.com\/wp-content\/uploads\/2022\/06\/DVS-any-size.jpg\" alt=\"DVS-toutes tailles\" \/><br \/>complet<br \/>centre<\/p>\n<h3>Plusieurs options de panneau<\/h3>\n<h4>6 options de taille de panneau pour une couverture murale LED optimis\u00e9e<\/h4>\n<p>Titre + description<br \/>gauche<br \/>#ecf6ff<br \/>auto<br \/>#ecf6ff<br \/>8px 8px 8px 8px<\/p>\n<h3>Conception flexible<\/h3>\n<p><\/p>\n<h4>Coins \u00e0 90 degr\u00e9s pour un assemblage homog\u00e8ne<\/h4>\n<p><\/p>\n<h4>Conceptions de murs concaves et convexes (courbes) disponibles<\/h4>\n<p>Titre + description<br \/>gauche<br \/>#f5eff9<br \/>auto<br \/>#f5eff9<br \/>8px 8px 8px 8px<\/p>\n<p><img decoding=\"async\" src=\"https:\/\/corumview.com\/wp-content\/uploads\/2022\/06\/Right-Angle-Screen-Energy-Saving-1.jpg\" alt=\"Affichage LED \u00e0 angle droit\" \/><br \/>complet<br \/>centre<\/p>\n<p>#h\u00e9eaea<\/p>\n<h3>SP\u00c9CIFICATIONS DU PRODUIT<\/h3>\n<p>Sp\u00e9cifications de la s\u00e9rie DVS<br \/><img decoding=\"async\" src=\"https:\/\/corumview.com\/wp-content\/uploads\/2022\/06\/DVS-series-specs.gif\" alt=\"\" \/><br \/>accord\u00e9on<br \/>#2a80c2<\/p>\n<p>#h\u00e9eaea<\/p>","protected":false},"excerpt":{"rendered":"<p><span class=\"excerpt-hellip\"> [\u2026]<\/span><\/p>\n","protected":false},"author":1,"featured_media":0,"parent":139,"menu_order":0,"comment_status":"closed","ping_status":"closed","template":"","meta":{"footnotes":""},"class_list":["post-149","page","type-page","status-publish","hentry"],"yoast_head":"<!-- This site is optimized with the Yoast SEO plugin v27.4 - https:\/\/yoast.com\/product\/yoast-seo-wordpress\/ -->\n<title>Indoor Fixed LED Display - DVS Series<\/title>\n<meta name=\"description\" content=\"Indoor LED Panels perfect for bold communication in Atriums,\u00a0Retail, Warehouses, Arenas, Hospitality,\u00a0Restaurants, and so much more.\" \/>\n<meta name=\"robots\" content=\"index, follow, max-snippet:-1, max-image-preview:large, max-video-preview:-1\" \/>\n<link rel=\"canonical\" href=\"https:\/\/corumview.com\/fr\/produits-daffichage-mural-video-a-led\/ecrans-led-fixes-dinterieur\/serie-dvs\/\" \/>\n<meta property=\"og:locale\" content=\"fr_CA\" \/>\n<meta property=\"og:type\" content=\"article\" \/>\n<meta property=\"og:title\" content=\"Indoor Fixed LED Display - DVS Series\" \/>\n<meta property=\"og:description\" content=\"Indoor LED Panels perfect for bold communication in Atriums,\u00a0Retail, Warehouses, Arenas, Hospitality,\u00a0Restaurants, and so much more.\" \/>\n<meta property=\"og:url\" content=\"https:\/\/corumview.com\/fr\/produits-daffichage-mural-video-a-led\/ecrans-led-fixes-dinterieur\/serie-dvs\/\" \/>\n<meta property=\"og:site_name\" content=\"Corum View\" \/>\n<meta property=\"article:publisher\" content=\"https:\/\/www.facebook.com\/people\/Corum-View\/100092176959933\/\" \/>\n<meta property=\"article:modified_time\" content=\"2024-01-11T14:22:26+00:00\" \/>\n<meta property=\"og:image\" content=\"https:\/\/corumview.com\/wp-content\/uploads\/2022\/07\/DVS-series-header.png\" \/>\n<meta name=\"twitter:card\" content=\"summary_large_image\" \/>\n<meta name=\"twitter:site\" content=\"@CorumView\" \/>\n<meta name=\"twitter:label1\" content=\"Estimation du temps de lecture\" \/>\n\t<meta name=\"twitter:data1\" content=\"3 minutes\" \/>\n<script type=\"application\/ld+json\" class=\"yoast-schema-graph\">{\"@context\":\"https:\\\/\\\/schema.org\",\"@graph\":[{\"@type\":\"WebPage\",\"@id\":\"https:\\\/\\\/corumview.com\\\/led-video-wall-display-products\\\/indoor-fixed-led-displays\\\/dvs-series\\\/\",\"url\":\"https:\\\/\\\/corumview.com\\\/led-video-wall-display-products\\\/indoor-fixed-led-displays\\\/dvs-series\\\/\",\"name\":\"Indoor Fixed LED Display - DVS Series\",\"isPartOf\":{\"@id\":\"https:\\\/\\\/corumview.com\\\/#website\"},\"primaryImageOfPage\":{\"@id\":\"https:\\\/\\\/corumview.com\\\/led-video-wall-display-products\\\/indoor-fixed-led-displays\\\/dvs-series\\\/#primaryimage\"},\"image\":{\"@id\":\"https:\\\/\\\/corumview.com\\\/led-video-wall-display-products\\\/indoor-fixed-led-displays\\\/dvs-series\\\/#primaryimage\"},\"thumbnailUrl\":\"https:\\\/\\\/corumview.com\\\/wp-content\\\/uploads\\\/2022\\\/07\\\/DVS-series-header.png\",\"datePublished\":\"2022-06-15T15:03:27+00:00\",\"dateModified\":\"2024-01-11T14:22:26+00:00\",\"description\":\"Indoor LED Panels perfect for bold communication in Atriums,\u00a0Retail, Warehouses, Arenas, Hospitality,\u00a0Restaurants, and so much more.\",\"breadcrumb\":{\"@id\":\"https:\\\/\\\/corumview.com\\\/led-video-wall-display-products\\\/indoor-fixed-led-displays\\\/dvs-series\\\/#breadcrumb\"},\"inLanguage\":\"fr-CA\",\"potentialAction\":[{\"@type\":\"ReadAction\",\"target\":[\"https:\\\/\\\/corumview.com\\\/led-video-wall-display-products\\\/indoor-fixed-led-displays\\\/dvs-series\\\/\"]}]},{\"@type\":\"ImageObject\",\"inLanguage\":\"fr-CA\",\"@id\":\"https:\\\/\\\/corumview.com\\\/led-video-wall-display-products\\\/indoor-fixed-led-displays\\\/dvs-series\\\/#primaryimage\",\"url\":\"https:\\\/\\\/corumview.com\\\/wp-content\\\/uploads\\\/2022\\\/07\\\/DVS-series-header.png\",\"contentUrl\":\"https:\\\/\\\/corumview.com\\\/wp-content\\\/uploads\\\/2022\\\/07\\\/DVS-series-header.png\"},{\"@type\":\"BreadcrumbList\",\"@id\":\"https:\\\/\\\/corumview.com\\\/led-video-wall-display-products\\\/indoor-fixed-led-displays\\\/dvs-series\\\/#breadcrumb\",\"itemListElement\":[{\"@type\":\"ListItem\",\"position\":1,\"name\":\"Home\",\"item\":\"https:\\\/\\\/corumview.com\\\/\"},{\"@type\":\"ListItem\",\"position\":2,\"name\":\"Products\",\"item\":\"https:\\\/\\\/corumview.com\\\/led-video-wall-display-products\\\/\"},{\"@type\":\"ListItem\",\"position\":3,\"name\":\"Indoor Fixed LED Displays\",\"item\":\"https:\\\/\\\/corumview.com\\\/led-video-wall-display-products\\\/indoor-fixed-led-displays\\\/\"},{\"@type\":\"ListItem\",\"position\":4,\"name\":\"DVS Series\"}]},{\"@type\":\"WebSite\",\"@id\":\"https:\\\/\\\/corumview.com\\\/#website\",\"url\":\"https:\\\/\\\/corumview.com\\\/\",\"name\":\"Corum View\",\"description\":\"Direct View LED Displays\",\"publisher\":{\"@id\":\"https:\\\/\\\/corumview.com\\\/#organization\"},\"potentialAction\":[{\"@type\":\"SearchAction\",\"target\":{\"@type\":\"EntryPoint\",\"urlTemplate\":\"https:\\\/\\\/corumview.com\\\/?s={search_term_string}\"},\"query-input\":{\"@type\":\"PropertyValueSpecification\",\"valueRequired\":true,\"valueName\":\"search_term_string\"}}],\"inLanguage\":\"fr-CA\"},{\"@type\":\"Organization\",\"@id\":\"https:\\\/\\\/corumview.com\\\/#organization\",\"name\":\"Corum View\",\"url\":\"https:\\\/\\\/corumview.com\\\/\",\"logo\":{\"@type\":\"ImageObject\",\"inLanguage\":\"fr-CA\",\"@id\":\"https:\\\/\\\/corumview.com\\\/#\\\/schema\\\/logo\\\/image\\\/\",\"url\":\"https:\\\/\\\/corumview.com\\\/wp-content\\\/uploads\\\/2022\\\/06\\\/cv-fav.jpg\",\"contentUrl\":\"https:\\\/\\\/corumview.com\\\/wp-content\\\/uploads\\\/2022\\\/06\\\/cv-fav.jpg\",\"width\":260,\"height\":260,\"caption\":\"Corum View\"},\"image\":{\"@id\":\"https:\\\/\\\/corumview.com\\\/#\\\/schema\\\/logo\\\/image\\\/\"},\"sameAs\":[\"https:\\\/\\\/www.facebook.com\\\/people\\\/Corum-View\\\/100092176959933\\\/\",\"https:\\\/\\\/x.com\\\/CorumView\",\"https:\\\/\\\/www.linkedin.com\\\/company\\\/corum-view\\\/\"]}]}<\/script>\n<!-- \/ Yoast SEO plugin. -->","yoast_head_json":{"title":"\u00c9cran LED fixe d&#039;int\u00e9rieur - S\u00e9rie DVS","description":"Panneaux LED d&#039;int\u00e9rieur parfaits pour une communication audacieuse dans les atriums, les commerces de d\u00e9tail, les entrep\u00f4ts, les ar\u00e8nes, l&#039;h\u00f4tellerie, les restaurants et bien plus encore.","robots":{"index":"index","follow":"follow","max-snippet":"max-snippet:-1","max-image-preview":"max-image-preview:large","max-video-preview":"max-video-preview:-1"},"canonical":"https:\/\/corumview.com\/fr\/produits-daffichage-mural-video-a-led\/ecrans-led-fixes-dinterieur\/serie-dvs\/","og_locale":"fr_CA","og_type":"article","og_title":"Indoor Fixed LED Display - DVS Series","og_description":"Indoor LED Panels perfect for bold communication in Atriums,\u00a0Retail, Warehouses, Arenas, Hospitality,\u00a0Restaurants, and so much more.","og_url":"https:\/\/corumview.com\/fr\/produits-daffichage-mural-video-a-led\/ecrans-led-fixes-dinterieur\/serie-dvs\/","og_site_name":"Corum View","article_publisher":"https:\/\/www.facebook.com\/people\/Corum-View\/100092176959933\/","article_modified_time":"2024-01-11T14:22:26+00:00","og_image":[{"url":"https:\/\/corumview.com\/wp-content\/uploads\/2022\/07\/DVS-series-header.png","type":"","width":"","height":""}],"twitter_card":"summary_large_image","twitter_site":"@CorumView","twitter_misc":{"Estimation du temps de lecture":"3 minutes"},"schema":{"@context":"https:\/\/schema.org","@graph":[{"@type":"WebPage","@id":"https:\/\/corumview.com\/led-video-wall-display-products\/indoor-fixed-led-displays\/dvs-series\/","url":"https:\/\/corumview.com\/led-video-wall-display-products\/indoor-fixed-led-displays\/dvs-series\/","name":"\u00c9cran LED fixe d&#039;int\u00e9rieur - S\u00e9rie DVS","isPartOf":{"@id":"https:\/\/corumview.com\/#website"},"primaryImageOfPage":{"@id":"https:\/\/corumview.com\/led-video-wall-display-products\/indoor-fixed-led-displays\/dvs-series\/#primaryimage"},"image":{"@id":"https:\/\/corumview.com\/led-video-wall-display-products\/indoor-fixed-led-displays\/dvs-series\/#primaryimage"},"thumbnailUrl":"https:\/\/corumview.com\/wp-content\/uploads\/2022\/07\/DVS-series-header.png","datePublished":"2022-06-15T15:03:27+00:00","dateModified":"2024-01-11T14:22:26+00:00","description":"Panneaux LED d&#039;int\u00e9rieur parfaits pour une communication audacieuse dans les atriums, les commerces de d\u00e9tail, les entrep\u00f4ts, les ar\u00e8nes, l&#039;h\u00f4tellerie, les restaurants et bien plus encore.","breadcrumb":{"@id":"https:\/\/corumview.com\/led-video-wall-display-products\/indoor-fixed-led-displays\/dvs-series\/#breadcrumb"},"inLanguage":"fr-CA","potentialAction":[{"@type":"ReadAction","target":["https:\/\/corumview.com\/led-video-wall-display-products\/indoor-fixed-led-displays\/dvs-series\/"]}]},{"@type":"ImageObject","inLanguage":"fr-CA","@id":"https:\/\/corumview.com\/led-video-wall-display-products\/indoor-fixed-led-displays\/dvs-series\/#primaryimage","url":"https:\/\/corumview.com\/wp-content\/uploads\/2022\/07\/DVS-series-header.png","contentUrl":"https:\/\/corumview.com\/wp-content\/uploads\/2022\/07\/DVS-series-header.png"},{"@type":"BreadcrumbList","@id":"https:\/\/corumview.com\/led-video-wall-display-products\/indoor-fixed-led-displays\/dvs-series\/#breadcrumb","itemListElement":[{"@type":"ListItem","position":1,"name":"Home","item":"https:\/\/corumview.com\/"},{"@type":"ListItem","position":2,"name":"Products","item":"https:\/\/corumview.com\/led-video-wall-display-products\/"},{"@type":"ListItem","position":3,"name":"Indoor Fixed LED Displays","item":"https:\/\/corumview.com\/led-video-wall-display-products\/indoor-fixed-led-displays\/"},{"@type":"ListItem","position":4,"name":"DVS Series"}]},{"@type":"WebSite","@id":"https:\/\/corumview.com\/#website","url":"https:\/\/corumview.com\/","name":"Voir Corum","description":"Affichages LED \u00e0 vue directe","publisher":{"@id":"https:\/\/corumview.com\/#organization"},"potentialAction":[{"@type":"SearchAction","target":{"@type":"EntryPoint","urlTemplate":"https:\/\/corumview.com\/?s={search_term_string}"},"query-input":{"@type":"PropertyValueSpecification","valueRequired":true,"valueName":"search_term_string"}}],"inLanguage":"fr-CA"},{"@type":"Organization","@id":"https:\/\/corumview.com\/#organization","name":"Voir Corum","url":"https:\/\/corumview.com\/","logo":{"@type":"ImageObject","inLanguage":"fr-CA","@id":"https:\/\/corumview.com\/#\/schema\/logo\/image\/","url":"https:\/\/corumview.com\/wp-content\/uploads\/2022\/06\/cv-fav.jpg","contentUrl":"https:\/\/corumview.com\/wp-content\/uploads\/2022\/06\/cv-fav.jpg","width":260,"height":260,"caption":"Corum View"},"image":{"@id":"https:\/\/corumview.com\/#\/schema\/logo\/image\/"},"sameAs":["https:\/\/www.facebook.com\/people\/Corum-View\/100092176959933\/","https:\/\/x.com\/CorumView","https:\/\/www.linkedin.com\/company\/corum-view\/"]}]}},"_links":{"self":[{"href":"https:\/\/corumview.com\/fr\/wp-json\/wp\/v2\/pages\/149","targetHints":{"allow":["GET"]}}],"collection":[{"href":"https:\/\/corumview.com\/fr\/wp-json\/wp\/v2\/pages"}],"about":[{"href":"https:\/\/corumview.com\/fr\/wp-json\/wp\/v2\/types\/page"}],"author":[{"embeddable":true,"href":"https:\/\/corumview.com\/fr\/wp-json\/wp\/v2\/users\/1"}],"replies":[{"embeddable":true,"href":"https:\/\/corumview.com\/fr\/wp-json\/wp\/v2\/comments?post=149"}],"version-history":[{"count":4,"href":"https:\/\/corumview.com\/fr\/wp-json\/wp\/v2\/pages\/149\/revisions"}],"predecessor-version":[{"id":10386,"href":"https:\/\/corumview.com\/fr\/wp-json\/wp\/v2\/pages\/149\/revisions\/10386"}],"up":[{"embeddable":true,"href":"https:\/\/corumview.com\/fr\/wp-json\/wp\/v2\/pages\/139"}],"wp:attachment":[{"href":"https:\/\/corumview.com\/fr\/wp-json\/wp\/v2\/media?parent=149"}],"curies":[{"name":"wp","href":"https:\/\/api.w.org\/{rel}","templated":true}]}}