{"id":153,"date":"2022-06-15T15:04:39","date_gmt":"2022-06-15T15:04:39","guid":{"rendered":"https:\/\/corumview.com\/?page_id=153"},"modified":"2024-08-28T18:35:08","modified_gmt":"2024-08-28T18:35:08","slug":"serie-dvk","status":"publish","type":"page","link":"https:\/\/corumview.com\/fr\/led-video-wall-display-products\/indoor-fixed-led-displays\/dvk-series\/","title":{"rendered":"S\u00e9rie DVK"},"content":{"rendered":"<h6>Visuels haute r\u00e9solution avec une luminosit\u00e9 lisible au soleil.<\/h6>\n<p>centre<\/p>\n<h1>\u00c9cran LED fixe d&#039;int\u00e9rieur \u2013 S\u00e9rie DVK<\/h1>\n<p><\/p>\n<h2>La s\u00e9rie de panneaux LED d&#039;int\u00e9rieur Corum View DVK fournit des visuels haute r\u00e9solution avec un pas de pixel aussi petit que 1,6 mm et une luminosit\u00e9 lisible en plein soleil de 3500 nits. Les coins \u00e0 90 degr\u00e9s facilitent les enroulements sans couture et un panneau de rapport d&#039;aspect 16: 9 simplifie la configuration, tandis que l&#039;entretien \u00e0 l&#039;avant et \u00e0 l&#039;arri\u00e8re des panneaux rend l&#039;entretien en un clin d&#039;\u0153il. Parfait pour l&#039;h\u00f4tellerie, les bars, les concessionnaires automobiles, les atriums, la communication d&#039;entreprise et bien plus encore.<\/h2>\n<p>centre<\/p>\n<p><img decoding=\"async\" src=\"https:\/\/corumview.com\/wp-content\/uploads\/2022\/06\/e-DVK-series-header.png\" alt=\"\u00c9cran mural vid\u00e9o LED s\u00e9rie DVK\" \/><br \/>complet<br \/><a href=\"https:\/\/corumview.com\/fr\/products\/ecrans-led-fixes-dinterieur\/dvc-series\/\">https:\/\/corumview.com\/products\/indoor-fixed-led-displays\/dvc-series\/<\/a><br \/>d\u00e9sactiver<br \/>centre<\/p>\n<h4>Affichage LED fixe d&#039;int\u00e9rieur<\/h4>\n<p><\/p>\n<h3>S\u00e9rie DVK<\/h3>\n<p> Pas de pixel de 1,6\u00a0mm \u00e0 3,2\u00a0mm<br \/>\n<br \/> \tTechnologie LED CMS<br \/>\n<br \/> \tHaute luminosit\u00e9 jusqu&#039;\u00e0 3500 nits<br \/>\n<br \/>\t \tArmoires au format 16:9<br \/>\n<br \/>\t\t \tCoins \u00e0 90 degr\u00e9s<br \/>\n<br \/>\t\t \tR\u00e9parable \u00e0 l&#039;avant et \u00e0 l&#039;arri\u00e8re<\/p>\n<p>dvk<br \/>menu_order<br \/>DESC<br \/>centre<\/p>\n<p>galerie dvc<br \/>menu_order<br \/>DESC<br \/>centre<\/p>\n<p>10150,10149,10151,10152<br \/>4<br \/>vignette<\/p>\n<p><img decoding=\"async\" src=\"https:\/\/corumview.com\/wp-content\/uploads\/2022\/06\/aluminum-structure-1.jpg\" alt=\"Structure en aluminium pour \u00e9cran LED\" \/><br \/>complet<br \/>centre<\/p>\n<h3>Structure en aluminium moul\u00e9 sous pression<\/h3>\n<p><\/p>\n<h4>Les armoires sont int\u00e9gralement moul\u00e9es sous pression pour une plan\u00e9it\u00e9 de pr\u00e9cision<\/h4>\n<p><\/p>\n<h4>Accrochez jusqu&#039;\u00e0 20 armoires en ligne<\/h4>\n<p>Titre + description<br \/>gauche<br \/>#ecf6ff<br \/>auto<br \/>#ecf6ff<br \/>8px 8px 8px 8px<\/p>\n<h3>Installation et entretien<\/h3>\n<p><\/p>\n<h4>Service et installation \u00e0 l&#039;avant et \u00e0 l&#039;arri\u00e8re<\/h4>\n<p>Titre + description<br \/>gauche<br \/>#f5eff9<br \/>auto<br \/>#f5eff9<br \/>8px 8px 8px 8px<\/p>\n<p><img decoding=\"async\" src=\"https:\/\/corumview.com\/wp-content\/uploads\/2022\/06\/Maintenance-1.jpg\" alt=\"Entretien\" \/><br \/>complet<br \/>centre<\/p>\n<p><img decoding=\"async\" src=\"https:\/\/corumview.com\/wp-content\/uploads\/2022\/06\/easy-installation.jpg\" alt=\"installation facile\" \/><br \/>complet<br \/>centre<\/p>\n<h3>Installation facile<\/h3>\n<p><\/p>\n<h4>Coins \u00e0 90 degr\u00e9s<\/h4>\n<p>Titre + description<br \/>gauche<br \/>#ecf6ff<br \/>auto<br \/>#ecf6ff<br \/>8px 8px 8px 8px<\/p>\n<p>#h\u00e9eaea<\/p>\n<h3>SP\u00c9CIFICATIONS DU PRODUIT<\/h3>\n<p>Sp\u00e9cifications de la s\u00e9rie DVK<br \/><img decoding=\"async\" src=\"https:\/\/corumview.com\/wp-content\/uploads\/2022\/06\/DVK-series-specs.gif\" alt=\"\" \/><br \/>accord\u00e9on<br \/>#2a80c2<\/p>\n<p>#h\u00e9eaea<\/p>","protected":false},"excerpt":{"rendered":"<p><span class=\"excerpt-hellip\"> [\u2026]<\/span><\/p>\n","protected":false},"author":1,"featured_media":10141,"parent":139,"menu_order":0,"comment_status":"closed","ping_status":"closed","template":"","meta":{"footnotes":""},"class_list":["post-153","page","type-page","status-publish","has-post-thumbnail","hentry"],"yoast_head":"<!-- This site is optimized with the Yoast SEO plugin v27.4 - https:\/\/yoast.com\/product\/yoast-seo-wordpress\/ -->\n<title>&quot;Indoor Fixed LED Display - DVK Series&quot;<\/title>\n<meta name=\"description\" content=\"Indoor Fixed LED Displays perfect for hospitality, bars, automotive dealerships, atriums, corporate communication and so much more.\" \/>\n<meta name=\"robots\" content=\"index, follow, max-snippet:-1, max-image-preview:large, max-video-preview:-1\" \/>\n<link rel=\"canonical\" href=\"https:\/\/corumview.com\/fr\/produits-daffichage-mural-video-a-led\/ecrans-led-fixes-dinterieur\/serie-dvk\/\" \/>\n<meta property=\"og:locale\" content=\"fr_CA\" \/>\n<meta property=\"og:type\" content=\"article\" \/>\n<meta property=\"og:title\" content=\"&quot;Indoor Fixed LED Display - DVK Series&quot;\" \/>\n<meta property=\"og:description\" content=\"Indoor Fixed LED Displays perfect for hospitality, bars, automotive dealerships, atriums, corporate communication and so much more.\" \/>\n<meta property=\"og:url\" content=\"https:\/\/corumview.com\/fr\/produits-daffichage-mural-video-a-led\/ecrans-led-fixes-dinterieur\/serie-dvk\/\" \/>\n<meta property=\"og:site_name\" content=\"Corum View\" \/>\n<meta property=\"article:publisher\" content=\"https:\/\/www.facebook.com\/people\/Corum-View\/100092176959933\/\" \/>\n<meta property=\"article:modified_time\" content=\"2024-08-28T18:35:08+00:00\" \/>\n<meta property=\"og:image\" content=\"https:\/\/corumview.com\/wp-content\/uploads\/2022\/06\/e-DVK-series-header.png\" \/>\n\t<meta property=\"og:image:width\" content=\"697\" \/>\n\t<meta property=\"og:image:height\" content=\"384\" \/>\n\t<meta property=\"og:image:type\" content=\"image\/png\" \/>\n<meta name=\"twitter:card\" content=\"summary_large_image\" \/>\n<meta name=\"twitter:site\" content=\"@CorumView\" \/>\n<meta name=\"twitter:label1\" content=\"Estimation du temps de lecture\" \/>\n\t<meta name=\"twitter:data1\" content=\"3 minutes\" \/>\n<script type=\"application\/ld+json\" class=\"yoast-schema-graph\">{\"@context\":\"https:\\\/\\\/schema.org\",\"@graph\":[{\"@type\":\"WebPage\",\"@id\":\"https:\\\/\\\/corumview.com\\\/led-video-wall-display-products\\\/indoor-fixed-led-displays\\\/dvk-series\\\/\",\"url\":\"https:\\\/\\\/corumview.com\\\/led-video-wall-display-products\\\/indoor-fixed-led-displays\\\/dvk-series\\\/\",\"name\":\"\\\"Indoor Fixed LED Display - DVK Series\\\"\",\"isPartOf\":{\"@id\":\"https:\\\/\\\/corumview.com\\\/#website\"},\"primaryImageOfPage\":{\"@id\":\"https:\\\/\\\/corumview.com\\\/led-video-wall-display-products\\\/indoor-fixed-led-displays\\\/dvk-series\\\/#primaryimage\"},\"image\":{\"@id\":\"https:\\\/\\\/corumview.com\\\/led-video-wall-display-products\\\/indoor-fixed-led-displays\\\/dvk-series\\\/#primaryimage\"},\"thumbnailUrl\":\"https:\\\/\\\/corumview.com\\\/wp-content\\\/uploads\\\/2022\\\/06\\\/e-DVK-series-header.png\",\"datePublished\":\"2022-06-15T15:04:39+00:00\",\"dateModified\":\"2024-08-28T18:35:08+00:00\",\"description\":\"Indoor Fixed LED Displays perfect for hospitality, bars, automotive dealerships, atriums, corporate communication and so much more.\",\"breadcrumb\":{\"@id\":\"https:\\\/\\\/corumview.com\\\/led-video-wall-display-products\\\/indoor-fixed-led-displays\\\/dvk-series\\\/#breadcrumb\"},\"inLanguage\":\"fr-CA\",\"potentialAction\":[{\"@type\":\"ReadAction\",\"target\":[\"https:\\\/\\\/corumview.com\\\/led-video-wall-display-products\\\/indoor-fixed-led-displays\\\/dvk-series\\\/\"]}]},{\"@type\":\"ImageObject\",\"inLanguage\":\"fr-CA\",\"@id\":\"https:\\\/\\\/corumview.com\\\/led-video-wall-display-products\\\/indoor-fixed-led-displays\\\/dvk-series\\\/#primaryimage\",\"url\":\"https:\\\/\\\/corumview.com\\\/wp-content\\\/uploads\\\/2022\\\/06\\\/e-DVK-series-header.png\",\"contentUrl\":\"https:\\\/\\\/corumview.com\\\/wp-content\\\/uploads\\\/2022\\\/06\\\/e-DVK-series-header.png\",\"width\":697,\"height\":384,\"caption\":\"LED Video Wall Display DVK Series\"},{\"@type\":\"BreadcrumbList\",\"@id\":\"https:\\\/\\\/corumview.com\\\/led-video-wall-display-products\\\/indoor-fixed-led-displays\\\/dvk-series\\\/#breadcrumb\",\"itemListElement\":[{\"@type\":\"ListItem\",\"position\":1,\"name\":\"Home\",\"item\":\"https:\\\/\\\/corumview.com\\\/\"},{\"@type\":\"ListItem\",\"position\":2,\"name\":\"Products\",\"item\":\"https:\\\/\\\/corumview.com\\\/led-video-wall-display-products\\\/\"},{\"@type\":\"ListItem\",\"position\":3,\"name\":\"Indoor Fixed LED Displays\",\"item\":\"https:\\\/\\\/corumview.com\\\/led-video-wall-display-products\\\/indoor-fixed-led-displays\\\/\"},{\"@type\":\"ListItem\",\"position\":4,\"name\":\"DVK Series\"}]},{\"@type\":\"WebSite\",\"@id\":\"https:\\\/\\\/corumview.com\\\/#website\",\"url\":\"https:\\\/\\\/corumview.com\\\/\",\"name\":\"Corum View\",\"description\":\"Direct View LED Displays\",\"publisher\":{\"@id\":\"https:\\\/\\\/corumview.com\\\/#organization\"},\"potentialAction\":[{\"@type\":\"SearchAction\",\"target\":{\"@type\":\"EntryPoint\",\"urlTemplate\":\"https:\\\/\\\/corumview.com\\\/?s={search_term_string}\"},\"query-input\":{\"@type\":\"PropertyValueSpecification\",\"valueRequired\":true,\"valueName\":\"search_term_string\"}}],\"inLanguage\":\"fr-CA\"},{\"@type\":\"Organization\",\"@id\":\"https:\\\/\\\/corumview.com\\\/#organization\",\"name\":\"Corum View\",\"url\":\"https:\\\/\\\/corumview.com\\\/\",\"logo\":{\"@type\":\"ImageObject\",\"inLanguage\":\"fr-CA\",\"@id\":\"https:\\\/\\\/corumview.com\\\/#\\\/schema\\\/logo\\\/image\\\/\",\"url\":\"https:\\\/\\\/corumview.com\\\/wp-content\\\/uploads\\\/2022\\\/06\\\/cv-fav.jpg\",\"contentUrl\":\"https:\\\/\\\/corumview.com\\\/wp-content\\\/uploads\\\/2022\\\/06\\\/cv-fav.jpg\",\"width\":260,\"height\":260,\"caption\":\"Corum View\"},\"image\":{\"@id\":\"https:\\\/\\\/corumview.com\\\/#\\\/schema\\\/logo\\\/image\\\/\"},\"sameAs\":[\"https:\\\/\\\/www.facebook.com\\\/people\\\/Corum-View\\\/100092176959933\\\/\",\"https:\\\/\\\/x.com\\\/CorumView\",\"https:\\\/\\\/www.linkedin.com\\\/company\\\/corum-view\\\/\"]}]}<\/script>\n<!-- \/ Yoast SEO plugin. -->","yoast_head_json":{"title":"\"\\u00c9cran LED fixe d&#039;int\\u00e9rieur - S\\u00e9rie DVK\"","description":"\u00c9crans LED fixes d&#039;int\u00e9rieur parfaits pour l&#039;h\u00f4tellerie, les bars, les concessionnaires automobiles, les atriums, la communication d&#039;entreprise et bien plus encore.","robots":{"index":"index","follow":"follow","max-snippet":"max-snippet:-1","max-image-preview":"max-image-preview:large","max-video-preview":"max-video-preview:-1"},"canonical":"https:\/\/corumview.com\/fr\/produits-daffichage-mural-video-a-led\/ecrans-led-fixes-dinterieur\/serie-dvk\/","og_locale":"fr_CA","og_type":"article","og_title":"\"Indoor Fixed LED Display - DVK Series\"","og_description":"Indoor Fixed LED Displays perfect for hospitality, bars, automotive dealerships, atriums, corporate communication and so much more.","og_url":"https:\/\/corumview.com\/fr\/produits-daffichage-mural-video-a-led\/ecrans-led-fixes-dinterieur\/serie-dvk\/","og_site_name":"Corum View","article_publisher":"https:\/\/www.facebook.com\/people\/Corum-View\/100092176959933\/","article_modified_time":"2024-08-28T18:35:08+00:00","og_image":[{"width":697,"height":384,"url":"https:\/\/corumview.com\/wp-content\/uploads\/2022\/06\/e-DVK-series-header.png","type":"image\/png"}],"twitter_card":"summary_large_image","twitter_site":"@CorumView","twitter_misc":{"Estimation du temps de lecture":"3 minutes"},"schema":{"@context":"https:\/\/schema.org","@graph":[{"@type":"WebPage","@id":"https:\/\/corumview.com\/led-video-wall-display-products\/indoor-fixed-led-displays\/dvk-series\/","url":"https:\/\/corumview.com\/led-video-wall-display-products\/indoor-fixed-led-displays\/dvk-series\/","name":"\"\\u00c9cran LED fixe d&#039;int\\u00e9rieur - S\\u00e9rie DVK\"","isPartOf":{"@id":"https:\/\/corumview.com\/#website"},"primaryImageOfPage":{"@id":"https:\/\/corumview.com\/led-video-wall-display-products\/indoor-fixed-led-displays\/dvk-series\/#primaryimage"},"image":{"@id":"https:\/\/corumview.com\/led-video-wall-display-products\/indoor-fixed-led-displays\/dvk-series\/#primaryimage"},"thumbnailUrl":"https:\/\/corumview.com\/wp-content\/uploads\/2022\/06\/e-DVK-series-header.png","datePublished":"2022-06-15T15:04:39+00:00","dateModified":"2024-08-28T18:35:08+00:00","description":"\u00c9crans LED fixes d&#039;int\u00e9rieur parfaits pour l&#039;h\u00f4tellerie, les bars, les concessionnaires automobiles, les atriums, la communication d&#039;entreprise et bien plus encore.","breadcrumb":{"@id":"https:\/\/corumview.com\/led-video-wall-display-products\/indoor-fixed-led-displays\/dvk-series\/#breadcrumb"},"inLanguage":"fr-CA","potentialAction":[{"@type":"ReadAction","target":["https:\/\/corumview.com\/led-video-wall-display-products\/indoor-fixed-led-displays\/dvk-series\/"]}]},{"@type":"ImageObject","inLanguage":"fr-CA","@id":"https:\/\/corumview.com\/led-video-wall-display-products\/indoor-fixed-led-displays\/dvk-series\/#primaryimage","url":"https:\/\/corumview.com\/wp-content\/uploads\/2022\/06\/e-DVK-series-header.png","contentUrl":"https:\/\/corumview.com\/wp-content\/uploads\/2022\/06\/e-DVK-series-header.png","width":697,"height":384,"caption":"LED Video Wall Display DVK Series"},{"@type":"BreadcrumbList","@id":"https:\/\/corumview.com\/led-video-wall-display-products\/indoor-fixed-led-displays\/dvk-series\/#breadcrumb","itemListElement":[{"@type":"ListItem","position":1,"name":"Home","item":"https:\/\/corumview.com\/"},{"@type":"ListItem","position":2,"name":"Products","item":"https:\/\/corumview.com\/led-video-wall-display-products\/"},{"@type":"ListItem","position":3,"name":"Indoor Fixed LED Displays","item":"https:\/\/corumview.com\/led-video-wall-display-products\/indoor-fixed-led-displays\/"},{"@type":"ListItem","position":4,"name":"DVK Series"}]},{"@type":"WebSite","@id":"https:\/\/corumview.com\/#website","url":"https:\/\/corumview.com\/","name":"Voir Corum","description":"Affichages LED \u00e0 vue directe","publisher":{"@id":"https:\/\/corumview.com\/#organization"},"potentialAction":[{"@type":"SearchAction","target":{"@type":"EntryPoint","urlTemplate":"https:\/\/corumview.com\/?s={search_term_string}"},"query-input":{"@type":"PropertyValueSpecification","valueRequired":true,"valueName":"search_term_string"}}],"inLanguage":"fr-CA"},{"@type":"Organization","@id":"https:\/\/corumview.com\/#organization","name":"Voir Corum","url":"https:\/\/corumview.com\/","logo":{"@type":"ImageObject","inLanguage":"fr-CA","@id":"https:\/\/corumview.com\/#\/schema\/logo\/image\/","url":"https:\/\/corumview.com\/wp-content\/uploads\/2022\/06\/cv-fav.jpg","contentUrl":"https:\/\/corumview.com\/wp-content\/uploads\/2022\/06\/cv-fav.jpg","width":260,"height":260,"caption":"Corum View"},"image":{"@id":"https:\/\/corumview.com\/#\/schema\/logo\/image\/"},"sameAs":["https:\/\/www.facebook.com\/people\/Corum-View\/100092176959933\/","https:\/\/x.com\/CorumView","https:\/\/www.linkedin.com\/company\/corum-view\/"]}]}},"_links":{"self":[{"href":"https:\/\/corumview.com\/fr\/wp-json\/wp\/v2\/pages\/153","targetHints":{"allow":["GET"]}}],"collection":[{"href":"https:\/\/corumview.com\/fr\/wp-json\/wp\/v2\/pages"}],"about":[{"href":"https:\/\/corumview.com\/fr\/wp-json\/wp\/v2\/types\/page"}],"author":[{"embeddable":true,"href":"https:\/\/corumview.com\/fr\/wp-json\/wp\/v2\/users\/1"}],"replies":[{"embeddable":true,"href":"https:\/\/corumview.com\/fr\/wp-json\/wp\/v2\/comments?post=153"}],"version-history":[{"count":4,"href":"https:\/\/corumview.com\/fr\/wp-json\/wp\/v2\/pages\/153\/revisions"}],"predecessor-version":[{"id":10258,"href":"https:\/\/corumview.com\/fr\/wp-json\/wp\/v2\/pages\/153\/revisions\/10258"}],"up":[{"embeddable":true,"href":"https:\/\/corumview.com\/fr\/wp-json\/wp\/v2\/pages\/139"}],"wp:featuredmedia":[{"embeddable":true,"href":"https:\/\/corumview.com\/fr\/wp-json\/wp\/v2\/media\/10141"}],"wp:attachment":[{"href":"https:\/\/corumview.com\/fr\/wp-json\/wp\/v2\/media?parent=153"}],"curies":[{"name":"wp","href":"https:\/\/api.w.org\/{rel}","templated":true}]}}