{"id":157,"date":"2022-06-15T15:05:39","date_gmt":"2022-06-15T15:05:39","guid":{"rendered":"https:\/\/corumview.com\/?page_id=157"},"modified":"2024-08-28T18:36:09","modified_gmt":"2024-08-28T18:36:09","slug":"serie-dvr","status":"publish","type":"page","link":"https:\/\/corumview.com\/fr\/led-video-wall-display-products\/mobile-rental-led-displays\/dvr-series\/","title":{"rendered":"S\u00e9rie DVR"},"content":{"rendered":"<h6>Panneaux LED d&#039;int\u00e9rieur con\u00e7us pour \u00eatre facilement d\u00e9plac\u00e9s d&#039;un endroit \u00e0 l&#039;autre.<\/h6>\n<p>centre<\/p>\n<h1>\u00c9cran LED mobile\/location \u2013 S\u00e9rie DVR<\/h1>\n<p>&nbsp;<\/p>\n<h2>La s\u00e9rie Corum View DVR de panneaux LED d&#039;int\u00e9rieur est con\u00e7ue avec la derni\u00e8re technologie LED COB pour cr\u00e9er des exp\u00e9riences visuelles int\u00e9rieures accrocheuses et transparentes, qui peuvent facilement \u00eatre d\u00e9plac\u00e9es d&#039;un endroit \u00e0 l&#039;autre. Les panneaux class\u00e9s IP65, r\u00e9sistants aux chocs jusqu&#039;\u00e0 10 kg et avec un taux de d\u00e9faillance inf\u00e9rieur \u00e0 10 parties par million, garantissent que vos panneaux fonctionneront de mani\u00e8re constante sur chaque site o\u00f9 ils sont assembl\u00e9s. Les panneaux de la s\u00e9rie DVR offrent une r\u00e9solution incroyablement \u00e9lev\u00e9e, m\u00eame de pr\u00e8s, avec un pas de pixel aussi petit que 0,9 mm. Les coins \u00e0 90 degr\u00e9s facilitent les enveloppes sans couture et un panneau au format 16:9 simplifie la configuration. Parfait pour les salons professionnels, les salles de r\u00e9union, les magasins \u00e9ph\u00e9m\u00e8res, les \u00e9v\u00e9nements d&#039;entreprise et bien plus encore.<\/h2>\n<p>centre<\/p>\n<p><img decoding=\"async\" src=\"https:\/\/corumview.com\/wp-content\/uploads\/2022\/06\/DVT-series.png\" alt=\"\u00c9crans LED ext\u00e9rieurs s\u00e9rie DVT\" \/><br \/>\ncomplet<br \/>\n<a href=\"https:\/\/corumview.com\/fr\/products\/ecrans-led-fixes-dinterieur\/dvc-series\/\">https:\/\/corumview.com\/products\/indoor-fixed-led-displays\/dvc-series\/<\/a><br \/>\nd\u00e9sactiver<br \/>\ncentre<\/p>\n<h4>Affichage LED mobile\/de location<\/h4>\n<p>&nbsp;<\/p>\n<h3>S\u00e9rie DVR<\/h3>\n<p>Pas de pixel de 1,26\u00a0mm \u00e0 1,9\u00a0mm<\/p>\n<p>Technologie LED COB<\/p>\n<p>Modules avant class\u00e9s IP65<\/p>\n<p>R\u00e9sistance aux chocs jusqu&#039;\u00e0 10\u00a0KG<\/p>\n<p>Armoires au format 16:9<\/p>\n<p>Fly-Bar &amp; sol empilable<\/p>\n<p>DVR<br \/>\nmenu_order<br \/>\nDESC<br \/>\ncentre<\/p>\n<p>galerie dvc<br \/>\nmenu_order<br \/>\nDESC<br \/>\ncentre<\/p>\n<p>260,235,234,233<br \/>\n4<br \/>\nvignette<\/p>\n<p><img decoding=\"async\" src=\"https:\/\/corumview.com\/wp-content\/uploads\/2022\/06\/Extremely-Low-Pixel-Failure-Rate.jpg\" alt=\"Affichage LED Taux de d\u00e9faillance des pixels extr\u00eamement faible\" \/><br \/>\ncomplet<br \/>\ncentre<\/p>\n<h3>Technologie COB<\/h3>\n<p>&nbsp;<\/p>\n<h4>Taux d&#039;\u00e9chec des pixels inf\u00e9rieur \u00e0 10\u00a0ppm<\/h4>\n<p>&nbsp;<\/p>\n<h4>Taux d&#039;humidit\u00e9 85% HR<\/h4>\n<p>&nbsp;<\/p>\n<h4>IP65 \u00e9tanche \u00e0 la poussi\u00e8re et antistatique<\/h4>\n<p>Titre + description<br \/>\ngauche<br \/>\n#ecf6ff<br \/>\nauto<br \/>\n#ecf6ff<br \/>\n8px 8px 8px 8px<\/p>\n<h3>R\u00e9sistant aux chocs<\/h3>\n<p>&nbsp;<\/p>\n<h4>R\u00e9sistance aux chocs de 10 kg test\u00e9e<\/h4>\n<p>&nbsp;<\/p>\n<h4>Fournit une protection contre les contacts accidentels<\/h4>\n<p>Titre + description<br \/>\ngauche<br \/>\n#f5eff9<br \/>\nauto<br \/>\n#f5eff9<br \/>\n8px 8px 8px 8px<\/p>\n<p><img decoding=\"async\" src=\"https:\/\/corumview.com\/wp-content\/uploads\/2022\/06\/Anti-collision.jpg\" alt=\"Anti-collision\" \/><br \/>\ncomplet<br \/>\ncentre<\/p>\n<p><img decoding=\"async\" src=\"https:\/\/corumview.com\/wp-content\/uploads\/2022\/06\/Easy-Cleaning.jpg\" alt=\"Nettoyage facile\" \/><br \/>\ncomplet<br \/>\ncentre<\/p>\n<h3>Modules frontaux \u00e9tanches IP 65<\/h3>\n<p>&nbsp;<\/p>\n<h4>Prot\u00e9gez votre investissement contre les d\u00e9versements accidentels<\/h4>\n<p>&nbsp;<\/p>\n<h4>Possibilit\u00e9 de nettoyer les panneaux des marques de contact et des d\u00e9versements<\/h4>\n<p>Titre + description<br \/>\ngauche<br \/>\n#ecf6ff<br \/>\nauto<br \/>\n#ecf6ff<br \/>\n8px 8px 8px 8px<\/p>\n<h3>Fly-bar et empilage au sol<\/h3>\n<p>&nbsp;<\/p>\n<h4>Nous avons une option de stand disponible avec notre s\u00e9rie DVR<\/h4>\n<p>Titre + description<br \/>\ngauche<br \/>\n#f5eff9<br \/>\nauto<br \/>\n#f5eff9<br \/>\n8px 8px 8px 8px<\/p>\n<p><img decoding=\"async\" src=\"https:\/\/corumview.com\/wp-content\/uploads\/2022\/06\/fly-bar-ground-stacking.jpg\" alt=\"installation de LED empil\u00e9es au sol\" \/><br \/>\ncomplet<br \/>\ncentre<\/p>\n<p>#h\u00e9eaea<\/p>\n<h3>SP\u00c9CIFICATIONS DU PRODUIT<\/h3>\n<p>Sp\u00e9cifications de la s\u00e9rie DVR<br \/>\n<img decoding=\"async\" src=\"https:\/\/corumview.com\/wp-content\/uploads\/2022\/06\/DVR-specs.gif\" alt=\"\" \/><br \/>\naccord\u00e9on<br \/>\n#2a80c2<\/p>\n<p>#h\u00e9eaea<\/p>","protected":false},"excerpt":{"rendered":"<p><span class=\"excerpt-hellip\"> [\u2026]<\/span><\/p>\n","protected":false},"author":1,"featured_media":261,"parent":145,"menu_order":0,"comment_status":"closed","ping_status":"closed","template":"","meta":{"footnotes":""},"class_list":["post-157","page","type-page","status-publish","has-post-thumbnail","hentry"],"yoast_head":"<!-- This site is optimized with the Yoast SEO plugin v27.4 - https:\/\/yoast.com\/product\/yoast-seo-wordpress\/ -->\n<title>Mobile\/Rental LED Display - DVR Series<\/title>\n<meta name=\"description\" content=\"Indoor LED Displays that can easily be moved around from location to location. Perfect for\u00a0tradeshows, corporate events and more.\" \/>\n<meta name=\"robots\" content=\"index, follow, max-snippet:-1, max-image-preview:large, max-video-preview:-1\" \/>\n<link rel=\"canonical\" href=\"https:\/\/corumview.com\/fr\/produits-daffichage-mural-video-a-led\/ecrans-led-mobiles-de-location\/serie-dvr\/\" \/>\n<meta property=\"og:locale\" content=\"fr_CA\" \/>\n<meta property=\"og:type\" content=\"article\" \/>\n<meta property=\"og:title\" content=\"Mobile\/Rental LED Display - DVR Series\" \/>\n<meta property=\"og:description\" content=\"Indoor LED Displays that can easily be moved around from location to location. Perfect for\u00a0tradeshows, corporate events and more.\" \/>\n<meta property=\"og:url\" content=\"https:\/\/corumview.com\/fr\/produits-daffichage-mural-video-a-led\/ecrans-led-mobiles-de-location\/serie-dvr\/\" \/>\n<meta property=\"og:site_name\" content=\"Corum View\" \/>\n<meta property=\"article:publisher\" content=\"https:\/\/www.facebook.com\/people\/Corum-View\/100092176959933\/\" \/>\n<meta property=\"article:modified_time\" content=\"2024-08-28T18:36:09+00:00\" \/>\n<meta property=\"og:image\" content=\"https:\/\/corumview.com\/wp-content\/uploads\/2022\/06\/DVR-series.png\" \/>\n\t<meta property=\"og:image:width\" content=\"670\" \/>\n\t<meta property=\"og:image:height\" content=\"384\" \/>\n\t<meta property=\"og:image:type\" content=\"image\/png\" \/>\n<meta name=\"twitter:card\" content=\"summary_large_image\" \/>\n<meta name=\"twitter:site\" content=\"@CorumView\" \/>\n<meta name=\"twitter:label1\" content=\"Estimation du temps de lecture\" \/>\n\t<meta name=\"twitter:data1\" content=\"3 minutes\" \/>\n<script type=\"application\/ld+json\" class=\"yoast-schema-graph\">{\"@context\":\"https:\\\/\\\/schema.org\",\"@graph\":[{\"@type\":\"WebPage\",\"@id\":\"https:\\\/\\\/corumview.com\\\/led-video-wall-display-products\\\/mobile-rental-led-displays\\\/dvr-series\\\/\",\"url\":\"https:\\\/\\\/corumview.com\\\/led-video-wall-display-products\\\/mobile-rental-led-displays\\\/dvr-series\\\/\",\"name\":\"Mobile\\\/Rental LED Display - DVR Series\",\"isPartOf\":{\"@id\":\"https:\\\/\\\/corumview.com\\\/#website\"},\"primaryImageOfPage\":{\"@id\":\"https:\\\/\\\/corumview.com\\\/led-video-wall-display-products\\\/mobile-rental-led-displays\\\/dvr-series\\\/#primaryimage\"},\"image\":{\"@id\":\"https:\\\/\\\/corumview.com\\\/led-video-wall-display-products\\\/mobile-rental-led-displays\\\/dvr-series\\\/#primaryimage\"},\"thumbnailUrl\":\"https:\\\/\\\/corumview.com\\\/wp-content\\\/uploads\\\/2022\\\/06\\\/DVR-series.png\",\"datePublished\":\"2022-06-15T15:05:39+00:00\",\"dateModified\":\"2024-08-28T18:36:09+00:00\",\"description\":\"Indoor LED Displays that can easily be moved around from location to location. Perfect for\u00a0tradeshows, corporate events and more.\",\"breadcrumb\":{\"@id\":\"https:\\\/\\\/corumview.com\\\/led-video-wall-display-products\\\/mobile-rental-led-displays\\\/dvr-series\\\/#breadcrumb\"},\"inLanguage\":\"fr-CA\",\"potentialAction\":[{\"@type\":\"ReadAction\",\"target\":[\"https:\\\/\\\/corumview.com\\\/led-video-wall-display-products\\\/mobile-rental-led-displays\\\/dvr-series\\\/\"]}]},{\"@type\":\"ImageObject\",\"inLanguage\":\"fr-CA\",\"@id\":\"https:\\\/\\\/corumview.com\\\/led-video-wall-display-products\\\/mobile-rental-led-displays\\\/dvr-series\\\/#primaryimage\",\"url\":\"https:\\\/\\\/corumview.com\\\/wp-content\\\/uploads\\\/2022\\\/06\\\/DVR-series.png\",\"contentUrl\":\"https:\\\/\\\/corumview.com\\\/wp-content\\\/uploads\\\/2022\\\/06\\\/DVR-series.png\",\"width\":670,\"height\":384,\"caption\":\"LED Video Wall Display DVR Series\"},{\"@type\":\"BreadcrumbList\",\"@id\":\"https:\\\/\\\/corumview.com\\\/led-video-wall-display-products\\\/mobile-rental-led-displays\\\/dvr-series\\\/#breadcrumb\",\"itemListElement\":[{\"@type\":\"ListItem\",\"position\":1,\"name\":\"Home\",\"item\":\"https:\\\/\\\/corumview.com\\\/\"},{\"@type\":\"ListItem\",\"position\":2,\"name\":\"Products\",\"item\":\"https:\\\/\\\/corumview.com\\\/led-video-wall-display-products\\\/\"},{\"@type\":\"ListItem\",\"position\":3,\"name\":\"Mobile Rental LED Displays\",\"item\":\"https:\\\/\\\/corumview.com\\\/led-video-wall-display-products\\\/mobile-rental-led-displays\\\/\"},{\"@type\":\"ListItem\",\"position\":4,\"name\":\"DVR Series\"}]},{\"@type\":\"WebSite\",\"@id\":\"https:\\\/\\\/corumview.com\\\/#website\",\"url\":\"https:\\\/\\\/corumview.com\\\/\",\"name\":\"Corum View\",\"description\":\"Direct View LED Displays\",\"publisher\":{\"@id\":\"https:\\\/\\\/corumview.com\\\/#organization\"},\"potentialAction\":[{\"@type\":\"SearchAction\",\"target\":{\"@type\":\"EntryPoint\",\"urlTemplate\":\"https:\\\/\\\/corumview.com\\\/?s={search_term_string}\"},\"query-input\":{\"@type\":\"PropertyValueSpecification\",\"valueRequired\":true,\"valueName\":\"search_term_string\"}}],\"inLanguage\":\"fr-CA\"},{\"@type\":\"Organization\",\"@id\":\"https:\\\/\\\/corumview.com\\\/#organization\",\"name\":\"Corum View\",\"url\":\"https:\\\/\\\/corumview.com\\\/\",\"logo\":{\"@type\":\"ImageObject\",\"inLanguage\":\"fr-CA\",\"@id\":\"https:\\\/\\\/corumview.com\\\/#\\\/schema\\\/logo\\\/image\\\/\",\"url\":\"https:\\\/\\\/corumview.com\\\/wp-content\\\/uploads\\\/2022\\\/06\\\/cv-fav.jpg\",\"contentUrl\":\"https:\\\/\\\/corumview.com\\\/wp-content\\\/uploads\\\/2022\\\/06\\\/cv-fav.jpg\",\"width\":260,\"height\":260,\"caption\":\"Corum View\"},\"image\":{\"@id\":\"https:\\\/\\\/corumview.com\\\/#\\\/schema\\\/logo\\\/image\\\/\"},\"sameAs\":[\"https:\\\/\\\/www.facebook.com\\\/people\\\/Corum-View\\\/100092176959933\\\/\",\"https:\\\/\\\/x.com\\\/CorumView\",\"https:\\\/\\\/www.linkedin.com\\\/company\\\/corum-view\\\/\"]}]}<\/script>\n<!-- \/ Yoast SEO plugin. -->","yoast_head_json":{"title":"\u00c9cran LED mobile\/de location - S\u00e9rie DVR","description":"\u00c9crans LED d&#039;int\u00e9rieur facilement d\u00e9pla\u00e7ables. Id\u00e9als pour les salons professionnels, les \u00e9v\u00e9nements d&#039;entreprise et bien plus encore.","robots":{"index":"index","follow":"follow","max-snippet":"max-snippet:-1","max-image-preview":"max-image-preview:large","max-video-preview":"max-video-preview:-1"},"canonical":"https:\/\/corumview.com\/fr\/produits-daffichage-mural-video-a-led\/ecrans-led-mobiles-de-location\/serie-dvr\/","og_locale":"fr_CA","og_type":"article","og_title":"Mobile\/Rental LED Display - DVR Series","og_description":"Indoor LED Displays that can easily be moved around from location to location. Perfect for\u00a0tradeshows, corporate events and more.","og_url":"https:\/\/corumview.com\/fr\/produits-daffichage-mural-video-a-led\/ecrans-led-mobiles-de-location\/serie-dvr\/","og_site_name":"Corum View","article_publisher":"https:\/\/www.facebook.com\/people\/Corum-View\/100092176959933\/","article_modified_time":"2024-08-28T18:36:09+00:00","og_image":[{"width":670,"height":384,"url":"https:\/\/corumview.com\/wp-content\/uploads\/2022\/06\/DVR-series.png","type":"image\/png"}],"twitter_card":"summary_large_image","twitter_site":"@CorumView","twitter_misc":{"Estimation du temps de lecture":"3 minutes"},"schema":{"@context":"https:\/\/schema.org","@graph":[{"@type":"WebPage","@id":"https:\/\/corumview.com\/led-video-wall-display-products\/mobile-rental-led-displays\/dvr-series\/","url":"https:\/\/corumview.com\/led-video-wall-display-products\/mobile-rental-led-displays\/dvr-series\/","name":"\u00c9cran LED mobile\/de location - S\u00e9rie DVR","isPartOf":{"@id":"https:\/\/corumview.com\/#website"},"primaryImageOfPage":{"@id":"https:\/\/corumview.com\/led-video-wall-display-products\/mobile-rental-led-displays\/dvr-series\/#primaryimage"},"image":{"@id":"https:\/\/corumview.com\/led-video-wall-display-products\/mobile-rental-led-displays\/dvr-series\/#primaryimage"},"thumbnailUrl":"https:\/\/corumview.com\/wp-content\/uploads\/2022\/06\/DVR-series.png","datePublished":"2022-06-15T15:05:39+00:00","dateModified":"2024-08-28T18:36:09+00:00","description":"\u00c9crans LED d&#039;int\u00e9rieur facilement d\u00e9pla\u00e7ables. Id\u00e9als pour les salons professionnels, les \u00e9v\u00e9nements d&#039;entreprise et bien plus encore.","breadcrumb":{"@id":"https:\/\/corumview.com\/led-video-wall-display-products\/mobile-rental-led-displays\/dvr-series\/#breadcrumb"},"inLanguage":"fr-CA","potentialAction":[{"@type":"ReadAction","target":["https:\/\/corumview.com\/led-video-wall-display-products\/mobile-rental-led-displays\/dvr-series\/"]}]},{"@type":"ImageObject","inLanguage":"fr-CA","@id":"https:\/\/corumview.com\/led-video-wall-display-products\/mobile-rental-led-displays\/dvr-series\/#primaryimage","url":"https:\/\/corumview.com\/wp-content\/uploads\/2022\/06\/DVR-series.png","contentUrl":"https:\/\/corumview.com\/wp-content\/uploads\/2022\/06\/DVR-series.png","width":670,"height":384,"caption":"LED Video Wall Display DVR Series"},{"@type":"BreadcrumbList","@id":"https:\/\/corumview.com\/led-video-wall-display-products\/mobile-rental-led-displays\/dvr-series\/#breadcrumb","itemListElement":[{"@type":"ListItem","position":1,"name":"Home","item":"https:\/\/corumview.com\/"},{"@type":"ListItem","position":2,"name":"Products","item":"https:\/\/corumview.com\/led-video-wall-display-products\/"},{"@type":"ListItem","position":3,"name":"Mobile Rental LED Displays","item":"https:\/\/corumview.com\/led-video-wall-display-products\/mobile-rental-led-displays\/"},{"@type":"ListItem","position":4,"name":"DVR Series"}]},{"@type":"WebSite","@id":"https:\/\/corumview.com\/#website","url":"https:\/\/corumview.com\/","name":"Voir Corum","description":"Affichages LED \u00e0 vue directe","publisher":{"@id":"https:\/\/corumview.com\/#organization"},"potentialAction":[{"@type":"SearchAction","target":{"@type":"EntryPoint","urlTemplate":"https:\/\/corumview.com\/?s={search_term_string}"},"query-input":{"@type":"PropertyValueSpecification","valueRequired":true,"valueName":"search_term_string"}}],"inLanguage":"fr-CA"},{"@type":"Organization","@id":"https:\/\/corumview.com\/#organization","name":"Voir Corum","url":"https:\/\/corumview.com\/","logo":{"@type":"ImageObject","inLanguage":"fr-CA","@id":"https:\/\/corumview.com\/#\/schema\/logo\/image\/","url":"https:\/\/corumview.com\/wp-content\/uploads\/2022\/06\/cv-fav.jpg","contentUrl":"https:\/\/corumview.com\/wp-content\/uploads\/2022\/06\/cv-fav.jpg","width":260,"height":260,"caption":"Corum View"},"image":{"@id":"https:\/\/corumview.com\/#\/schema\/logo\/image\/"},"sameAs":["https:\/\/www.facebook.com\/people\/Corum-View\/100092176959933\/","https:\/\/x.com\/CorumView","https:\/\/www.linkedin.com\/company\/corum-view\/"]}]}},"_links":{"self":[{"href":"https:\/\/corumview.com\/fr\/wp-json\/wp\/v2\/pages\/157","targetHints":{"allow":["GET"]}}],"collection":[{"href":"https:\/\/corumview.com\/fr\/wp-json\/wp\/v2\/pages"}],"about":[{"href":"https:\/\/corumview.com\/fr\/wp-json\/wp\/v2\/types\/page"}],"author":[{"embeddable":true,"href":"https:\/\/corumview.com\/fr\/wp-json\/wp\/v2\/users\/1"}],"replies":[{"embeddable":true,"href":"https:\/\/corumview.com\/fr\/wp-json\/wp\/v2\/comments?post=157"}],"version-history":[{"count":5,"href":"https:\/\/corumview.com\/fr\/wp-json\/wp\/v2\/pages\/157\/revisions"}],"predecessor-version":[{"id":10254,"href":"https:\/\/corumview.com\/fr\/wp-json\/wp\/v2\/pages\/157\/revisions\/10254"}],"up":[{"embeddable":true,"href":"https:\/\/corumview.com\/fr\/wp-json\/wp\/v2\/pages\/145"}],"wp:featuredmedia":[{"embeddable":true,"href":"https:\/\/corumview.com\/fr\/wp-json\/wp\/v2\/media\/261"}],"wp:attachment":[{"href":"https:\/\/corumview.com\/fr\/wp-json\/wp\/v2\/media?parent=157"}],"curies":[{"name":"wp","href":"https:\/\/api.w.org\/{rel}","templated":true}]}}