{"id":2,"date":"2020-10-02T08:42:22","date_gmt":"2020-10-02T08:42:22","guid":{"rendered":"https:\/\/themes.muffingroup.com\/be\/ski2\/?page_id=2"},"modified":"2025-09-16T19:05:24","modified_gmt":"2025-09-16T19:05:24","slug":"exemple-de-page","status":"publish","type":"page","link":"https:\/\/corumview.com\/fr\/","title":{"rendered":"Maison"},"content":{"rendered":"<p>\t\t\t<rs-module-wrap id=\"rev_slider_error_1_wrapper\">\n\t\t\t\t<rs-module id=\"rev_slider_error_1\">\n\t\t\t\t\t<div class=\"rs_error_message_box\">\n\t\t\t\t\t\t<div class=\"rs_error_message_oops\">Il n&#039;y a rien \u00e0 montrer ici !<\/div>\n\t\t\t\t\t\t<div class=\"rs_error_message_content\">Curseur avec alias alias=&quot;corum&quot; introuvable.<\/div>\n\t\t\t\t\t<\/div>\n\t\t\t\t<\/rs-module>\n\t\t\t<\/rs-module-wrap>\n\t\t\t<script>\n\t\t\t\tvar rs_eslider = document.getElementById(\"rev_slider_error_1\");\n\t\t\t\trs_eslider.style.display = \"none\";\n\t\t\t\tconsole.log(\"Slider with alias alias=&quot;corum&quot; not found.\");\n\t\t\t<\/script>\n<br \/>centre<br \/>cacher<\/p>\n<h1>Affichages LED \u00e0 vue directe<\/h1>\n<p><\/p>\n<h2>Nos \u00e9crans LED Direct View inspirent une communication visuelle plus percutante, dans les environnements int\u00e9rieurs et ext\u00e9rieurs. Nous cr\u00e9ons des murs vid\u00e9o LED homog\u00e8nes avec des couleurs brillantes, des images nettes et des configurations pratiquement infinies. Les \u00e9crans LED Corum View Direct View sont parfaits pour la signalisation num\u00e9rique, les communications d&#039;entreprise, la diffusion et les grands sites, dans des environnements tels que les a\u00e9roports, les centres commerciaux, les stades, les sites sportifs, les panneaux d&#039;affichage, les h\u00f4pitaux, les si\u00e8ges sociaux et bien plus encore. <\/h2>\n<p>centre<\/p>\n<h3>Organisez un monde d\u2019exp\u00e9riences \u00e0 l\u2019int\u00e9rieur.<\/h3>\n<p><\/p>\n<h4>Faites tourner les t\u00eates de n&#039;importe quelle distance avec des visuels nets sur nos \u00e9crans LED d&#039;int\u00e9rieur.<\/h4>\n<p>Bo\u00eete<br \/>centre<br \/>pas de r\u00e9p\u00e9tition;centre;;<br \/>couverture<br \/>518px<br \/>10px 10px 10px 10px<\/p>\n<p>EXPLOREZ LA LED D&#039;INT\u00c9RIEUR<br \/><a href=\"https:\/\/corumview.com\/fr\/produits-daffichage-mural-video-a-led\/ecrans-led-fixes-dinterieur\/\">https:\/\/corumview.com\/led-video-wall-display-products\/indoor-fixed-led-displays\/<\/a><br \/>gauche<br \/>centre<br \/>solide<br \/>1px 1px 1px 1px<br \/>7px 7px 7px 7px<br \/>#ffffff<br \/>#5e97c7<br \/>#80afd5<br \/>#ffffff<br \/>#5e97c7<br \/>#4884b7<\/p>\n<h3>Faites-vous remarquer sous la pluie ou le soleil.<\/h3>\n<p><\/p>\n<h4>D\u00e9marquez-vous des \u00e9l\u00e9ments avec des \u00e9crans LED ext\u00e9rieurs ultra lumineux et face aux fen\u00eatres.<\/h4>\n<p>centre<\/p>\n<p>D\u00c9COUVREZ LA LED EXT\u00c9RIEURE<br \/><a href=\"https:\/\/corumview.com\/fr\/produits-daffichage-mural-video-a-led\/ecrans-led-exterieurs\/\">https:\/\/corumview.com\/led-video-wall-display-products\/outdoor-led-displays\/<\/a><br \/>gauche<br \/>centre<br \/>solide<br \/>1px 1px 1px 1px<br \/>7px 7px 7px 7px<br \/>#0a0a0a<br \/>#ffffff<br \/>#d0d2ea<br \/>#0a0a0a<br \/>#ffffff<br \/>#ebdef1<\/p>\n<h3>Faites passer votre message.<\/h3>\n<p><\/p>\n<h4>Transportez et configurez facilement notre collection avec des \u00e9crans LED portables.<\/h4>\n<p>centre<\/p>\n<p>VOYAGEZ AVEC LA LED MOBILE<br \/><a href=\"https:\/\/corumview.com\/fr\/produits-daffichage-mural-video-a-led\/ecrans-led-mobiles-de-location\/\">https:\/\/corumview.com\/led-video-wall-display-products\/mobile-rental-led-displays\/<\/a><br \/>gauche<br \/>centre<br \/>solide<br \/>1px 1px 1px 1px<br \/>7px 7px 7px 7px<br \/>#ffffff<br \/>#5e97c7<br \/>#80afd5<br \/>#ffffff<br \/>#5e97c7<br \/>#4884b7<\/p>\n<h3>Prendre le contr\u00f4le.<\/h3>\n<p><\/p>\n<h4>Maintenez votre r\u00e9seau d&#039;affichage num\u00e9rique sur notre plate-forme CMS puissante et s\u00e9curis\u00e9e, de n&#039;importe o\u00f9 dans le monde.<\/h4>\n<p>centre<\/p>\n<p>APPRENDRE ENCORE PLUS<br \/><a href=\"https:\/\/corumview.com\/fr\/plateforme-cms-daffichage-led\/\">https:\/\/corumview.com\/led-display-cms-platform\/<\/a><br \/>gauche<br \/>centre<br \/>solide<br \/>1px 1px 1px 1px<br \/>7px 7px 7px 7px<br \/>#ffffff<br \/>#5e97c7<br \/>#80afd5<br \/>#ffffff<br \/>#5e97c7<br \/>#4884b7<\/p>\n<h3>Obtenez une solution compl\u00e8te.<\/h3>\n<p><\/p>\n<h4>Nous offrons une large gamme de services d&#039;affichage num\u00e9rique, y compris l&#039;installation et le financement, pour vous offrir une solution d&#039;affichage num\u00e9rique qui fonctionne pour vous.<\/h4>\n<p>centre<\/p>\n<p>APPRENDRE ENCORE PLUS<br \/><a href=\"https:\/\/corumview.com\/fr\/services-daffichage-led\/\">https:\/\/corumview.com\/led-display-services\/<\/a><br \/>gauche<br \/>centre<br \/>solide<br \/>1px 1px 1px 1px<br \/>7px 7px 7px 7px<br \/>#ffffff<br \/>#5e97c7<br \/>#80afd5<br \/>#ffffff<br \/>#5e97c7<br \/>#4884b7<\/p>\n<h3>Donnez vie \u00e0 vos visions.<\/h3>\n<p>centre<\/p>\n<p>maison<br \/>date<br \/>DESC<br \/>centre<\/p>\n<h3>Corum Voir le blog<\/h3>\n<h4>Obtenez les derni\u00e8res informations et connaissances sur tout ce qui concerne les \u00e9crans LED.<\/h4>\n<p>centre<\/p>\n<p>3<br \/>grille<br \/>3<br \/>h2<br \/>images uniquement<br \/>date<br \/>DESC<br \/>cacher<\/p>","protected":false},"excerpt":{"rendered":"<p><span class=\"excerpt-hellip\"> [\u2026]<\/span><\/p>\n","protected":false},"author":1,"featured_media":0,"parent":0,"menu_order":0,"comment_status":"closed","ping_status":"open","template":"","meta":{"footnotes":""},"class_list":["post-2","page","type-page","status-publish","hentry"],"yoast_head":"<!-- This site is optimized with the Yoast SEO plugin v27.4 - https:\/\/yoast.com\/product\/yoast-seo-wordpress\/ -->\n<title>LED Displays | Canada | USA | CorumView<\/title>\n<meta name=\"description\" content=\"Our Direct View LED displays inspire more impactful visual communication, in both indoor and outdoor environments.\" \/>\n<meta name=\"robots\" content=\"index, follow, max-snippet:-1, max-image-preview:large, max-video-preview:-1\" \/>\n<link rel=\"canonical\" href=\"https:\/\/corumview.com\/fr\/\" \/>\n<meta property=\"og:locale\" content=\"fr_CA\" \/>\n<meta property=\"og:type\" content=\"article\" \/>\n<meta property=\"og:title\" content=\"LED Displays | Canada | USA | CorumView\" \/>\n<meta property=\"og:description\" content=\"Our Direct View LED displays inspire more impactful visual communication, in both indoor and outdoor environments.\" \/>\n<meta property=\"og:url\" content=\"https:\/\/corumview.com\/fr\/\" \/>\n<meta property=\"og:site_name\" content=\"Corum View\" \/>\n<meta property=\"article:publisher\" content=\"https:\/\/www.facebook.com\/people\/Corum-View\/100092176959933\/\" \/>\n<meta property=\"article:modified_time\" content=\"2025-09-16T19:05:24+00:00\" \/>\n<meta name=\"twitter:card\" content=\"summary_large_image\" \/>\n<meta name=\"twitter:site\" content=\"@CorumView\" \/>\n<meta name=\"twitter:label1\" content=\"Estimation du temps de lecture\" \/>\n\t<meta name=\"twitter:data1\" content=\"2 minutes\" \/>\n<script type=\"application\/ld+json\" class=\"yoast-schema-graph\">{\"@context\":\"https:\\\/\\\/schema.org\",\"@graph\":[{\"@type\":\"WebPage\",\"@id\":\"https:\\\/\\\/corumview.com\\\/\",\"url\":\"https:\\\/\\\/corumview.com\\\/\",\"name\":\"LED Displays | Canada | USA | CorumView\",\"isPartOf\":{\"@id\":\"https:\\\/\\\/corumview.com\\\/#website\"},\"datePublished\":\"2020-10-02T08:42:22+00:00\",\"dateModified\":\"2025-09-16T19:05:24+00:00\",\"description\":\"Our Direct View LED displays inspire more impactful visual communication, in both indoor and outdoor environments.\",\"breadcrumb\":{\"@id\":\"https:\\\/\\\/corumview.com\\\/#breadcrumb\"},\"inLanguage\":\"fr-CA\",\"potentialAction\":[{\"@type\":\"ReadAction\",\"target\":[\"https:\\\/\\\/corumview.com\\\/\"]}]},{\"@type\":\"BreadcrumbList\",\"@id\":\"https:\\\/\\\/corumview.com\\\/#breadcrumb\",\"itemListElement\":[{\"@type\":\"ListItem\",\"position\":1,\"name\":\"Home\",\"item\":\"https:\\\/\\\/corumview.com\\\/\"},{\"@type\":\"ListItem\",\"position\":2,\"name\":\"Home\"}]},{\"@type\":\"WebSite\",\"@id\":\"https:\\\/\\\/corumview.com\\\/#website\",\"url\":\"https:\\\/\\\/corumview.com\\\/\",\"name\":\"Corum View\",\"description\":\"Direct View LED Displays\",\"publisher\":{\"@id\":\"https:\\\/\\\/corumview.com\\\/#organization\"},\"potentialAction\":[{\"@type\":\"SearchAction\",\"target\":{\"@type\":\"EntryPoint\",\"urlTemplate\":\"https:\\\/\\\/corumview.com\\\/?s={search_term_string}\"},\"query-input\":{\"@type\":\"PropertyValueSpecification\",\"valueRequired\":true,\"valueName\":\"search_term_string\"}}],\"inLanguage\":\"fr-CA\"},{\"@type\":\"Organization\",\"@id\":\"https:\\\/\\\/corumview.com\\\/#organization\",\"name\":\"Corum View\",\"url\":\"https:\\\/\\\/corumview.com\\\/\",\"logo\":{\"@type\":\"ImageObject\",\"inLanguage\":\"fr-CA\",\"@id\":\"https:\\\/\\\/corumview.com\\\/#\\\/schema\\\/logo\\\/image\\\/\",\"url\":\"https:\\\/\\\/corumview.com\\\/wp-content\\\/uploads\\\/2022\\\/06\\\/cv-fav.jpg\",\"contentUrl\":\"https:\\\/\\\/corumview.com\\\/wp-content\\\/uploads\\\/2022\\\/06\\\/cv-fav.jpg\",\"width\":260,\"height\":260,\"caption\":\"Corum View\"},\"image\":{\"@id\":\"https:\\\/\\\/corumview.com\\\/#\\\/schema\\\/logo\\\/image\\\/\"},\"sameAs\":[\"https:\\\/\\\/www.facebook.com\\\/people\\\/Corum-View\\\/100092176959933\\\/\",\"https:\\\/\\\/x.com\\\/CorumView\",\"https:\\\/\\\/www.linkedin.com\\\/company\\\/corum-view\\\/\"]}]}<\/script>\n<!-- \/ Yoast SEO plugin. -->","yoast_head_json":{"title":"\u00c9crans LED | Canada | \u00c9tats-Unis | CorumView","description":"Nos \u00e9crans LED Direct View inspirent une communication visuelle plus percutante, dans les environnements int\u00e9rieurs et ext\u00e9rieurs.","robots":{"index":"index","follow":"follow","max-snippet":"max-snippet:-1","max-image-preview":"max-image-preview:large","max-video-preview":"max-video-preview:-1"},"canonical":"https:\/\/corumview.com\/fr\/","og_locale":"fr_CA","og_type":"article","og_title":"LED Displays | Canada | USA | CorumView","og_description":"Our Direct View LED displays inspire more impactful visual communication, in both indoor and outdoor environments.","og_url":"https:\/\/corumview.com\/fr\/","og_site_name":"Corum View","article_publisher":"https:\/\/www.facebook.com\/people\/Corum-View\/100092176959933\/","article_modified_time":"2025-09-16T19:05:24+00:00","twitter_card":"summary_large_image","twitter_site":"@CorumView","twitter_misc":{"Estimation du temps de lecture":"2 minutes"},"schema":{"@context":"https:\/\/schema.org","@graph":[{"@type":"WebPage","@id":"https:\/\/corumview.com\/","url":"https:\/\/corumview.com\/","name":"\u00c9crans LED | Canada | \u00c9tats-Unis | CorumView","isPartOf":{"@id":"https:\/\/corumview.com\/#website"},"datePublished":"2020-10-02T08:42:22+00:00","dateModified":"2025-09-16T19:05:24+00:00","description":"Nos \u00e9crans LED Direct View inspirent une communication visuelle plus percutante, dans les environnements int\u00e9rieurs et ext\u00e9rieurs.","breadcrumb":{"@id":"https:\/\/corumview.com\/#breadcrumb"},"inLanguage":"fr-CA","potentialAction":[{"@type":"ReadAction","target":["https:\/\/corumview.com\/"]}]},{"@type":"BreadcrumbList","@id":"https:\/\/corumview.com\/#breadcrumb","itemListElement":[{"@type":"ListItem","position":1,"name":"Home","item":"https:\/\/corumview.com\/"},{"@type":"ListItem","position":2,"name":"Home"}]},{"@type":"WebSite","@id":"https:\/\/corumview.com\/#website","url":"https:\/\/corumview.com\/","name":"Voir Corum","description":"Affichages LED \u00e0 vue directe","publisher":{"@id":"https:\/\/corumview.com\/#organization"},"potentialAction":[{"@type":"SearchAction","target":{"@type":"EntryPoint","urlTemplate":"https:\/\/corumview.com\/?s={search_term_string}"},"query-input":{"@type":"PropertyValueSpecification","valueRequired":true,"valueName":"search_term_string"}}],"inLanguage":"fr-CA"},{"@type":"Organization","@id":"https:\/\/corumview.com\/#organization","name":"Voir Corum","url":"https:\/\/corumview.com\/","logo":{"@type":"ImageObject","inLanguage":"fr-CA","@id":"https:\/\/corumview.com\/#\/schema\/logo\/image\/","url":"https:\/\/corumview.com\/wp-content\/uploads\/2022\/06\/cv-fav.jpg","contentUrl":"https:\/\/corumview.com\/wp-content\/uploads\/2022\/06\/cv-fav.jpg","width":260,"height":260,"caption":"Corum View"},"image":{"@id":"https:\/\/corumview.com\/#\/schema\/logo\/image\/"},"sameAs":["https:\/\/www.facebook.com\/people\/Corum-View\/100092176959933\/","https:\/\/x.com\/CorumView","https:\/\/www.linkedin.com\/company\/corum-view\/"]}]}},"_links":{"self":[{"href":"https:\/\/corumview.com\/fr\/wp-json\/wp\/v2\/pages\/2","targetHints":{"allow":["GET"]}}],"collection":[{"href":"https:\/\/corumview.com\/fr\/wp-json\/wp\/v2\/pages"}],"about":[{"href":"https:\/\/corumview.com\/fr\/wp-json\/wp\/v2\/types\/page"}],"author":[{"embeddable":true,"href":"https:\/\/corumview.com\/fr\/wp-json\/wp\/v2\/users\/1"}],"replies":[{"embeddable":true,"href":"https:\/\/corumview.com\/fr\/wp-json\/wp\/v2\/comments?post=2"}],"version-history":[{"count":9,"href":"https:\/\/corumview.com\/fr\/wp-json\/wp\/v2\/pages\/2\/revisions"}],"predecessor-version":[{"id":11059,"href":"https:\/\/corumview.com\/fr\/wp-json\/wp\/v2\/pages\/2\/revisions\/11059"}],"wp:attachment":[{"href":"https:\/\/corumview.com\/fr\/wp-json\/wp\/v2\/media?parent=2"}],"curies":[{"name":"wp","href":"https:\/\/api.w.org\/{rel}","templated":true}]}}