{"id":244,"date":"2022-06-21T18:26:37","date_gmt":"2022-06-21T18:26:37","guid":{"rendered":"https:\/\/corumview.com\/?page_id=244"},"modified":"2022-07-05T20:34:16","modified_gmt":"2022-07-05T20:34:16","slug":"plateforme-cms-daffichage-led","status":"publish","type":"page","link":"https:\/\/corumview.com\/fr\/led-display-cms-platform\/","title":{"rendered":"Plateforme"},"content":{"rendered":"<h6>Fonctionnalit\u00e9 avec des possibilit\u00e9s infinies<\/h6>\n<p><\/p>\n<h4>Une suite compl\u00e8te de fonctionnalit\u00e9s pour une gestion transparente de tous les aspects de votre r\u00e9seau de signalisation num\u00e9rique \u00e0 affichage LED<\/h4>\n<p>centre<br \/>fondu<\/p>\n<h1>Plate-forme CMS d&#039;affichage \u00e0 LED<\/h1>\n<p><\/p>\n<h2>La plate-forme CMS d&#039;affichage LED Corum View rassemble des technologies cl\u00e9s pour vous permettre de g\u00e9rer efficacement votre r\u00e9seau d&#039;affichage num\u00e9rique.<\/h2>\n<p>centre<\/p>\n<p><img decoding=\"async\" src=\"https:\/\/corumview.com\/wp-content\/uploads\/2022\/06\/digital-signage-platform.png\" alt=\"Plateforme LED \u00e0 vision directe\" \/><br \/>complet<\/p>\n<h4>\\&quot;L&#039;interface bas\u00e9e sur le cloud signifie que les mises \u00e0 jour peuvent avoir lieu n&#039;importe o\u00f9 et \u00e0 tout moment ; passer par le Wi-Fi plut\u00f4t que d&#039;\u00eatre intransigeant me donne plus d&#039;options dans les syst\u00e8mes multi-campus. Le support client est de premier ordre\u2026 Qu&#039;est-ce qu&#039;il ne faut pas aimer ?\\\u201d<\/h4>\n<p><img decoding=\"async\" src=\"https:\/\/mediatile.com\/wp-content\/uploads\/2022\/01\/platform-review-2.jpg\" alt=\"Citation de St\u00e9phanie M, Responsable Marketing et Communication\" \/><br \/>Titre + description<br \/>gauche<br \/>#6fb6f5<br \/>auto<br \/>#6fb6f5<br \/>8px 8px 8px 8px<\/p>\n<h3>Contr\u00f4le cr\u00e9atif complet<\/h3>\n<p><\/p>\n<h4>Votre plateforme de gestion de contenu est l&#039;outil le plus important lorsqu&#039;il s&#039;agit de maintenir un r\u00e9seau d&#039;affichage num\u00e9rique efficace. Notre plate-forme d&#039;affichage num\u00e9rique est facile \u00e0 utiliser et peut \u00e9voluer pour r\u00e9pondre \u00e0 vos besoins, partout dans le monde. En ouvrant simplement un navigateur, vous pouvez diffuser du contenu au bon endroit, au bon moment, rapidement et en toute s\u00e9curit\u00e9. Un ensemble puissant d&#039;outils de d\u00e9pannage et de maintenance \u00e0 distance garantit la disponibilit\u00e9 et est en outre pris en charge par une grande \u00e9quipe d&#039;experts en produits avec des ann\u00e9es d&#039;exp\u00e9rience.<\/h4>\n<p>auto<br \/>fondu<\/p>\n<h3>Pr\u00e9parez-vous pour le succ\u00e8s<\/h3>\n<p><\/p>\n<h4>Notre plate-forme LED Display CMS est une solution intelligemment con\u00e7ue pour la signalisation num\u00e9rique.<\/h4>\n<p>auto<br \/>fondu<\/p>\n<p>CARACT\u00c9RISTIQUES<br \/>Concepteur de contenu<br \/>Planificateur de contenu<br \/>S\u00e9curit\u00e9<br \/>Contr\u00f4le d&#039;acc\u00e8s<br \/>Analyse de l&#039;utilisation<br \/>Ciblage g\u00e9ographique<br \/>Preuve de lecture<br \/>Surveillance du r\u00e9seau<br \/>Listes de lecture dynamiques<br \/>Int\u00e9gration de la publicit\u00e9 programmatique<br \/>Le concepteur de contenu int\u00e9gr\u00e9 de CorumView donne aux utilisateurs la possibilit\u00e9 de concevoir et de contr\u00f4ler leur message d&#039;affichage num\u00e9rique sur \u00e9cran LED. Utilisez des mises en page pr\u00e9d\u00e9finies ou personnalisez les v\u00f4tres pour un effet maximal.<br \/>Le planificateur de contenu simplifie le processus de planification en permettant aux utilisateurs de d\u00e9terminer quand ils souhaitent que des \u00e9l\u00e9ments de contenu sp\u00e9cifiques soient lus. Personnalisez la messagerie en fonction des donn\u00e9es de trafic ou d&#039;autres crit\u00e8res pour une efficacit\u00e9 maximale.<br \/>CorumView met en \u0153uvre plusieurs niveaux de s\u00e9curit\u00e9 pour prot\u00e9ger votre r\u00e9seau contre les acc\u00e8s non autoris\u00e9s. CorumView utilise des communications HTTPS s\u00e9curis\u00e9es et un acc\u00e8s bas\u00e9 sur les r\u00f4les pour assurer la s\u00e9curit\u00e9 de votre r\u00e9seau de signalisation.<br \/>Le contr\u00f4le de l&#039;acc\u00e8s \u00e0 des zones ou \u00e0 des types de contenu sp\u00e9cifiques permet aux administrateurs de diviser les responsabilit\u00e9s en mati\u00e8re de charge de travail et de fournir une configuration de s\u00e9curit\u00e9 suppl\u00e9mentaire, en particulier lorsqu&#039;ils accordent l&#039;acc\u00e8s \u00e0 des tiers.<br \/>Suivez et cr\u00e9ez des rapports sur la lecture de contenu, la disponibilit\u00e9 de l&#039;\u00e9cran et d&#039;autres mesures analytiques cl\u00e9s. Obtenez des informations sur les impacts sur les performances qui peuvent affecter votre entreprise.<br \/>Le ciblage g\u00e9ographique vous permet de diffuser le bon contenu au bon public au bon moment. Ajustez votre contenu pour des consid\u00e9rations locales ou des promotions cibl\u00e9es sp\u00e9cifiques \u00e0 certaines r\u00e9gions g\u00e9ographiques.<br \/>Dans le cadre des rapports analytiques de CorumView, la preuve de lecture fournit des donn\u00e9es sur le contenu affich\u00e9 sur quel \u00e9cran et pendant combien de temps. Ceci est essentiel pour suivre et optimiser votre propre contenu ou celui de tiers.<br \/>La surveillance du r\u00e9seau est un \u00e9l\u00e9ment essentiel de tout syst\u00e8me de signalisation num\u00e9rique appropri\u00e9. La surveillance assure le suivi de la disponibilit\u00e9 et \u00e9met des alertes en cas de probl\u00e8me.<br \/>Les listes de lecture dynamiques donnent aux utilisateurs plus de contr\u00f4le sur le contenu diffus\u00e9 sur leur r\u00e9seau d&#039;affichage num\u00e9rique, le moment et la fr\u00e9quence de lecture. Il facilite la gestion des listes de lecture et permet une int\u00e9gration plus facile du contenu tiers.<br \/>Int\u00e9grez-vous aux plateformes de publicit\u00e9 programmatique populaires pour commencer facilement \u00e0 g\u00e9n\u00e9rer des revenus d\u00e8s le premier jour.<br \/>accord\u00e9on<\/p>","protected":false},"excerpt":{"rendered":"<p><span class=\"excerpt-hellip\"> [\u2026]<\/span><\/p>\n","protected":false},"author":1,"featured_media":0,"parent":0,"menu_order":0,"comment_status":"closed","ping_status":"closed","template":"","meta":{"footnotes":""},"class_list":["post-244","page","type-page","status-publish","hentry"],"yoast_head":"<!-- This site is optimized with the Yoast SEO plugin v27.4 - https:\/\/yoast.com\/product\/yoast-seo-wordpress\/ -->\n<title>LED Display CMS Platform<\/title>\n<meta name=\"description\" content=\"The CorumView LED Display CMS platform brings together key technologies so you can effectively manage your digital signage network.\" \/>\n<meta name=\"robots\" content=\"index, follow, max-snippet:-1, max-image-preview:large, max-video-preview:-1\" \/>\n<link rel=\"canonical\" href=\"https:\/\/corumview.com\/fr\/plateforme-cms-daffichage-led\/\" \/>\n<meta property=\"og:locale\" content=\"fr_CA\" \/>\n<meta property=\"og:type\" content=\"article\" \/>\n<meta property=\"og:title\" content=\"LED Display CMS Platform\" \/>\n<meta property=\"og:description\" content=\"The CorumView LED Display CMS platform brings together key technologies so you can effectively manage your digital signage network.\" \/>\n<meta property=\"og:url\" content=\"https:\/\/corumview.com\/fr\/plateforme-cms-daffichage-led\/\" \/>\n<meta property=\"og:site_name\" content=\"Corum View\" \/>\n<meta property=\"article:publisher\" content=\"https:\/\/www.facebook.com\/people\/Corum-View\/100092176959933\/\" \/>\n<meta property=\"article:modified_time\" content=\"2022-07-05T20:34:16+00:00\" \/>\n<meta property=\"og:image\" content=\"https:\/\/corumview.com\/wp-content\/uploads\/2022\/06\/digital-signage-platform.png\" \/>\n<meta name=\"twitter:card\" content=\"summary_large_image\" \/>\n<meta name=\"twitter:site\" content=\"@CorumView\" \/>\n<meta name=\"twitter:label1\" content=\"Estimation du temps de lecture\" \/>\n\t<meta name=\"twitter:data1\" content=\"2 minutes\" \/>\n<script type=\"application\/ld+json\" class=\"yoast-schema-graph\">{\"@context\":\"https:\\\/\\\/schema.org\",\"@graph\":[{\"@type\":\"WebPage\",\"@id\":\"https:\\\/\\\/corumview.com\\\/led-display-cms-platform\\\/\",\"url\":\"https:\\\/\\\/corumview.com\\\/led-display-cms-platform\\\/\",\"name\":\"LED Display CMS Platform\",\"isPartOf\":{\"@id\":\"https:\\\/\\\/corumview.com\\\/#website\"},\"primaryImageOfPage\":{\"@id\":\"https:\\\/\\\/corumview.com\\\/led-display-cms-platform\\\/#primaryimage\"},\"image\":{\"@id\":\"https:\\\/\\\/corumview.com\\\/led-display-cms-platform\\\/#primaryimage\"},\"thumbnailUrl\":\"https:\\\/\\\/corumview.com\\\/wp-content\\\/uploads\\\/2022\\\/06\\\/digital-signage-platform.png\",\"datePublished\":\"2022-06-21T18:26:37+00:00\",\"dateModified\":\"2022-07-05T20:34:16+00:00\",\"description\":\"The CorumView LED Display CMS platform brings together key technologies so you can effectively manage your digital signage network.\",\"breadcrumb\":{\"@id\":\"https:\\\/\\\/corumview.com\\\/led-display-cms-platform\\\/#breadcrumb\"},\"inLanguage\":\"fr-CA\",\"potentialAction\":[{\"@type\":\"ReadAction\",\"target\":[\"https:\\\/\\\/corumview.com\\\/led-display-cms-platform\\\/\"]}]},{\"@type\":\"ImageObject\",\"inLanguage\":\"fr-CA\",\"@id\":\"https:\\\/\\\/corumview.com\\\/led-display-cms-platform\\\/#primaryimage\",\"url\":\"https:\\\/\\\/corumview.com\\\/wp-content\\\/uploads\\\/2022\\\/06\\\/digital-signage-platform.png\",\"contentUrl\":\"https:\\\/\\\/corumview.com\\\/wp-content\\\/uploads\\\/2022\\\/06\\\/digital-signage-platform.png\"},{\"@type\":\"BreadcrumbList\",\"@id\":\"https:\\\/\\\/corumview.com\\\/led-display-cms-platform\\\/#breadcrumb\",\"itemListElement\":[{\"@type\":\"ListItem\",\"position\":1,\"name\":\"Home\",\"item\":\"https:\\\/\\\/corumview.com\\\/\"},{\"@type\":\"ListItem\",\"position\":2,\"name\":\"Platform\"}]},{\"@type\":\"WebSite\",\"@id\":\"https:\\\/\\\/corumview.com\\\/#website\",\"url\":\"https:\\\/\\\/corumview.com\\\/\",\"name\":\"Corum View\",\"description\":\"Direct View LED Displays\",\"publisher\":{\"@id\":\"https:\\\/\\\/corumview.com\\\/#organization\"},\"potentialAction\":[{\"@type\":\"SearchAction\",\"target\":{\"@type\":\"EntryPoint\",\"urlTemplate\":\"https:\\\/\\\/corumview.com\\\/?s={search_term_string}\"},\"query-input\":{\"@type\":\"PropertyValueSpecification\",\"valueRequired\":true,\"valueName\":\"search_term_string\"}}],\"inLanguage\":\"fr-CA\"},{\"@type\":\"Organization\",\"@id\":\"https:\\\/\\\/corumview.com\\\/#organization\",\"name\":\"Corum View\",\"url\":\"https:\\\/\\\/corumview.com\\\/\",\"logo\":{\"@type\":\"ImageObject\",\"inLanguage\":\"fr-CA\",\"@id\":\"https:\\\/\\\/corumview.com\\\/#\\\/schema\\\/logo\\\/image\\\/\",\"url\":\"https:\\\/\\\/corumview.com\\\/wp-content\\\/uploads\\\/2022\\\/06\\\/cv-fav.jpg\",\"contentUrl\":\"https:\\\/\\\/corumview.com\\\/wp-content\\\/uploads\\\/2022\\\/06\\\/cv-fav.jpg\",\"width\":260,\"height\":260,\"caption\":\"Corum View\"},\"image\":{\"@id\":\"https:\\\/\\\/corumview.com\\\/#\\\/schema\\\/logo\\\/image\\\/\"},\"sameAs\":[\"https:\\\/\\\/www.facebook.com\\\/people\\\/Corum-View\\\/100092176959933\\\/\",\"https:\\\/\\\/x.com\\\/CorumView\",\"https:\\\/\\\/www.linkedin.com\\\/company\\\/corum-view\\\/\"]}]}<\/script>\n<!-- \/ Yoast SEO plugin. -->","yoast_head_json":{"title":"Plate-forme CMS d&#039;affichage \u00e0 LED","description":"La plateforme CMS CorumView LED Display rassemble des technologies cl\u00e9s pour vous permettre de g\u00e9rer efficacement votre r\u00e9seau d&#039;affichage num\u00e9rique.","robots":{"index":"index","follow":"follow","max-snippet":"max-snippet:-1","max-image-preview":"max-image-preview:large","max-video-preview":"max-video-preview:-1"},"canonical":"https:\/\/corumview.com\/fr\/plateforme-cms-daffichage-led\/","og_locale":"fr_CA","og_type":"article","og_title":"LED Display CMS Platform","og_description":"The CorumView LED Display CMS platform brings together key technologies so you can effectively manage your digital signage network.","og_url":"https:\/\/corumview.com\/fr\/plateforme-cms-daffichage-led\/","og_site_name":"Corum View","article_publisher":"https:\/\/www.facebook.com\/people\/Corum-View\/100092176959933\/","article_modified_time":"2022-07-05T20:34:16+00:00","og_image":[{"url":"https:\/\/corumview.com\/wp-content\/uploads\/2022\/06\/digital-signage-platform.png","type":"","width":"","height":""}],"twitter_card":"summary_large_image","twitter_site":"@CorumView","twitter_misc":{"Estimation du temps de lecture":"2 minutes"},"schema":{"@context":"https:\/\/schema.org","@graph":[{"@type":"WebPage","@id":"https:\/\/corumview.com\/led-display-cms-platform\/","url":"https:\/\/corumview.com\/led-display-cms-platform\/","name":"Plate-forme CMS d&#039;affichage \u00e0 LED","isPartOf":{"@id":"https:\/\/corumview.com\/#website"},"primaryImageOfPage":{"@id":"https:\/\/corumview.com\/led-display-cms-platform\/#primaryimage"},"image":{"@id":"https:\/\/corumview.com\/led-display-cms-platform\/#primaryimage"},"thumbnailUrl":"https:\/\/corumview.com\/wp-content\/uploads\/2022\/06\/digital-signage-platform.png","datePublished":"2022-06-21T18:26:37+00:00","dateModified":"2022-07-05T20:34:16+00:00","description":"La plateforme CMS CorumView LED Display rassemble des technologies cl\u00e9s pour vous permettre de g\u00e9rer efficacement votre r\u00e9seau d&#039;affichage num\u00e9rique.","breadcrumb":{"@id":"https:\/\/corumview.com\/led-display-cms-platform\/#breadcrumb"},"inLanguage":"fr-CA","potentialAction":[{"@type":"ReadAction","target":["https:\/\/corumview.com\/led-display-cms-platform\/"]}]},{"@type":"ImageObject","inLanguage":"fr-CA","@id":"https:\/\/corumview.com\/led-display-cms-platform\/#primaryimage","url":"https:\/\/corumview.com\/wp-content\/uploads\/2022\/06\/digital-signage-platform.png","contentUrl":"https:\/\/corumview.com\/wp-content\/uploads\/2022\/06\/digital-signage-platform.png"},{"@type":"BreadcrumbList","@id":"https:\/\/corumview.com\/led-display-cms-platform\/#breadcrumb","itemListElement":[{"@type":"ListItem","position":1,"name":"Home","item":"https:\/\/corumview.com\/"},{"@type":"ListItem","position":2,"name":"Platform"}]},{"@type":"WebSite","@id":"https:\/\/corumview.com\/#website","url":"https:\/\/corumview.com\/","name":"Voir Corum","description":"Affichages LED \u00e0 vue directe","publisher":{"@id":"https:\/\/corumview.com\/#organization"},"potentialAction":[{"@type":"SearchAction","target":{"@type":"EntryPoint","urlTemplate":"https:\/\/corumview.com\/?s={search_term_string}"},"query-input":{"@type":"PropertyValueSpecification","valueRequired":true,"valueName":"search_term_string"}}],"inLanguage":"fr-CA"},{"@type":"Organization","@id":"https:\/\/corumview.com\/#organization","name":"Voir Corum","url":"https:\/\/corumview.com\/","logo":{"@type":"ImageObject","inLanguage":"fr-CA","@id":"https:\/\/corumview.com\/#\/schema\/logo\/image\/","url":"https:\/\/corumview.com\/wp-content\/uploads\/2022\/06\/cv-fav.jpg","contentUrl":"https:\/\/corumview.com\/wp-content\/uploads\/2022\/06\/cv-fav.jpg","width":260,"height":260,"caption":"Corum View"},"image":{"@id":"https:\/\/corumview.com\/#\/schema\/logo\/image\/"},"sameAs":["https:\/\/www.facebook.com\/people\/Corum-View\/100092176959933\/","https:\/\/x.com\/CorumView","https:\/\/www.linkedin.com\/company\/corum-view\/"]}]}},"_links":{"self":[{"href":"https:\/\/corumview.com\/fr\/wp-json\/wp\/v2\/pages\/244","targetHints":{"allow":["GET"]}}],"collection":[{"href":"https:\/\/corumview.com\/fr\/wp-json\/wp\/v2\/pages"}],"about":[{"href":"https:\/\/corumview.com\/fr\/wp-json\/wp\/v2\/types\/page"}],"author":[{"embeddable":true,"href":"https:\/\/corumview.com\/fr\/wp-json\/wp\/v2\/users\/1"}],"replies":[{"embeddable":true,"href":"https:\/\/corumview.com\/fr\/wp-json\/wp\/v2\/comments?post=244"}],"version-history":[{"count":7,"href":"https:\/\/corumview.com\/fr\/wp-json\/wp\/v2\/pages\/244\/revisions"}],"predecessor-version":[{"id":10346,"href":"https:\/\/corumview.com\/fr\/wp-json\/wp\/v2\/pages\/244\/revisions\/10346"}],"wp:attachment":[{"href":"https:\/\/corumview.com\/fr\/wp-json\/wp\/v2\/media?parent=244"}],"curies":[{"name":"wp","href":"https:\/\/api.w.org\/{rel}","templated":true}]}}