{"id":250,"date":"2022-06-21T19:17:51","date_gmt":"2022-06-21T19:17:51","guid":{"rendered":"https:\/\/corumview.com\/?page_id=250"},"modified":"2025-07-24T19:22:13","modified_gmt":"2025-07-24T19:22:13","slug":"services-daffichage-led","status":"publish","type":"page","link":"https:\/\/corumview.com\/fr\/led-display-services\/","title":{"rendered":"Prestations de service"},"content":{"rendered":"<h6>Nos services<\/h6>\n<p>&nbsp;<\/p>\n<h4>Nos solutions cl\u00e9s en main incluent des services qui font passer votre Digital Signage au niveau sup\u00e9rieur.<\/h4>\n<p>centre<br \/>\nfondu<\/p>\n<h1>Services d&#039;affichage \u00e0 LED cl\u00e9 en main<\/h1>\n<p>&nbsp;<\/p>\n<h2>Nos experts CorumView con\u00e7oivent des solutions d\u2019affichage LED compl\u00e8tes de bout en bout. Dans le cadre de nos services d&#039;affichage LED cl\u00e9 en main, CorumView propose \u00e9galement des services d&#039;installation, de cr\u00e9ation et de d\u00e9veloppement de logiciels personnalis\u00e9s pour garantir une exp\u00e9rience d&#039;affichage num\u00e9rique exceptionnelle.<\/h2>\n<p>centre<\/p>\n<p><img decoding=\"async\" src=\"https:\/\/corumview.com\/wp-content\/uploads\/2022\/06\/aluminum-structure-1.jpg\" alt=\"structure en aluminium\" \/><br \/>\ncomplet<br \/>\ncentre<\/p>\n<h3>La structure en aluminium moul\u00e9 sous pression assure un bon effet d&#039;\u00e9pissage.<\/h3>\n<p>&nbsp;<\/p>\n<h4>Les quatre coins de la bo\u00eete sont int\u00e9gralement moul\u00e9s sous pression avec la pr\u00e9cision capable de r\u00e9pondre aux exigences de plan\u00e9it\u00e9 d&#039;\u00e9pissure\u00a0; le processus de profilage est utilis\u00e9 dans le cadre, permettant un changement libre de tailles, r\u00e9pondant aux diff\u00e9rentes exigences dimensionnelles du projet.<\/h4>\n<p><hr class=\"no_line\" style=\"margin: 0 auto 0px auto\"\/>\n<br \/>\nTitre + description<br \/>\ngauche<br \/>\n#ecf6ff<br \/>\nauto<br \/>\n#ecf6ff<br \/>\n8px 8px 8px 8px<\/p>\n<h3>Installation et maintenance pratiques.<\/h3>\n<p>&nbsp;<\/p>\n<h4>Il prend en charge l&#039;installation et la maintenance avant et arri\u00e8re.<\/h4>\n<p>&nbsp;<\/p>\n<h4>Il permet un entretien complet de la fa\u00e7ade et une installation au mur ; et il permet \u00e9galement l&#039;entretien arri\u00e8re et l&#039;installation arri\u00e8re<\/h4>\n<p>Titre + description<br \/>\ngauche<br \/>\n#f5eff9<br \/>\nauto<br \/>\n#f5eff9<br \/>\n8px 8px 8px 8px<\/p>\n<p><img decoding=\"async\" src=\"https:\/\/corumview.com\/wp-content\/uploads\/2022\/06\/Maintenance-1.jpg\" alt=\"Entretien\" \/><br \/>\ncomplet<br \/>\ncentre<\/p>\n<p><img decoding=\"async\" src=\"https:\/\/corumview.com\/wp-content\/uploads\/2022\/06\/any-size.jpg\" alt=\"toutes tailles\" \/><br \/>\ncomplet<br \/>\ncentre<\/p>\n<h3>\u00c9pissage de toute taille (Multiple de 250 mm).<\/h3>\n<p>&nbsp;<\/p>\n<h4>La taille du module est de 250*250 mm et la taille de la bo\u00eete est flexible, capable de r\u00e9aliser l&#039;installation avec une taille d&#039;\u00e9cran de 250 mm.<\/h4>\n<p>Titre + description<br \/>\ngauche<br \/>\n#ecf6ff<br \/>\nauto<br \/>\n#ecf6ff<br \/>\n8px 8px 8px 8px<\/p>\n<p><img decoding=\"async\" src=\"https:\/\/corumview.com\/wp-content\/uploads\/2022\/06\/installation.png\" alt=\"Installation d&#039;affichage LED\" \/><br \/>\ncomplet<br \/>\ncentre<\/p>\n<h3>Installation d&#039;affichage LED<\/h3>\n<p>&nbsp;<\/p>\n<h4>De l&#039;\u00e9tude initiale du site jusqu&#039;aux tests et au nettoyage, les experts en installation d&#039;\u00e9crans LED de CorumView rendent l&#039;installation de votre solution d&#039;affichage num\u00e9rique rapide, facile et professionnelle.<\/h4>\n<p>Titre + description<br \/>\ngauche<br \/>\n#ecf6ff<br \/>\nauto<br \/>\n#ecf6ff<br \/>\n8px 8px 8px 8px<\/p>\n<h3>Formation et assistance<\/h3>\n<p>&nbsp;<\/p>\n<h4>L&#039;\u00e9quipe Customer Success de CorumView travaille avec vous pour ma\u00eetriser toutes les fonctionnalit\u00e9s dont vous avez besoin pour r\u00e9ussir d\u00e8s le d\u00e9but et vous assister chaque fois que vous en avez besoin.<\/h4>\n<p>Titre + description<br \/>\ngauche<br \/>\n#f5eff9<br \/>\nauto<br \/>\n#f5eff9<br \/>\n8px 8px 8px 8px<\/p>\n<p><img decoding=\"async\" src=\"https:\/\/corumview.com\/wp-content\/uploads\/2022\/06\/training.png\" alt=\"Formation sur l&#039;affichage LED\" \/><br \/>\ncomplet<br \/>\ncentre<\/p>\n<p><img decoding=\"async\" src=\"https:\/\/corumview.com\/wp-content\/uploads\/2022\/06\/custom-development.jpg\" alt=\"D\u00e9veloppement personnalis\u00e9 d&#039;\u00e9crans LED\" \/><br \/>\ncomplet<br \/>\ncentre<\/p>\n<h3>D\u00e9veloppement de logiciels personnalis\u00e9s d&#039;affichage num\u00e9rique<\/h3>\n<p>&nbsp;<\/p>\n<h4>La plate-forme du syst\u00e8me de gestion de contenu d&#039;affichage num\u00e9rique de CorumView poss\u00e8de de nombreuses fonctionnalit\u00e9s et capacit\u00e9s d&#039;int\u00e9gration. Cependant, si vous avez besoin de fonctionnalit\u00e9s sp\u00e9cifiques que notre plateforme n&#039;offre pas actuellement, notre \u00e9quipe d&#039;experts en d\u00e9veloppement de logiciels peut travailler avec vous pour cr\u00e9er un logiciel personnalis\u00e9 adapt\u00e9 \u00e0 vos besoins uniques.<\/h4>\n<p>Titre + description<br \/>\ngauche<br \/>\n#ecf6ff<br \/>\nauto<br \/>\n#ecf6ff<br \/>\n8px 8px 8px 8px<\/p>","protected":false},"excerpt":{"rendered":"<p><span class=\"excerpt-hellip\"> [\u2026]<\/span><\/p>\n","protected":false},"author":1,"featured_media":-1,"parent":0,"menu_order":0,"comment_status":"closed","ping_status":"closed","template":"","meta":{"footnotes":""},"class_list":["post-250","page","type-page","status-publish","has-post-thumbnail","hentry"],"yoast_head":"<!-- This site is optimized with the Yoast SEO plugin v27.4 - https:\/\/yoast.com\/product\/yoast-seo-wordpress\/ -->\n<title>LED Display Services<\/title>\n<meta name=\"description\" content=\"We offer LED Display installation and custom software development services to help ensure an outstanding Digital Signage experience.\" \/>\n<meta name=\"robots\" content=\"index, follow, max-snippet:-1, max-image-preview:large, max-video-preview:-1\" \/>\n<link rel=\"canonical\" href=\"https:\/\/corumview.com\/fr\/services-daffichage-led\/\" \/>\n<meta property=\"og:locale\" content=\"fr_CA\" \/>\n<meta property=\"og:type\" content=\"article\" \/>\n<meta property=\"og:title\" content=\"LED Display Services\" \/>\n<meta property=\"og:description\" content=\"We offer LED Display installation and custom software development services to help ensure an outstanding Digital Signage experience.\" \/>\n<meta property=\"og:url\" content=\"https:\/\/corumview.com\/fr\/services-daffichage-led\/\" \/>\n<meta property=\"og:site_name\" content=\"Corum View\" \/>\n<meta property=\"article:publisher\" content=\"https:\/\/www.facebook.com\/people\/Corum-View\/100092176959933\/\" \/>\n<meta property=\"article:modified_time\" content=\"2025-07-24T19:22:13+00:00\" \/>\n<meta name=\"twitter:card\" content=\"summary_large_image\" \/>\n<meta name=\"twitter:site\" content=\"@CorumView\" \/>\n<meta name=\"twitter:label1\" content=\"Estimation du temps de lecture\" \/>\n\t<meta name=\"twitter:data1\" content=\"3 minutes\" \/>\n<script type=\"application\/ld+json\" class=\"yoast-schema-graph\">{\"@context\":\"https:\\\/\\\/schema.org\",\"@graph\":[{\"@type\":\"WebPage\",\"@id\":\"https:\\\/\\\/corumview.com\\\/led-display-services\\\/\",\"url\":\"https:\\\/\\\/corumview.com\\\/led-display-services\\\/\",\"name\":\"LED Display Services\",\"isPartOf\":{\"@id\":\"https:\\\/\\\/corumview.com\\\/#website\"},\"primaryImageOfPage\":{\"@id\":\"https:\\\/\\\/corumview.com\\\/led-display-services\\\/#primaryimage\"},\"image\":{\"@id\":\"https:\\\/\\\/corumview.com\\\/led-display-services\\\/#primaryimage\"},\"thumbnailUrl\":\"https:\\\/\\\/corumview.com\\\/wp-content\\\/uploads\\\/2022\\\/06\\\/aluminum-structure-1.jpg\",\"datePublished\":\"2022-06-21T19:17:51+00:00\",\"dateModified\":\"2025-07-24T19:22:13+00:00\",\"description\":\"We offer LED Display installation and custom software development services to help ensure an outstanding Digital Signage experience.\",\"breadcrumb\":{\"@id\":\"https:\\\/\\\/corumview.com\\\/led-display-services\\\/#breadcrumb\"},\"inLanguage\":\"fr-CA\",\"potentialAction\":[{\"@type\":\"ReadAction\",\"target\":[\"https:\\\/\\\/corumview.com\\\/led-display-services\\\/\"]}]},{\"@type\":\"ImageObject\",\"inLanguage\":\"fr-CA\",\"@id\":\"https:\\\/\\\/corumview.com\\\/led-display-services\\\/#primaryimage\",\"url\":\"https:\\\/\\\/corumview.com\\\/wp-content\\\/uploads\\\/2022\\\/06\\\/aluminum-structure-1.jpg\",\"contentUrl\":\"https:\\\/\\\/corumview.com\\\/wp-content\\\/uploads\\\/2022\\\/06\\\/aluminum-structure-1.jpg\"},{\"@type\":\"BreadcrumbList\",\"@id\":\"https:\\\/\\\/corumview.com\\\/led-display-services\\\/#breadcrumb\",\"itemListElement\":[{\"@type\":\"ListItem\",\"position\":1,\"name\":\"Home\",\"item\":\"https:\\\/\\\/corumview.com\\\/\"},{\"@type\":\"ListItem\",\"position\":2,\"name\":\"Services\"}]},{\"@type\":\"WebSite\",\"@id\":\"https:\\\/\\\/corumview.com\\\/#website\",\"url\":\"https:\\\/\\\/corumview.com\\\/\",\"name\":\"Corum View\",\"description\":\"Direct View LED Displays\",\"publisher\":{\"@id\":\"https:\\\/\\\/corumview.com\\\/#organization\"},\"potentialAction\":[{\"@type\":\"SearchAction\",\"target\":{\"@type\":\"EntryPoint\",\"urlTemplate\":\"https:\\\/\\\/corumview.com\\\/?s={search_term_string}\"},\"query-input\":{\"@type\":\"PropertyValueSpecification\",\"valueRequired\":true,\"valueName\":\"search_term_string\"}}],\"inLanguage\":\"fr-CA\"},{\"@type\":\"Organization\",\"@id\":\"https:\\\/\\\/corumview.com\\\/#organization\",\"name\":\"Corum View\",\"url\":\"https:\\\/\\\/corumview.com\\\/\",\"logo\":{\"@type\":\"ImageObject\",\"inLanguage\":\"fr-CA\",\"@id\":\"https:\\\/\\\/corumview.com\\\/#\\\/schema\\\/logo\\\/image\\\/\",\"url\":\"https:\\\/\\\/corumview.com\\\/wp-content\\\/uploads\\\/2022\\\/06\\\/cv-fav.jpg\",\"contentUrl\":\"https:\\\/\\\/corumview.com\\\/wp-content\\\/uploads\\\/2022\\\/06\\\/cv-fav.jpg\",\"width\":260,\"height\":260,\"caption\":\"Corum View\"},\"image\":{\"@id\":\"https:\\\/\\\/corumview.com\\\/#\\\/schema\\\/logo\\\/image\\\/\"},\"sameAs\":[\"https:\\\/\\\/www.facebook.com\\\/people\\\/Corum-View\\\/100092176959933\\\/\",\"https:\\\/\\\/x.com\\\/CorumView\",\"https:\\\/\\\/www.linkedin.com\\\/company\\\/corum-view\\\/\"]}]}<\/script>\n<!-- \/ Yoast SEO plugin. -->","yoast_head_json":{"title":"Services d&#039;affichage LED","description":"Nous proposons des services d&#039;installation d&#039;\u00e9crans LED et de d\u00e9veloppement de logiciels personnalis\u00e9s pour garantir une exp\u00e9rience d&#039;affichage num\u00e9rique exceptionnelle.","robots":{"index":"index","follow":"follow","max-snippet":"max-snippet:-1","max-image-preview":"max-image-preview:large","max-video-preview":"max-video-preview:-1"},"canonical":"https:\/\/corumview.com\/fr\/services-daffichage-led\/","og_locale":"fr_CA","og_type":"article","og_title":"LED Display Services","og_description":"We offer LED Display installation and custom software development services to help ensure an outstanding Digital Signage experience.","og_url":"https:\/\/corumview.com\/fr\/services-daffichage-led\/","og_site_name":"Corum View","article_publisher":"https:\/\/www.facebook.com\/people\/Corum-View\/100092176959933\/","article_modified_time":"2025-07-24T19:22:13+00:00","twitter_card":"summary_large_image","twitter_site":"@CorumView","twitter_misc":{"Estimation du temps de lecture":"3 minutes"},"schema":{"@context":"https:\/\/schema.org","@graph":[{"@type":"WebPage","@id":"https:\/\/corumview.com\/led-display-services\/","url":"https:\/\/corumview.com\/led-display-services\/","name":"Services d&#039;affichage LED","isPartOf":{"@id":"https:\/\/corumview.com\/#website"},"primaryImageOfPage":{"@id":"https:\/\/corumview.com\/led-display-services\/#primaryimage"},"image":{"@id":"https:\/\/corumview.com\/led-display-services\/#primaryimage"},"thumbnailUrl":"https:\/\/corumview.com\/wp-content\/uploads\/2022\/06\/aluminum-structure-1.jpg","datePublished":"2022-06-21T19:17:51+00:00","dateModified":"2025-07-24T19:22:13+00:00","description":"Nous proposons des services d&#039;installation d&#039;\u00e9crans LED et de d\u00e9veloppement de logiciels personnalis\u00e9s pour garantir une exp\u00e9rience d&#039;affichage num\u00e9rique exceptionnelle.","breadcrumb":{"@id":"https:\/\/corumview.com\/led-display-services\/#breadcrumb"},"inLanguage":"fr-CA","potentialAction":[{"@type":"ReadAction","target":["https:\/\/corumview.com\/led-display-services\/"]}]},{"@type":"ImageObject","inLanguage":"fr-CA","@id":"https:\/\/corumview.com\/led-display-services\/#primaryimage","url":"https:\/\/corumview.com\/wp-content\/uploads\/2022\/06\/aluminum-structure-1.jpg","contentUrl":"https:\/\/corumview.com\/wp-content\/uploads\/2022\/06\/aluminum-structure-1.jpg"},{"@type":"BreadcrumbList","@id":"https:\/\/corumview.com\/led-display-services\/#breadcrumb","itemListElement":[{"@type":"ListItem","position":1,"name":"Home","item":"https:\/\/corumview.com\/"},{"@type":"ListItem","position":2,"name":"Services"}]},{"@type":"WebSite","@id":"https:\/\/corumview.com\/#website","url":"https:\/\/corumview.com\/","name":"Voir Corum","description":"Affichages LED \u00e0 vue directe","publisher":{"@id":"https:\/\/corumview.com\/#organization"},"potentialAction":[{"@type":"SearchAction","target":{"@type":"EntryPoint","urlTemplate":"https:\/\/corumview.com\/?s={search_term_string}"},"query-input":{"@type":"PropertyValueSpecification","valueRequired":true,"valueName":"search_term_string"}}],"inLanguage":"fr-CA"},{"@type":"Organization","@id":"https:\/\/corumview.com\/#organization","name":"Voir Corum","url":"https:\/\/corumview.com\/","logo":{"@type":"ImageObject","inLanguage":"fr-CA","@id":"https:\/\/corumview.com\/#\/schema\/logo\/image\/","url":"https:\/\/corumview.com\/wp-content\/uploads\/2022\/06\/cv-fav.jpg","contentUrl":"https:\/\/corumview.com\/wp-content\/uploads\/2022\/06\/cv-fav.jpg","width":260,"height":260,"caption":"Corum View"},"image":{"@id":"https:\/\/corumview.com\/#\/schema\/logo\/image\/"},"sameAs":["https:\/\/www.facebook.com\/people\/Corum-View\/100092176959933\/","https:\/\/x.com\/CorumView","https:\/\/www.linkedin.com\/company\/corum-view\/"]}]}},"_links":{"self":[{"href":"https:\/\/corumview.com\/fr\/wp-json\/wp\/v2\/pages\/250","targetHints":{"allow":["GET"]}}],"collection":[{"href":"https:\/\/corumview.com\/fr\/wp-json\/wp\/v2\/pages"}],"about":[{"href":"https:\/\/corumview.com\/fr\/wp-json\/wp\/v2\/types\/page"}],"author":[{"embeddable":true,"href":"https:\/\/corumview.com\/fr\/wp-json\/wp\/v2\/users\/1"}],"replies":[{"embeddable":true,"href":"https:\/\/corumview.com\/fr\/wp-json\/wp\/v2\/comments?post=250"}],"version-history":[{"count":6,"href":"https:\/\/corumview.com\/fr\/wp-json\/wp\/v2\/pages\/250\/revisions"}],"predecessor-version":[{"id":11249,"href":"https:\/\/corumview.com\/fr\/wp-json\/wp\/v2\/pages\/250\/revisions\/11249"}],"wp:featuredmedia":[{"embeddable":true,"href":"https:\/\/corumview.com\/fr\/wp-json\/"}],"wp:attachment":[{"href":"https:\/\/corumview.com\/fr\/wp-json\/wp\/v2\/media?parent=250"}],"curies":[{"name":"wp","href":"https:\/\/api.w.org\/{rel}","templated":true}]}}