{"id":88,"date":"2022-03-09T19:27:25","date_gmt":"2022-03-09T19:27:25","guid":{"rendered":"https:\/\/corumview.com\/?page_id=88"},"modified":"2024-11-05T21:00:40","modified_gmt":"2024-11-05T21:00:40","slug":"produits-daffichage-mural-video-a-led","status":"publish","type":"page","link":"https:\/\/corumview.com\/fr\/led-video-wall-display-products\/","title":{"rendered":"Des produits"},"content":{"rendered":"<h1>Produits d&#039;affichage LED<\/h1>\n<p>centre<\/p>\n<h2>\u00c9crans LED fixes d&#039;int\u00e9rieur<\/h2>\n<h4>Les produits d&#039;affichage LED Corum View Indoor Direct View offrent des exp\u00e9riences visuelles immersives. Avec la r\u00e9solution la plus \u00e9lev\u00e9e de l&#039;industrie \u00e0 un minuscule pas de pixel de 0,6 mm, votre public fera l&#039;exp\u00e9rience de d\u00e9tails visuels et de couleurs vives tout en \u00e9tant de pr\u00e8s et pleinement engag\u00e9. Avec des caract\u00e9ristiques telles qu&#039;un indice de protection IP65, une r\u00e9sistance aux chocs de 10 kg et des coins sans soudure \u00e0 90 degr\u00e9s, vos conceptions ne seront limit\u00e9es que par votre imagination. Parfait pour les halls, les atriums, les salles de conf\u00e9rence, la vente au d\u00e9tail, les galeries, les mus\u00e9es, l&#039;h\u00f4tellerie, les restaurants, les centres de transport, les lieux publics et bien plus encore.<\/h4>\n<p>centre<\/p>\n<p><img decoding=\"async\" src=\"https:\/\/corumview.com\/wp-content\/uploads\/2022\/06\/DVC-series.png\" alt=\"\u00c9cran LED s\u00e9rie DVC\" \/><br \/>\ncomplet<br \/>\n<a href=\"https:\/\/corumview.com\/fr\/produits-daffichage-mural-video-a-led\/ecrans-led-fixes-dinterieur\/dvc-series\/\">https:\/\/corumview.com\/led-video-wall-display-products\/indoor-fixed-led-displays\/dvc-series\/<\/a><br \/>\nd\u00e9sactiver<br \/>\ncentre<\/p>\n<h3>S\u00e9rie DVC<\/h3>\n<p><a class=\"button  button_size_2\" href=\"\"         title=\"\"><span class=\"button_label\">Bouton<\/span><\/a>\n<br \/>\ncentre<\/p>\n<p><img decoding=\"async\" src=\"https:\/\/corumview.com\/wp-content\/uploads\/2024\/08\/DVX-Series-LED-Video-Wall-1-2.webp#10987\" alt=\"Mur vid\u00e9o LED s\u00e9rie DVX-1\" \/><br \/>\ncomplet<br \/>\n<a href=\"https:\/\/corumview.com\/fr\/produits-daffichage-mural-video-a-led\/ecrans-led-fixes-dinterieur\/serie-dvx\/\">https:\/\/corumview.com\/led-video-wall-display-products\/indoor-fixed-led-displays\/dvx-series\/<\/a><br \/>\nd\u00e9sactiver<br \/>\ncentre<\/p>\n<h3>S\u00e9rie DVX<\/h3>\n<p><a class=\"button  button_size_2\" href=\"\"         title=\"\"><span class=\"button_label\">Bouton<\/span><\/a>\n<br \/>\ncentre<\/p>\n<p><img decoding=\"async\" src=\"https:\/\/corumview.com\/wp-content\/uploads\/2022\/06\/e-DVK-series-header.png\" alt=\"\u00c9cran mural vid\u00e9o LED s\u00e9rie DVK\" \/><br \/>\ncomplet<br \/>\n<a href=\"https:\/\/corumview.com\/fr\/produits-daffichage-mural-video-a-led\/ecrans-led-fixes-dinterieur\/serie-dvk\/\">https:\/\/corumview.com\/led-video-wall-display-products\/indoor-fixed-led-displays\/dvk-series\/<\/a><br \/>\nd\u00e9sactiver<br \/>\ncentre<\/p>\n<h3>S\u00e9rie DVK<\/h3>\n<p><a class=\"button  button_size_2\" href=\"\"         title=\"\"><span class=\"button_label\">Bouton<\/span><\/a>\n<br \/>\ncentre<\/p>\n<p><img decoding=\"async\" src=\"https:\/\/corumview.com\/wp-content\/uploads\/2023\/08\/DVM-gallery3b.webp\" alt=\"DVM-gallery3b\" \/><br \/>\ncomplet<br \/>\n<a href=\"https:\/\/corumview.com\/fr\/produits-daffichage-mural-video-a-led\/ecrans-led-fixes-dinterieur\/dvm-transparent\/\">https:\/\/corumview.com\/led-video-wall-display-products\/indoor-fixed-led-displays\/dvm-transparent\/<\/a><br \/>\nd\u00e9sactiver<br \/>\ncentre<\/p>\n<h3>DVM transparent<\/h3>\n<p><a class=\"button  button_size_2\" href=\"\"         title=\"\"><span class=\"button_label\">Bouton<\/span><\/a>\n<br \/>\ncentre<\/p>\n<h2>Affichages LED fixes ext\u00e9rieurs<\/h2>\n<h4>Les produits d&#039;affichage \u00e0 LED d&#039;ext\u00e9rieur Corum View offrent des exp\u00e9riences visuelles percutantes avec une luminosit\u00e9 et un contraste in\u00e9gal\u00e9s pour une lisibilit\u00e9 en plein soleil. Nos conceptions ext\u00e9rieures robustes s&#039;adaptent aux conditions m\u00e9t\u00e9orologiques extr\u00eames dans les climats froids et chauds. Parfait pour les panneaux d&#039;affichage, les d\u00e9cors de sites, la signalisation routi\u00e8re, la signalisation de transport, la publicit\u00e9 de vitrine, la signalisation de b\u00e2timent, la signalisation \u00e9ducative, les maisons de culte et bien plus encore.<\/h4>\n<p>centre<\/p>\n<p><img decoding=\"async\" src=\"https:\/\/corumview.com\/wp-content\/uploads\/2022\/06\/DVT-series.png\" alt=\"\u00c9crans LED ext\u00e9rieurs s\u00e9rie DVT\" \/><br \/>\ncomplet<br \/>\n<a href=\"https:\/\/corumview.com\/fr\/produits-daffichage-mural-video-a-led\/ecrans-led-exterieurs\/dvt-series\/\">https:\/\/corumview.com\/led-video-wall-display-products\/outdoor-led-displays\/dvt-series\/<\/a><br \/>\nd\u00e9sactiver<br \/>\ncentre<\/p>\n<h3>S\u00e9rie DVT<\/h3>\n<p><a class=\"button  button_size_2\" href=\"\"         title=\"\"><span class=\"button_label\">Bouton<\/span><\/a>\n<br \/>\ncentre<\/p>\n<h2>\u00c9crans LED fixes de location mobile<\/h2>\n<h4>Les produits d&#039;affichage LED \u00e0 vue directe d&#039;int\u00e9rieur Corum View sont con\u00e7us pour les rigueurs de l&#039;assemblage et du d\u00e9montage dans toutes sortes de lieux publics. M\u00eame de pr\u00e8s, le public sera \u00e9bloui par les meilleures r\u00e9solutions de l&#039;industrie aussi petites que 0,9 mm Pixel Pitch. Les coins sans soudure \u00e0 90 degr\u00e9s et la prise en charge des murs incurv\u00e9s avec des arcs int\u00e9rieurs jusqu&#039;\u00e0 12 degr\u00e9s et des arcs ext\u00e9rieurs de 3 degr\u00e9s vous permettront de cr\u00e9er de superbes murs visuels limit\u00e9s uniquement par votre imagination. Des caract\u00e9ristiques telles que les panneaux class\u00e9s IP65 qui r\u00e9sistent aux chocs jusqu&#039;\u00e0 10 kg et un taux de d\u00e9faillance inf\u00e9rieur \u00e0 10 parties par million garantissent que vos panneaux fonctionneront de mani\u00e8re constante sur chaque site o\u00f9 ils sont assembl\u00e9s. Parfait pour les salles de concert, les salons professionnels, les conf\u00e9rences de vente, les rassemblements politiques, les remises de prix et bien plus encore.<\/h4>\n<p>centre<\/p>\n<p><img decoding=\"async\" src=\"https:\/\/corumview.com\/wp-content\/uploads\/2022\/06\/DVR-series.png\" alt=\"\u00c9cran mural vid\u00e9o LED s\u00e9rie DVR\" \/><br \/>\ncomplet<br \/>\n<a href=\"https:\/\/corumview.com\/fr\/produits-daffichage-mural-video-a-led\/ecrans-led-mobiles-de-location\/serie-dvr\/\">https:\/\/corumview.com\/led-video-wall-display-products\/mobile-rental-led-displays\/dvr-series\/<\/a><br \/>\nd\u00e9sactiver<br \/>\ncentre<\/p>\n<h3>S\u00e9rie DVR<\/h3>\n<p><a class=\"button  button_size_2\" href=\"\"         title=\"\"><span class=\"button_label\">Bouton<\/span><\/a>\n<br \/>\ncentre<\/p>\n<p><img decoding=\"async\" src=\"https:\/\/corumview.com\/wp-content\/uploads\/2022\/06\/dvw.png\" alt=\"Mur vid\u00e9o LED s\u00e9rie DVW\" \/><br \/>\ncomplet<br \/>\n<a href=\"https:\/\/corumview.com\/fr\/produits-daffichage-mural-video-a-led\/ecrans-led-mobiles-de-location\/serie-interieure-exterieure-dvw\/\">https:\/\/corumview.com\/led-video-wall-display-products\/mobile-rental-led-displays\/dvw-indoor-outdoor-series\/<\/a><br \/>\nd\u00e9sactiver<br \/>\ncentre<\/p>\n<h3>S\u00e9rie DVW<\/h3>\n<p><a class=\"button  button_size_2\" href=\"\"         title=\"\"><span class=\"button_label\">Bouton<\/span><\/a>\n<br \/>\ncentre<\/p>","protected":false},"excerpt":{"rendered":"<p><span class=\"excerpt-hellip\"> [\u2026]<\/span><\/p>\n","protected":false},"author":1,"featured_media":0,"parent":0,"menu_order":0,"comment_status":"closed","ping_status":"closed","template":"","meta":{"footnotes":""},"class_list":["post-88","page","type-page","status-publish","hentry"],"yoast_head":"<!-- This site is optimized with the Yoast SEO plugin v27.4 - https:\/\/yoast.com\/product\/yoast-seo-wordpress\/ -->\n<title>LED Display Products<\/title>\n<meta name=\"description\" content=\"Our Direct View LED Display Products are perfect for environments like airports, shopping centers, hospitals and so much more.\" \/>\n<meta name=\"robots\" content=\"index, follow, max-snippet:-1, max-image-preview:large, max-video-preview:-1\" \/>\n<link rel=\"canonical\" href=\"https:\/\/corumview.com\/fr\/produits-daffichage-mural-video-a-led\/\" \/>\n<meta property=\"og:locale\" content=\"fr_CA\" \/>\n<meta property=\"og:type\" content=\"article\" \/>\n<meta property=\"og:title\" content=\"LED Display Products\" \/>\n<meta property=\"og:description\" content=\"Our Direct View LED Display Products are perfect for environments like airports, shopping centers, hospitals and so much more.\" \/>\n<meta property=\"og:url\" content=\"https:\/\/corumview.com\/fr\/produits-daffichage-mural-video-a-led\/\" \/>\n<meta property=\"og:site_name\" content=\"Corum View\" \/>\n<meta property=\"article:publisher\" content=\"https:\/\/www.facebook.com\/people\/Corum-View\/100092176959933\/\" \/>\n<meta property=\"article:modified_time\" content=\"2024-11-05T21:00:40+00:00\" \/>\n<meta property=\"og:image\" content=\"https:\/\/corumview.com\/wp-content\/uploads\/2022\/06\/DVC-series.png\" \/>\n<meta name=\"twitter:card\" content=\"summary_large_image\" \/>\n<meta name=\"twitter:site\" content=\"@CorumView\" \/>\n<meta name=\"twitter:label1\" content=\"Estimation du temps de lecture\" \/>\n\t<meta name=\"twitter:data1\" content=\"4 minutes\" \/>\n<script type=\"application\/ld+json\" class=\"yoast-schema-graph\">{\"@context\":\"https:\\\/\\\/schema.org\",\"@graph\":[{\"@type\":\"WebPage\",\"@id\":\"https:\\\/\\\/corumview.com\\\/led-video-wall-display-products\\\/\",\"url\":\"https:\\\/\\\/corumview.com\\\/led-video-wall-display-products\\\/\",\"name\":\"LED Display Products\",\"isPartOf\":{\"@id\":\"https:\\\/\\\/corumview.com\\\/#website\"},\"primaryImageOfPage\":{\"@id\":\"https:\\\/\\\/corumview.com\\\/led-video-wall-display-products\\\/#primaryimage\"},\"image\":{\"@id\":\"https:\\\/\\\/corumview.com\\\/led-video-wall-display-products\\\/#primaryimage\"},\"thumbnailUrl\":\"https:\\\/\\\/corumview.com\\\/wp-content\\\/uploads\\\/2022\\\/06\\\/DVC-series.png\",\"datePublished\":\"2022-03-09T19:27:25+00:00\",\"dateModified\":\"2024-11-05T21:00:40+00:00\",\"description\":\"Our Direct View LED Display Products are perfect for environments like airports, shopping centers, hospitals and so much more.\",\"breadcrumb\":{\"@id\":\"https:\\\/\\\/corumview.com\\\/led-video-wall-display-products\\\/#breadcrumb\"},\"inLanguage\":\"fr-CA\",\"potentialAction\":[{\"@type\":\"ReadAction\",\"target\":[\"https:\\\/\\\/corumview.com\\\/led-video-wall-display-products\\\/\"]}]},{\"@type\":\"ImageObject\",\"inLanguage\":\"fr-CA\",\"@id\":\"https:\\\/\\\/corumview.com\\\/led-video-wall-display-products\\\/#primaryimage\",\"url\":\"https:\\\/\\\/corumview.com\\\/wp-content\\\/uploads\\\/2022\\\/06\\\/DVC-series.png\",\"contentUrl\":\"https:\\\/\\\/corumview.com\\\/wp-content\\\/uploads\\\/2022\\\/06\\\/DVC-series.png\"},{\"@type\":\"BreadcrumbList\",\"@id\":\"https:\\\/\\\/corumview.com\\\/led-video-wall-display-products\\\/#breadcrumb\",\"itemListElement\":[{\"@type\":\"ListItem\",\"position\":1,\"name\":\"Home\",\"item\":\"https:\\\/\\\/corumview.com\\\/\"},{\"@type\":\"ListItem\",\"position\":2,\"name\":\"Products\"}]},{\"@type\":\"WebSite\",\"@id\":\"https:\\\/\\\/corumview.com\\\/#website\",\"url\":\"https:\\\/\\\/corumview.com\\\/\",\"name\":\"Corum View\",\"description\":\"Direct View LED Displays\",\"publisher\":{\"@id\":\"https:\\\/\\\/corumview.com\\\/#organization\"},\"potentialAction\":[{\"@type\":\"SearchAction\",\"target\":{\"@type\":\"EntryPoint\",\"urlTemplate\":\"https:\\\/\\\/corumview.com\\\/?s={search_term_string}\"},\"query-input\":{\"@type\":\"PropertyValueSpecification\",\"valueRequired\":true,\"valueName\":\"search_term_string\"}}],\"inLanguage\":\"fr-CA\"},{\"@type\":\"Organization\",\"@id\":\"https:\\\/\\\/corumview.com\\\/#organization\",\"name\":\"Corum View\",\"url\":\"https:\\\/\\\/corumview.com\\\/\",\"logo\":{\"@type\":\"ImageObject\",\"inLanguage\":\"fr-CA\",\"@id\":\"https:\\\/\\\/corumview.com\\\/#\\\/schema\\\/logo\\\/image\\\/\",\"url\":\"https:\\\/\\\/corumview.com\\\/wp-content\\\/uploads\\\/2022\\\/06\\\/cv-fav.jpg\",\"contentUrl\":\"https:\\\/\\\/corumview.com\\\/wp-content\\\/uploads\\\/2022\\\/06\\\/cv-fav.jpg\",\"width\":260,\"height\":260,\"caption\":\"Corum View\"},\"image\":{\"@id\":\"https:\\\/\\\/corumview.com\\\/#\\\/schema\\\/logo\\\/image\\\/\"},\"sameAs\":[\"https:\\\/\\\/www.facebook.com\\\/people\\\/Corum-View\\\/100092176959933\\\/\",\"https:\\\/\\\/x.com\\\/CorumView\",\"https:\\\/\\\/www.linkedin.com\\\/company\\\/corum-view\\\/\"]}]}<\/script>\n<!-- \/ Yoast SEO plugin. -->","yoast_head_json":{"title":"Produits d&#039;affichage LED","description":"Nos produits d&#039;affichage LED \u00e0 vue directe sont parfaits pour les environnements tels que les a\u00e9roports, les centres commerciaux, les h\u00f4pitaux et bien plus encore.","robots":{"index":"index","follow":"follow","max-snippet":"max-snippet:-1","max-image-preview":"max-image-preview:large","max-video-preview":"max-video-preview:-1"},"canonical":"https:\/\/corumview.com\/fr\/produits-daffichage-mural-video-a-led\/","og_locale":"fr_CA","og_type":"article","og_title":"LED Display Products","og_description":"Our Direct View LED Display Products are perfect for environments like airports, shopping centers, hospitals and so much more.","og_url":"https:\/\/corumview.com\/fr\/produits-daffichage-mural-video-a-led\/","og_site_name":"Corum View","article_publisher":"https:\/\/www.facebook.com\/people\/Corum-View\/100092176959933\/","article_modified_time":"2024-11-05T21:00:40+00:00","og_image":[{"url":"https:\/\/corumview.com\/wp-content\/uploads\/2022\/06\/DVC-series.png","type":"","width":"","height":""}],"twitter_card":"summary_large_image","twitter_site":"@CorumView","twitter_misc":{"Estimation du temps de lecture":"4 minutes"},"schema":{"@context":"https:\/\/schema.org","@graph":[{"@type":"WebPage","@id":"https:\/\/corumview.com\/led-video-wall-display-products\/","url":"https:\/\/corumview.com\/led-video-wall-display-products\/","name":"Produits d&#039;affichage LED","isPartOf":{"@id":"https:\/\/corumview.com\/#website"},"primaryImageOfPage":{"@id":"https:\/\/corumview.com\/led-video-wall-display-products\/#primaryimage"},"image":{"@id":"https:\/\/corumview.com\/led-video-wall-display-products\/#primaryimage"},"thumbnailUrl":"https:\/\/corumview.com\/wp-content\/uploads\/2022\/06\/DVC-series.png","datePublished":"2022-03-09T19:27:25+00:00","dateModified":"2024-11-05T21:00:40+00:00","description":"Nos produits d&#039;affichage LED \u00e0 vue directe sont parfaits pour les environnements tels que les a\u00e9roports, les centres commerciaux, les h\u00f4pitaux et bien plus encore.","breadcrumb":{"@id":"https:\/\/corumview.com\/led-video-wall-display-products\/#breadcrumb"},"inLanguage":"fr-CA","potentialAction":[{"@type":"ReadAction","target":["https:\/\/corumview.com\/led-video-wall-display-products\/"]}]},{"@type":"ImageObject","inLanguage":"fr-CA","@id":"https:\/\/corumview.com\/led-video-wall-display-products\/#primaryimage","url":"https:\/\/corumview.com\/wp-content\/uploads\/2022\/06\/DVC-series.png","contentUrl":"https:\/\/corumview.com\/wp-content\/uploads\/2022\/06\/DVC-series.png"},{"@type":"BreadcrumbList","@id":"https:\/\/corumview.com\/led-video-wall-display-products\/#breadcrumb","itemListElement":[{"@type":"ListItem","position":1,"name":"Home","item":"https:\/\/corumview.com\/"},{"@type":"ListItem","position":2,"name":"Products"}]},{"@type":"WebSite","@id":"https:\/\/corumview.com\/#website","url":"https:\/\/corumview.com\/","name":"Voir Corum","description":"Affichages LED \u00e0 vue directe","publisher":{"@id":"https:\/\/corumview.com\/#organization"},"potentialAction":[{"@type":"SearchAction","target":{"@type":"EntryPoint","urlTemplate":"https:\/\/corumview.com\/?s={search_term_string}"},"query-input":{"@type":"PropertyValueSpecification","valueRequired":true,"valueName":"search_term_string"}}],"inLanguage":"fr-CA"},{"@type":"Organization","@id":"https:\/\/corumview.com\/#organization","name":"Voir Corum","url":"https:\/\/corumview.com\/","logo":{"@type":"ImageObject","inLanguage":"fr-CA","@id":"https:\/\/corumview.com\/#\/schema\/logo\/image\/","url":"https:\/\/corumview.com\/wp-content\/uploads\/2022\/06\/cv-fav.jpg","contentUrl":"https:\/\/corumview.com\/wp-content\/uploads\/2022\/06\/cv-fav.jpg","width":260,"height":260,"caption":"Corum View"},"image":{"@id":"https:\/\/corumview.com\/#\/schema\/logo\/image\/"},"sameAs":["https:\/\/www.facebook.com\/people\/Corum-View\/100092176959933\/","https:\/\/x.com\/CorumView","https:\/\/www.linkedin.com\/company\/corum-view\/"]}]}},"_links":{"self":[{"href":"https:\/\/corumview.com\/fr\/wp-json\/wp\/v2\/pages\/88","targetHints":{"allow":["GET"]}}],"collection":[{"href":"https:\/\/corumview.com\/fr\/wp-json\/wp\/v2\/pages"}],"about":[{"href":"https:\/\/corumview.com\/fr\/wp-json\/wp\/v2\/types\/page"}],"author":[{"embeddable":true,"href":"https:\/\/corumview.com\/fr\/wp-json\/wp\/v2\/users\/1"}],"replies":[{"embeddable":true,"href":"https:\/\/corumview.com\/fr\/wp-json\/wp\/v2\/comments?post=88"}],"version-history":[{"count":20,"href":"https:\/\/corumview.com\/fr\/wp-json\/wp\/v2\/pages\/88\/revisions"}],"predecessor-version":[{"id":11085,"href":"https:\/\/corumview.com\/fr\/wp-json\/wp\/v2\/pages\/88\/revisions\/11085"}],"wp:attachment":[{"href":"https:\/\/corumview.com\/fr\/wp-json\/wp\/v2\/media?parent=88"}],"curies":[{"name":"wp","href":"https:\/\/api.w.org\/{rel}","templated":true}]}}