{"id":94,"date":"2022-03-09T19:28:37","date_gmt":"2022-03-09T19:28:37","guid":{"rendered":"https:\/\/corumview.com\/?page_id=94"},"modified":"2025-10-27T20:12:12","modified_gmt":"2025-10-27T20:12:12","slug":"contact","status":"publish","type":"page","link":"https:\/\/corumview.com\/fr\/contact\/","title":{"rendered":"Contact"},"content":{"rendered":"<h6>Contact<\/h6>\n<p>&nbsp;<\/p>\n<h4>Contactez-nous pour plus d&#039;informations sur les \u00e9crans LED Direct View, notre formation et notre assistance.<\/h4>\n<p>centre<br \/>\nfondu<\/p>\n<h1>Contacter Corum View \u2013 \u00c9crans LED<\/h1>\n<p>&nbsp;<\/p>\n<h2>Vous avez une question sur les \u00e9crans LED Direct View ou souhaitez en savoir plus pour votre projet sp\u00e9cifique ? Envoyez-nous un message ou appelez-nous aujourd&#039;hui.<\/h2>\n<p>centre<\/p>\n<h4>Si\u00e8ge social<\/h4>\n<p>2501 Rutherford Road, unit\u00e9 33Concord, OntarioCanada L4K 2N6<br \/>\nTitre + description<br \/>\ngauche<br \/>\n#ecf6ff<br \/>\nauto<br \/>\n#ecf6ff<br \/>\n8px 8px 8px 8px<\/p>\n<h4>Emplacement aux \u00c9tats-Unis<\/h4>\n<p>30255, chemin Beverly, unit\u00e9 200<\/p>\n<p>Romulus, Michigan<\/p>\n<p>\u00c9tats-Unis 48174<br \/>\nTitre + description<br \/>\ngauche<br \/>\n#f5eff9<br \/>\nauto<br \/>\n#f5eff9<br \/>\n8px 8px 8px 8px<\/p>\n<h4>Bureau de recherche et d\u00e9veloppement<\/h4>\n<p>2892 Kew DriveWindsor, OntarioCanada N9A 6J3<br \/>\nTitre + description<br \/>\ngauche<br \/>\n#ecf6ff<br \/>\nauto<br \/>\n#ecf6ff<br \/>\n8px 8px 8px 8px<\/p>\n<h4>Contact<\/h4>\n<p>Ventes: <a href=\"tel:800-561-7525\">800-561-7525<\/a><\/p>\n<p>Soutien <a href=\"tel:877-496-1757\">877-496-1757<\/a><\/p>\n<p><a href=\"mailto:info@corumview.com\" data-no-translation=\"\">Info@corumview.com<\/a><br \/>\nTitre + description<br \/>\ngauche<br \/>\n#f5eff9<br \/>\nauto<br \/>\n#f5eff9<br \/>\n8px 8px 8px 8px<\/p>","protected":false},"excerpt":{"rendered":"<p><span class=\"excerpt-hellip\"> [\u2026]<\/span><\/p>\n","protected":false},"author":1,"featured_media":0,"parent":0,"menu_order":0,"comment_status":"closed","ping_status":"closed","template":"","meta":{"footnotes":""},"class_list":["post-94","page","type-page","status-publish","hentry"],"yoast_head":"<!-- This site is optimized with the Yoast SEO plugin v27.4 - https:\/\/yoast.com\/product\/yoast-seo-wordpress\/ -->\n<title>Contact CorumView - LED Displays<\/title>\n<meta name=\"description\" content=\"Have a question about Direct View LED Displays or want to learn more for your specific project? Send us a message or call us today.\" \/>\n<meta name=\"robots\" content=\"index, follow, max-snippet:-1, max-image-preview:large, max-video-preview:-1\" \/>\n<link rel=\"canonical\" href=\"https:\/\/corumview.com\/fr\/contact\/\" \/>\n<meta property=\"og:locale\" content=\"fr_CA\" \/>\n<meta property=\"og:type\" content=\"article\" \/>\n<meta property=\"og:title\" content=\"Contact CorumView - LED Displays\" \/>\n<meta property=\"og:description\" content=\"Have a question about Direct View LED Displays or want to learn more for your specific project? Send us a message or call us today.\" \/>\n<meta property=\"og:url\" content=\"https:\/\/corumview.com\/fr\/contact\/\" \/>\n<meta property=\"og:site_name\" content=\"Corum View\" \/>\n<meta property=\"article:publisher\" content=\"https:\/\/www.facebook.com\/people\/Corum-View\/100092176959933\/\" \/>\n<meta property=\"article:modified_time\" content=\"2025-10-27T20:12:12+00:00\" \/>\n<meta name=\"twitter:card\" content=\"summary_large_image\" \/>\n<meta name=\"twitter:site\" content=\"@CorumView\" \/>\n<meta name=\"twitter:label1\" content=\"Estimation du temps de lecture\" \/>\n\t<meta name=\"twitter:data1\" content=\"1 minute\" \/>\n<script type=\"application\/ld+json\" class=\"yoast-schema-graph\">{\"@context\":\"https:\\\/\\\/schema.org\",\"@graph\":[{\"@type\":\"WebPage\",\"@id\":\"https:\\\/\\\/corumview.com\\\/contact\\\/\",\"url\":\"https:\\\/\\\/corumview.com\\\/contact\\\/\",\"name\":\"Contact CorumView - LED Displays\",\"isPartOf\":{\"@id\":\"https:\\\/\\\/corumview.com\\\/#website\"},\"datePublished\":\"2022-03-09T19:28:37+00:00\",\"dateModified\":\"2025-10-27T20:12:12+00:00\",\"description\":\"Have a question about Direct View LED Displays or want to learn more for your specific project? Send us a message or call us today.\",\"breadcrumb\":{\"@id\":\"https:\\\/\\\/corumview.com\\\/contact\\\/#breadcrumb\"},\"inLanguage\":\"fr-CA\",\"potentialAction\":[{\"@type\":\"ReadAction\",\"target\":[\"https:\\\/\\\/corumview.com\\\/contact\\\/\"]}]},{\"@type\":\"BreadcrumbList\",\"@id\":\"https:\\\/\\\/corumview.com\\\/contact\\\/#breadcrumb\",\"itemListElement\":[{\"@type\":\"ListItem\",\"position\":1,\"name\":\"Home\",\"item\":\"https:\\\/\\\/corumview.com\\\/\"},{\"@type\":\"ListItem\",\"position\":2,\"name\":\"Contact\"}]},{\"@type\":\"WebSite\",\"@id\":\"https:\\\/\\\/corumview.com\\\/#website\",\"url\":\"https:\\\/\\\/corumview.com\\\/\",\"name\":\"Corum View\",\"description\":\"Direct View LED Displays\",\"publisher\":{\"@id\":\"https:\\\/\\\/corumview.com\\\/#organization\"},\"potentialAction\":[{\"@type\":\"SearchAction\",\"target\":{\"@type\":\"EntryPoint\",\"urlTemplate\":\"https:\\\/\\\/corumview.com\\\/?s={search_term_string}\"},\"query-input\":{\"@type\":\"PropertyValueSpecification\",\"valueRequired\":true,\"valueName\":\"search_term_string\"}}],\"inLanguage\":\"fr-CA\"},{\"@type\":\"Organization\",\"@id\":\"https:\\\/\\\/corumview.com\\\/#organization\",\"name\":\"Corum View\",\"url\":\"https:\\\/\\\/corumview.com\\\/\",\"logo\":{\"@type\":\"ImageObject\",\"inLanguage\":\"fr-CA\",\"@id\":\"https:\\\/\\\/corumview.com\\\/#\\\/schema\\\/logo\\\/image\\\/\",\"url\":\"https:\\\/\\\/corumview.com\\\/wp-content\\\/uploads\\\/2022\\\/06\\\/cv-fav.jpg\",\"contentUrl\":\"https:\\\/\\\/corumview.com\\\/wp-content\\\/uploads\\\/2022\\\/06\\\/cv-fav.jpg\",\"width\":260,\"height\":260,\"caption\":\"Corum View\"},\"image\":{\"@id\":\"https:\\\/\\\/corumview.com\\\/#\\\/schema\\\/logo\\\/image\\\/\"},\"sameAs\":[\"https:\\\/\\\/www.facebook.com\\\/people\\\/Corum-View\\\/100092176959933\\\/\",\"https:\\\/\\\/x.com\\\/CorumView\",\"https:\\\/\\\/www.linkedin.com\\\/company\\\/corum-view\\\/\"]}]}<\/script>\n<!-- \/ Yoast SEO plugin. -->","yoast_head_json":{"title":"Contactez CorumView - \u00c9crans LED","description":"Vous avez une question sur les \u00e9crans LED Direct View ou souhaitez en savoir plus pour votre projet sp\u00e9cifique ? Envoyez-nous un message ou appelez-nous aujourd&#039;hui.","robots":{"index":"index","follow":"follow","max-snippet":"max-snippet:-1","max-image-preview":"max-image-preview:large","max-video-preview":"max-video-preview:-1"},"canonical":"https:\/\/corumview.com\/fr\/contact\/","og_locale":"fr_CA","og_type":"article","og_title":"Contact CorumView - LED Displays","og_description":"Have a question about Direct View LED Displays or want to learn more for your specific project? Send us a message or call us today.","og_url":"https:\/\/corumview.com\/fr\/contact\/","og_site_name":"Corum View","article_publisher":"https:\/\/www.facebook.com\/people\/Corum-View\/100092176959933\/","article_modified_time":"2025-10-27T20:12:12+00:00","twitter_card":"summary_large_image","twitter_site":"@CorumView","twitter_misc":{"Estimation du temps de lecture":"1 minute"},"schema":{"@context":"https:\/\/schema.org","@graph":[{"@type":"WebPage","@id":"https:\/\/corumview.com\/contact\/","url":"https:\/\/corumview.com\/contact\/","name":"Contactez CorumView - \u00c9crans LED","isPartOf":{"@id":"https:\/\/corumview.com\/#website"},"datePublished":"2022-03-09T19:28:37+00:00","dateModified":"2025-10-27T20:12:12+00:00","description":"Vous avez une question sur les \u00e9crans LED Direct View ou souhaitez en savoir plus pour votre projet sp\u00e9cifique ? Envoyez-nous un message ou appelez-nous aujourd&#039;hui.","breadcrumb":{"@id":"https:\/\/corumview.com\/contact\/#breadcrumb"},"inLanguage":"fr-CA","potentialAction":[{"@type":"ReadAction","target":["https:\/\/corumview.com\/contact\/"]}]},{"@type":"BreadcrumbList","@id":"https:\/\/corumview.com\/contact\/#breadcrumb","itemListElement":[{"@type":"ListItem","position":1,"name":"Home","item":"https:\/\/corumview.com\/"},{"@type":"ListItem","position":2,"name":"Contact"}]},{"@type":"WebSite","@id":"https:\/\/corumview.com\/#website","url":"https:\/\/corumview.com\/","name":"Voir Corum","description":"Affichages LED \u00e0 vue directe","publisher":{"@id":"https:\/\/corumview.com\/#organization"},"potentialAction":[{"@type":"SearchAction","target":{"@type":"EntryPoint","urlTemplate":"https:\/\/corumview.com\/?s={search_term_string}"},"query-input":{"@type":"PropertyValueSpecification","valueRequired":true,"valueName":"search_term_string"}}],"inLanguage":"fr-CA"},{"@type":"Organization","@id":"https:\/\/corumview.com\/#organization","name":"Voir Corum","url":"https:\/\/corumview.com\/","logo":{"@type":"ImageObject","inLanguage":"fr-CA","@id":"https:\/\/corumview.com\/#\/schema\/logo\/image\/","url":"https:\/\/corumview.com\/wp-content\/uploads\/2022\/06\/cv-fav.jpg","contentUrl":"https:\/\/corumview.com\/wp-content\/uploads\/2022\/06\/cv-fav.jpg","width":260,"height":260,"caption":"Corum View"},"image":{"@id":"https:\/\/corumview.com\/#\/schema\/logo\/image\/"},"sameAs":["https:\/\/www.facebook.com\/people\/Corum-View\/100092176959933\/","https:\/\/x.com\/CorumView","https:\/\/www.linkedin.com\/company\/corum-view\/"]}]}},"_links":{"self":[{"href":"https:\/\/corumview.com\/fr\/wp-json\/wp\/v2\/pages\/94","targetHints":{"allow":["GET"]}}],"collection":[{"href":"https:\/\/corumview.com\/fr\/wp-json\/wp\/v2\/pages"}],"about":[{"href":"https:\/\/corumview.com\/fr\/wp-json\/wp\/v2\/types\/page"}],"author":[{"embeddable":true,"href":"https:\/\/corumview.com\/fr\/wp-json\/wp\/v2\/users\/1"}],"replies":[{"embeddable":true,"href":"https:\/\/corumview.com\/fr\/wp-json\/wp\/v2\/comments?post=94"}],"version-history":[{"count":7,"href":"https:\/\/corumview.com\/fr\/wp-json\/wp\/v2\/pages\/94\/revisions"}],"predecessor-version":[{"id":10862,"href":"https:\/\/corumview.com\/fr\/wp-json\/wp\/v2\/pages\/94\/revisions\/10862"}],"wp:attachment":[{"href":"https:\/\/corumview.com\/fr\/wp-json\/wp\/v2\/media?parent=94"}],"curies":[{"name":"wp","href":"https:\/\/api.w.org\/{rel}","templated":true}]}}